{"id":104,"date":"2012-01-11T11:46:41","date_gmt":"2012-01-11T11:46:41","guid":{"rendered":"http:\/\/www.aze-tuning.de\/tuning-shop\/?page_id=104"},"modified":"2021-02-18T15:36:23","modified_gmt":"2021-02-18T15:36:23","slug":"eibach-b12-fahrwerk","status":"publish","type":"page","link":"https:\/\/www.aze-tuning.de\/tuning-shop\/eibach-b12-fahrwerk\/","title":{"rendered":"Eibach B12 Fahrwerk"},"content":{"rendered":"\n<div class=\"all_products_header\"><a href=\"..\/..\/Fahrwerkstechnik\/Sportfahrwerke\/?manufacturer=0dc48d67aac04b168c9ebb4b573d07e1&#038;order=name-asc&#038;p=1\">B12 Fahrwerke von Eibach <u>durchsuchen<\/u> \u2794 <\/a><\/div>\n\n\n\n<h2>Eibach B12 Fahrwerk<\/h2>\n<p>Mit dem <strong>B12 Fahrwerk<\/strong> haben es Eibach und Bilstein geschafft ein Fahrwerk zu entwickeln, das seines gleichen sucht.<\/p>\n<p>Wenn sich zwei Hochkar\u00e4ter der Tuning und Fahrwerkstechnik zusammenschlie\u00dfen, entsteht ein Sportfahrwerk, das ein nie dagewesenes Fahrgef\u00fchl vermittelt und die Stra\u00dfenperformance<br \/>Ihres Wagens optimal verbessert.<br \/>Mit Bilstein hat Eibach einen Partner gefunden, der ebenso durch jahrelange Motorsporterfahrung gl\u00e4nzt und diese gekonnt in die Stra\u00dfenversion integrierte.<\/p>\n<iframe loading=\"lazy\" width=\"560\" height=\"315\" src=\"https:\/\/www.youtube.com\/embed\/kU0TRH6rr8s?controls=0\" frameborder=\"0\" allow=\"accelerometer; autoplay; clipboard-write; encrypted-media; gyroscope; picture-in-picture\" allowfullscreen><\/iframe><br \/>\n<br \/><br \/><h2>Eibach Pro-Kit Sportfahrwerk im AZE Hammelburg Shop kaufen<\/h2>\n<p>Mit dem Eibach B12 Pro-Kit und dem <strong>Eibach B12 Sportsline Sportfahrwerk<\/strong> ist es den Unternehmen gelungen Fahrdynamik und Sportlichkeit mit Fahrkomfort und einer satten Tieferlegung zu vereinen.<br \/>Die Fahrwerks- Einstellung des Eibach B12 Pro-Kit und dem <em>Eibach B12 Sportsline<\/em> Fahrwerk wurde nicht wie bei herk\u00f6mmlichen Sportfahrwerken im Labor getestet, sondern mit unz\u00e4hligen Fahrversuchen auf den Stra\u00dfen und Rennstrecken dieser Welt.<br \/>So entstand ein Eibach- Bilstein Sportfahrwerk, das durch pr\u00e4zises Ansprechverhalten, exzellente Fahrdynamik und enorme Sicherheitsreserven seine Konkurrenten hinter sich l\u00e4sst.<br \/>Das Eibach B12 Pro-Kit, das in Zusammenarbeit mit Bilstein gefertigt&nbsp; wird, besitzt eine gleichm\u00e4\u00dfige Tieferlegung um 40mm, die durch die Verwendung von progressiven Sportfedern aus dem Hause Eibach erreicht wird. F\u00fcr die n\u00f6tige Stabilit\u00e4t des B12 Pro-Kit Fahrwerkes sorgen die Bilstein Gasdrucksto\u00dfd\u00e4mpfer, die mit ihrer Einrohr Upside-Down Technologie das B12 Fahrwerk harmonisch kombinieren. Durch die perfekt aufeinander abgestimmten Komponenten erreicht das <strong>Eibach B12 Pro-Kit Sportfahrwerk<\/strong> eine derartige Wertigkeit, die man bei den Namen Eibach und Bilstein auch erwarten kann.<\/p>\n<h3>Weiterentwicklung des Eibach B12 Fahrwerks<\/h3>\n<p>Auch das <em>Eibach B12 Sportsline Fahrwerk<\/em> besitzt alle markanten Merkmale, die auch im <strong>Eibach B12 Pro-Kit<\/strong> verbaut werden. Zus\u00e4tzlich entwickelte Eibach f\u00fcr das B12 Sportsline Fahrwerk eine spezielle Feder, die die Fahrzeugtiefe und somit auch den Schwerpunkt auf 50 mm senkt, dies sind 10 mm mehr als beim Eibach- Bilstein B12 Pro-Kit, die sich in der Fahrdynamik und Performance wiederspiegeln.<br \/>Das millimetergenau pr\u00e4zise Ansprechverhalten, die&nbsp; sportlich sch\u00f6ne tiefergelegte Optik und die progressive Fahrwerkscharakteristik machen das Eibach B12 Pro-Kit und das Eibach B12 <strong>Sportsline Sportfahrwerk<\/strong> zu einer Klasse f\u00fcr sich.<\/p>\n<p><strong>Bilstein und Eibach, Performance hoch 2<\/strong><\/p>\n\n\n\n<div class=\"col_right\"><\/div>\n\n\n\n\n\n<div class=\"col_footer\">&nbsp;<\/div>\n","protected":false},"excerpt":{"rendered":"<p>B12 Fahrwerke von Eibach durchsuchen \u2794 Eibach B12 Fahrwerk Mit dem B12 Fahrwerk haben es Eibach und Bilstein geschafft ein Fahrwerk zu entwickeln, das seines gleichen sucht. Wenn sich zwei Hochkar\u00e4ter der Tuning und Fahrwerkstechnik zusammenschlie\u00dfen, entsteht ein Sportfahrwerk, das &hellip; <a href=\"https:\/\/www.aze-tuning.de\/tuning-shop\/eibach-b12-fahrwerk\/\">Weiterlesen <span class=\"meta-nav\">&rarr;<\/span><\/a><\/p>\n","protected":false},"author":3,"featured_media":0,"parent":0,"menu_order":0,"comment_status":"closed","ping_status":"closed","template":"","meta":{"_monsterinsights_skip_tracking":false,"_monsterinsights_sitenote_active":false,"_monsterinsights_sitenote_note":"","_monsterinsights_sitenote_category":0,"jetpack_post_was_ever_published":false,"footnotes":""},"class_list":["post-104","page","type-page","status-publish","hentry"],"aioseo_notices":[],"jetpack_shortlink":"https:\/\/wp.me\/P4sq84-1G","jetpack_sharing_enabled":true,"_links":{"self":[{"href":"https:\/\/www.aze-tuning.de\/tuning-shop\/wp-json\/wp\/v2\/pages\/104","targetHints":{"allow":["GET"]}}],"collection":[{"href":"https:\/\/www.aze-tuning.de\/tuning-shop\/wp-json\/wp\/v2\/pages"}],"about":[{"href":"https:\/\/www.aze-tuning.de\/tuning-shop\/wp-json\/wp\/v2\/types\/page"}],"author":[{"embeddable":true,"href":"https:\/\/www.aze-tuning.de\/tuning-shop\/wp-json\/wp\/v2\/users\/3"}],"replies":[{"embeddable":true,"href":"https:\/\/www.aze-tuning.de\/tuning-shop\/wp-json\/wp\/v2\/comments?post=104"}],"version-history":[{"count":17,"href":"https:\/\/www.aze-tuning.de\/tuning-shop\/wp-json\/wp\/v2\/pages\/104\/revisions"}],"predecessor-version":[{"id":757,"href":"https:\/\/www.aze-tuning.de\/tuning-shop\/wp-json\/wp\/v2\/pages\/104\/revisions\/757"}],"wp:attachment":[{"href":"https:\/\/www.aze-tuning.de\/tuning-shop\/wp-json\/wp\/v2\/media?parent=104"}],"curies":[{"name":"wp","href":"https:\/\/api.w.org\/{rel}","templated":true}]}}