{"id":107,"date":"2012-01-11T11:50:31","date_gmt":"2012-01-11T11:50:31","guid":{"rendered":"http:\/\/www.aze-tuning.de\/tuning-shop\/?page_id=107"},"modified":"2021-02-18T16:18:58","modified_gmt":"2021-02-18T16:18:58","slug":"kw-gewindefahrwerk","status":"publish","type":"page","link":"https:\/\/www.aze-tuning.de\/tuning-shop\/kw-gewindefahrwerk\/","title":{"rendered":"KW Gewindefahrwerk"},"content":{"rendered":"\n<div class=\"all_products_header\"><a href=\"..\/..\/Fahrwerkstechnik\/Gewindefahrwerk\/?manufacturer=9d8bf52839034be4b37de18abc496220&#038;order=name-asc&#038;p=1\">Gewindefahrwerke von KW <u>durchsuchen<\/u> \u2794 <\/a><\/div>\n\n\n\n<h2>KW Gewindefahrwerk online bestellen<\/h2>\n<p>Das <a href=\"https:\/\/www.aze-tuning.de\/Fahrwerkstechnik\/Gewindefahrwerk\/?manufacturer=9d8bf52839034be4b37de18abc496220&#038;order=name-asc&#038;p=1\">KW Gewindefahrwerk<\/a> setzt mit seiner Inox-line neue Ma\u00dfst\u00e4be in Sachen Korrosionsschutz.<\/p>\n<p>Die Firma <em>KW Automotive<\/em> begann bereits seit der Unternehmungsgr\u00fcndung im Jahre 1995 den Markt mit Innovativen und <em>qualitativ hochwertigen Gewindefahrwerken<\/em> und Sportfahrwerken aufzumischen.<br \/>Die <strong>KW Gewindefahrwerke<\/strong> wurden von Anfang an in 3 Varianten hergestellt, was dem Kunden die Entscheidung \u00fcberl\u00e4sst, zu entscheiden in wie weit er selber \u00fcber sein die Fahrwerkseinstellung bestimmen m\u00f6chte. Denn je h\u00f6her die Varianten Zahl, desto mehr Einstellm\u00f6glichkeiten besitzt das <strong>KW Gewindefahrwerk<\/strong>.<br \/>Hergestellt wird das <strong>Gewindefahrwerk<\/strong> in 3 Varianten KW Gewindefahrwerk Variante 1, KW Gewindefahrwerk Variante 2 und KW Gewindefahrwerk Variante 3.<br \/>Alle Varianten der <em>KW Gewindefahrwerke<\/em> werden aus hochfestem Edelstahl gefertigt um der Korrosion bestm\u00f6glich Einhalt zu bieten. Daher besitzt jedes KW Gewindefahrwerk noch den Beinamen Inox-line.<\/p>\n<h2>KW Gewindefahrwerk Varianten<\/h2>\n<p>Das <strong>KW Gewindefahrwerk Variante 1<\/strong> besteht aus einem vorkonfigurierten Federbein welches durch die Progressiven Sportfedern dem Fahrer ein un\u00fcbertroffenes Komfortgef\u00fchl bei gleichbleibender Sportlichkeit bietet. Diese Sportlichkeit wird trotz der M\u00f6glichkeit sein <em>KW Gewindefahrwerk<\/em> stark am Gewinde tiefer zu legen durchgehend gew\u00e4hrleistet.<br \/>Das KW Gewindefahrwerk Variante 2 besitzt zudem noch die M\u00f6glichkeit die Zugstufe&nbsp; des Inox-line Federbeines selbstst\u00e4ndig einzustellen um das Setup des KW Gewindefahrwerks selber an die gew\u00fcnschte Stra\u00dfenperformance anzupassen.<br \/>Die <strong>KW Gewindefahrwerke der Variante 3<\/strong> erm\u00f6glichen dem Fahrer selbstst\u00e4ndig die Zug- und Druckstufe seines KW Gewindefahrwerkes einzustellen. Dieses wird dank eines Drehr\u00e4dchens an der D\u00e4mpfer Au\u00dfenseite in mehreren Stufen erm\u00f6glicht. Auch bei dieser Variante des KW Gewindefahrwerks wird auf die bew\u00e4hrte Inox-line Edelstahl Technologie zur\u00fcckgegriffen um das Gewinde des Sportfahrwerkes immer bedienbar zu gestalten.<br \/>Zus\u00e4tzlich zu den bereits erw\u00e4hnten <em>KW Gewindefahrwerken der Variante 1, Variante 2 und der KW Gewindefahrwerk Variante 3<\/em>, entwickelten die KW Suspension Ingenieure noch zwei weitere Varianten das KW Street Comfort und das KW Clubsport Gewindefahrwerk. Das KW Street Comfort&nbsp; Gewindefahrwerk welches den Vielfahrern unter uns ein Maximum an Komfort bei exzellenter Restsicherheit bietet. Und das KW Clubsport Gewindefahrwerk was performanceorientierten Fahrern ein Motorsport Gef\u00fchl gibt was niemand auf der Stra\u00dfe erwarten w\u00fcrde. Das <strong>KW Street Comfort Gewindefahrwerk<\/strong>&nbsp; besitzt neben dem bew\u00e4hrten Inox-line Gewinde auch speziell entwickelte Sportfedern die den komfortorientierten Kunden ein nie da gewesenes Komfortgef\u00fchl vermitteln, welches herk\u00f6mmliche Gewindefahrwerke nicht erreichen.<\/p>\n\n\n\n\n<div class=\"col_right\"><\/div>\n\n\n\n\n\n<div class=\"col_footer\">&nbsp;<\/div>\n","protected":false},"excerpt":{"rendered":"<p>Gewindefahrwerke von KW durchsuchen \u2794 KW Gewindefahrwerk online bestellen Das KW Gewindefahrwerk setzt mit seiner Inox-line neue Ma\u00dfst\u00e4be in Sachen Korrosionsschutz. Die Firma KW Automotive begann bereits seit der Unternehmungsgr\u00fcndung im Jahre 1995 den Markt mit Innovativen und qualitativ hochwertigen &hellip; <a href=\"https:\/\/www.aze-tuning.de\/tuning-shop\/kw-gewindefahrwerk\/\">Weiterlesen <span class=\"meta-nav\">&rarr;<\/span><\/a><\/p>\n","protected":false},"author":3,"featured_media":0,"parent":0,"menu_order":0,"comment_status":"closed","ping_status":"closed","template":"","meta":{"_monsterinsights_skip_tracking":false,"_monsterinsights_sitenote_active":false,"_monsterinsights_sitenote_note":"","_monsterinsights_sitenote_category":0,"jetpack_post_was_ever_published":false,"footnotes":""},"class_list":["post-107","page","type-page","status-publish","hentry"],"aioseo_notices":[],"jetpack_shortlink":"https:\/\/wp.me\/P4sq84-1J","jetpack_sharing_enabled":true,"_links":{"self":[{"href":"https:\/\/www.aze-tuning.de\/tuning-shop\/wp-json\/wp\/v2\/pages\/107","targetHints":{"allow":["GET"]}}],"collection":[{"href":"https:\/\/www.aze-tuning.de\/tuning-shop\/wp-json\/wp\/v2\/pages"}],"about":[{"href":"https:\/\/www.aze-tuning.de\/tuning-shop\/wp-json\/wp\/v2\/types\/page"}],"author":[{"embeddable":true,"href":"https:\/\/www.aze-tuning.de\/tuning-shop\/wp-json\/wp\/v2\/users\/3"}],"replies":[{"embeddable":true,"href":"https:\/\/www.aze-tuning.de\/tuning-shop\/wp-json\/wp\/v2\/comments?post=107"}],"version-history":[{"count":8,"href":"https:\/\/www.aze-tuning.de\/tuning-shop\/wp-json\/wp\/v2\/pages\/107\/revisions"}],"predecessor-version":[{"id":815,"href":"https:\/\/www.aze-tuning.de\/tuning-shop\/wp-json\/wp\/v2\/pages\/107\/revisions\/815"}],"wp:attachment":[{"href":"https:\/\/www.aze-tuning.de\/tuning-shop\/wp-json\/wp\/v2\/media?parent=107"}],"curies":[{"name":"wp","href":"https:\/\/api.w.org\/{rel}","templated":true}]}}