{"id":113,"date":"2012-01-11T11:58:55","date_gmt":"2012-01-11T11:58:55","guid":{"rendered":"http:\/\/www.aze-tuning.de\/tuning-shop\/?page_id=113"},"modified":"2021-02-18T16:20:01","modified_gmt":"2021-02-18T16:20:01","slug":"kw-sportstossdaempfer","status":"publish","type":"page","link":"https:\/\/www.aze-tuning.de\/tuning-shop\/kw-sportstossdaempfer\/","title":{"rendered":"KW Sportsto\u00dfd\u00e4mpfer"},"content":{"rendered":"\n<div class=\"all_products_header\"><a href=\"..\/..\/Fahrwerkstechnik\/Sportstossdaempfer\/?manufacturer=ea35785d4b17413d8dd8f299d00f9d29&#038;order=name-asc&#038;p=1\">Sportsto\u00dfd\u00e4mpfer von KW <u>durchsuchen<\/u> \u2794 <\/a><\/div>\n\n\n\n<h2>KW Sportsto\u00dfd\u00e4mpfer<\/h2>\n<p>Die KW Sportsto\u00dfd\u00e4mpfer bieten die passende Performance die Serien Sto\u00dfd\u00e4mpfer nicht erf\u00fcllen.<\/p>\n<p>Die KW Suspension Ingenieure entwickelten die <strong>KW Sportsto\u00dfd\u00e4mpfer<\/strong> speziell f\u00fcr den t\u00e4glichen Einsatz im Stra\u00dfenverkehr. Dennoch war den Entwicklern der KW Sto\u00dfd\u00e4mpfer die sportliche D\u00e4mpferabstimmung und Kennlinie enorm wichtig.<br \/>Durch die M\u00f6glichkeit auch <a href=\"https:\/\/www.aze-tuning.de\/Fahrwerkstechnik\/Sportfahrwerke\/\">Tieferlegungsfedern<\/a> mit den KW Sportsto\u00dfd\u00e4mpfern zu kombinieren, wurden die Kolbenstangen dementsprechend eingek\u00fcrzt um ein Herausfallen der Feder zu verhindern. Dieses System der gek\u00fcrzten Kolbenstange bei Sportsto\u00dfd\u00e4mpfern nennt sich Rebound.<br \/>In der perfekte Abstimmung der KW Sto\u00dfd\u00e4mpfern&nbsp; sp\u00fcrt man die jahrelange Erfahrung der KW Suspension Ingenieure und Entwickler im Bereich Fahrwerksentwicklung und Motorsport.<\/p>\n<h2>KW Sto\u00dfd\u00e4mpfer<\/h2>\n<p>Die Technik der <em>KW Sportsto\u00dfd\u00e4mpfer<\/em> besteht aus 2-Rohr Gasdruckd\u00e4mpfer welche mit Korrosionssicherem Chrom \u00fcberzogenen Kolbenstangen ausgestattet sind. Diese wurde um die Reibung noch zus\u00e4tzlich zu reduzieren sogar mit Teflon \u00fcberzogen.<br \/>Das Monoblock F\u00fchrungs- und Dichtungspaket erh\u00f6ht die Druckbest\u00e4ndigkeit und reduziert die Reibung. Durch dieses innovative System steigt die Leistungsf\u00e4higkeit der KW Sto\u00dfd\u00e4mpfer enorm im Vergleich zu anderen <strong>Sportsto\u00dfd\u00e4mpfern<\/strong> die nicht im Hause KW gefertigt werden.<br \/>Durch diese hochwertigen Komponenten und der reibungsarmen Konstruktion erreichen die <strong>KW Sto\u00dfd\u00e4mpfer<\/strong> auch bei sehr hohen Temperaturen eine ideale Stra\u00dfenperformance.<br \/>Ein gro\u00dfer Teil der KW Sto\u00dfd\u00e4mpfer f\u00fcr die Hinterachse wurden mit Nuten versehen, diese Nuten erm\u00f6glichen es dem Kunden den hinteren Federteller der gew\u00fcnschten Fahrzeugh\u00f6he anzupassen.<br \/>Die KW Sto\u00dfd\u00e4mpfer sind die erste Wahl bei Sportsto\u00dfd\u00e4mpfern.<\/p>\n\n\n\n<div class=\"col_right\"><\/div>\n\n\n\n\n\n<div class=\"col_footer\">&nbsp;<\/div>\n","protected":false},"excerpt":{"rendered":"<p>Sportsto\u00dfd\u00e4mpfer von KW durchsuchen \u2794 KW Sportsto\u00dfd\u00e4mpfer Die KW Sportsto\u00dfd\u00e4mpfer bieten die passende Performance die Serien Sto\u00dfd\u00e4mpfer nicht erf\u00fcllen. Die KW Suspension Ingenieure entwickelten die KW Sportsto\u00dfd\u00e4mpfer speziell f\u00fcr den t\u00e4glichen Einsatz im Stra\u00dfenverkehr. Dennoch war den Entwicklern der KW &hellip; <a href=\"https:\/\/www.aze-tuning.de\/tuning-shop\/kw-sportstossdaempfer\/\">Weiterlesen <span class=\"meta-nav\">&rarr;<\/span><\/a><\/p>\n","protected":false},"author":3,"featured_media":0,"parent":0,"menu_order":0,"comment_status":"closed","ping_status":"closed","template":"","meta":{"_monsterinsights_skip_tracking":false,"_monsterinsights_sitenote_active":false,"_monsterinsights_sitenote_note":"","_monsterinsights_sitenote_category":0,"jetpack_post_was_ever_published":false,"footnotes":""},"class_list":["post-113","page","type-page","status-publish","hentry"],"aioseo_notices":[],"jetpack_shortlink":"https:\/\/wp.me\/P4sq84-1P","jetpack_sharing_enabled":true,"_links":{"self":[{"href":"https:\/\/www.aze-tuning.de\/tuning-shop\/wp-json\/wp\/v2\/pages\/113","targetHints":{"allow":["GET"]}}],"collection":[{"href":"https:\/\/www.aze-tuning.de\/tuning-shop\/wp-json\/wp\/v2\/pages"}],"about":[{"href":"https:\/\/www.aze-tuning.de\/tuning-shop\/wp-json\/wp\/v2\/types\/page"}],"author":[{"embeddable":true,"href":"https:\/\/www.aze-tuning.de\/tuning-shop\/wp-json\/wp\/v2\/users\/3"}],"replies":[{"embeddable":true,"href":"https:\/\/www.aze-tuning.de\/tuning-shop\/wp-json\/wp\/v2\/comments?post=113"}],"version-history":[{"count":9,"href":"https:\/\/www.aze-tuning.de\/tuning-shop\/wp-json\/wp\/v2\/pages\/113\/revisions"}],"predecessor-version":[{"id":816,"href":"https:\/\/www.aze-tuning.de\/tuning-shop\/wp-json\/wp\/v2\/pages\/113\/revisions\/816"}],"wp:attachment":[{"href":"https:\/\/www.aze-tuning.de\/tuning-shop\/wp-json\/wp\/v2\/media?parent=113"}],"curies":[{"name":"wp","href":"https:\/\/api.w.org\/{rel}","templated":true}]}}