{"id":117,"date":"2012-01-11T12:08:12","date_gmt":"2012-01-11T12:08:12","guid":{"rendered":"http:\/\/www.aze-tuning.de\/tuning-shop\/?page_id=117"},"modified":"2021-02-18T16:23:40","modified_gmt":"2021-02-18T16:23:40","slug":"kw-tuning","status":"publish","type":"page","link":"https:\/\/www.aze-tuning.de\/tuning-shop\/kw-tuning\/","title":{"rendered":"KW Tuning"},"content":{"rendered":"\n<div class=\"all_products_header\"><a href=\"..\/..\/Fahrwerkstechnik\/?manufacturer=9d8bf52839034be4b37de18abc496220&#038;order=name-asc&#038;p=1\">KW Tuning <u>durchsuchen<\/u> \u2794 <\/a><\/div>\n\n\n\n<h2>KW ist aus dem Tuning nicht mehr weg zu denken.<\/h2>\n<p>Seit vielen Jahren ist <strong>KW Automotive<\/strong> in der Tuning Scene vertreten.<br \/>Durch KW Federn, Sportfedern, <a href=\"https:\/\/www.aze-tuning.de\/Fahrwerkstechnik\/?manufacturer=9d8bf52839034be4b37de18abc496220&#038;order=name-asc&#038;p=1\">KW Tieferlegungsfedern<\/a> bieten sie den Kunden eine passende L\u00f6sung die f\u00fcrs Tuning noch nicht das kapital haben um auf preisintensive Fahrwerke und Gewindefahrwerke zur\u00fcckzugreifen.<br \/>Das Tuning mit <strong>KW Suspension Sportfahrwerke<\/strong> zieht sich durch alle Schichten, da durch die qualitativ hochwertigen Erstausr\u00fcsterqualit\u00e4t auch Kunden angesprochen werden die bisher auf Sportfahrwerke verzichteten um die Stra\u00dfenperformance ihrer Neuwagen nicht zu verschlechtern. So schaffte KW auch diejenigen zum Tuning zu bekommen die andere Unternehmen nicht erreichen k\u00f6nnen.<br \/>Das <a href=\"https:\/\/www.aze-tuning.de\/Fahrwerkstechnik\/Gewindefahrwerk\/?manufacturer=9d8bf52839034be4b37de18abc496220&#038;order=name-asc&#038;p=1\">KW Gewindefahrwerk<\/a> ist aus der Tuning Scene nicht mehr wegzudenken. Denn erst mit der Einf\u00fchrung der <strong>KW Gewindefahrwerke<\/strong> begann die Tuning Scene individuell die fahrzeugh\u00f6he an die gefahrene Rad- Reifen- Kombination anzupassen.<\/p>\n<h2>KW Tuning &#8211; Das HLS System<\/h2>\n<p>Die ersten Gewindefahrwerke waren qualitativ miserable und konnten nur einmal eingestellt werden da Flugrost und Korrosion ein weiteres Einstellen unm\u00f6glich machte. Dies versuchen viele Herstellen mit verschiedensten Methoden entgegenzuwirken.<br \/>KW brachte mit ihrer Inox-line die erste wirkliche Alternative zu Standartfahrwerken da sie durch die Verwendung von Edelstahl ein Korrodieren vom Federbein verhinderte.<br \/><strong>KW<\/strong> brachte das Tuning auf ein neues Level, welches KW Jahr f\u00fcr Jahr steigert.<br \/>So ging ein Raunen durch die Tuning Scene als KW sein <strong>HLS System<\/strong> auf den Markt brachte.<br \/>Denn seit es das HLS System auch f\u00fcr Tuner gibt, war es nicht mehr den Edeltuner vorbehalten, Fahrzeuge trotz Verwendung von Gewindefahrwerken um einige cm anzuheben.<br \/>Neben dem Tuning entwickelte <em>KW Automotive<\/em> st\u00e4tig weiter um im Motorsport den Konkurrenten die R\u00fccklichter zu zeigen.<br \/>Tuning und KW geh\u00f6rt unumstritten zusammen.<\/p>\n\n\n\n<div class=\"col_right\"><\/div>\n\n\n\n\n\n<div class=\"col_footer\">&nbsp;<\/div>\n","protected":false},"excerpt":{"rendered":"<p>KW Tuning durchsuchen \u2794 KW ist aus dem Tuning nicht mehr weg zu denken. Seit vielen Jahren ist KW Automotive in der Tuning Scene vertreten.Durch KW Federn, Sportfedern, KW Tieferlegungsfedern bieten sie den Kunden eine passende L\u00f6sung die f\u00fcrs Tuning &hellip; <a href=\"https:\/\/www.aze-tuning.de\/tuning-shop\/kw-tuning\/\">Weiterlesen <span class=\"meta-nav\">&rarr;<\/span><\/a><\/p>\n","protected":false},"author":3,"featured_media":0,"parent":0,"menu_order":0,"comment_status":"closed","ping_status":"closed","template":"","meta":{"_monsterinsights_skip_tracking":false,"_monsterinsights_sitenote_active":false,"_monsterinsights_sitenote_note":"","_monsterinsights_sitenote_category":0,"jetpack_post_was_ever_published":false,"footnotes":""},"class_list":["post-117","page","type-page","status-publish","hentry"],"aioseo_notices":[],"jetpack_shortlink":"https:\/\/wp.me\/P4sq84-1T","jetpack_sharing_enabled":true,"_links":{"self":[{"href":"https:\/\/www.aze-tuning.de\/tuning-shop\/wp-json\/wp\/v2\/pages\/117","targetHints":{"allow":["GET"]}}],"collection":[{"href":"https:\/\/www.aze-tuning.de\/tuning-shop\/wp-json\/wp\/v2\/pages"}],"about":[{"href":"https:\/\/www.aze-tuning.de\/tuning-shop\/wp-json\/wp\/v2\/types\/page"}],"author":[{"embeddable":true,"href":"https:\/\/www.aze-tuning.de\/tuning-shop\/wp-json\/wp\/v2\/users\/3"}],"replies":[{"embeddable":true,"href":"https:\/\/www.aze-tuning.de\/tuning-shop\/wp-json\/wp\/v2\/comments?post=117"}],"version-history":[{"count":10,"href":"https:\/\/www.aze-tuning.de\/tuning-shop\/wp-json\/wp\/v2\/pages\/117\/revisions"}],"predecessor-version":[{"id":820,"href":"https:\/\/www.aze-tuning.de\/tuning-shop\/wp-json\/wp\/v2\/pages\/117\/revisions\/820"}],"wp:attachment":[{"href":"https:\/\/www.aze-tuning.de\/tuning-shop\/wp-json\/wp\/v2\/media?parent=117"}],"curies":[{"name":"wp","href":"https:\/\/api.w.org\/{rel}","templated":true}]}}