{"id":129,"date":"2012-01-11T12:28:05","date_gmt":"2012-01-11T12:28:05","guid":{"rendered":"http:\/\/www.aze-tuning.de\/tuning-shop\/?page_id=129"},"modified":"2021-02-18T16:30:59","modified_gmt":"2021-02-18T16:30:59","slug":"vogtland-sportfahrwerk","status":"publish","type":"page","link":"https:\/\/www.aze-tuning.de\/tuning-shop\/vogtland-sportfahrwerk\/","title":{"rendered":"Vogtland Sportfahrwerk"},"content":{"rendered":"\n<div class=\"all_products_header\"><a href=\"..\/..\/Fahrwerkstechnik\/Sportfahrwerke\/?manufacturer=3300de2b341f4384bca901b7ef3f03fa&#038;order=name-asc&#038;p=1\">Sportfahrwerke von Vogtland <u>durchsuchen<\/u> \u2794 <\/a><\/div>\n\n\n\n<h2>Das Vogtland Sportfahrwerk, perfekte Harmonie zwischen Komfort und Sport<\/h2>\n<p>Mit dem <a href=\"https:\/\/www.aze-tuning.de\/Fahrwerkstechnik\/Sportfahrwerke\/?manufacturer=3300de2b341f4384bca901b7ef3f03fa&#038;order=name-asc&#038;p=1\">Vogtland Sportfahrwerk<\/a> hat der 100 j\u00e4hrige Traditionsunternehmer ein Fahrwerk auf den Markt gebracht welches durch Komfort und Qualit\u00e4t Zeichen setzt.<br \/>Die <strong>Vogtland Sportfahrwerke<\/strong> bestehen aus den gewohnt hochwertigen Vogtland Sto\u00dfd\u00e4mpfern und den progressiven Sportfedern, beide Komponenten sind perfekt aufeinander abgestimmt und generieren ein sportlich Dynamisches Fahrgef\u00fchl in Verbindung mit einer Sportlichen Optik.<br \/>Die Seitenbewegungen bei Kurvenfahrten, die Nickbewegungen beim Bremsten und die Kippbewegungen beim Beschleunigen geh\u00f6ren mit dem <strong>Vogtland Sportfahrwerk<\/strong> der Vergangenheit an. Durch die Speziell entwickelten Sportfedern wurden diese Bewegungen so massiv minimiert das eine sichere und genaue Fahrgef\u00fchl entsteht welches andere Fahrwerke nicht erreichen.<br \/>Das So eingestellte Fahrwerk gibt in jeder Gelegenheit R\u00fcckmeldung \u00fcber den Fahrzustand und schafft eine kraftschl\u00fcssige Fahrdynamik.<br \/>Wie bei allen Fahrwerken im Hause <em>Vogtland<\/em> wurden auch die Vogtland Sportfahrwerke in zeitintensiven Fahrversuchen optimiert und deren Federrate und D\u00e4mpfercharakteristik so berechnet das ein Maximum an Fahrsicherheit gew\u00e4hrleistet ist.<br \/>Welche Sto\u00dfd\u00e4mpfer bei den <em>Vogtland Sportfahrwerken<\/em> verwendet werden richtet sich immer an die Fahrzeugmodelle und deren Fahreigenschaften. Qualitativ hochwertige Gasdruckd\u00e4mpfer oder Sportd\u00e4mpfer im Niedergasdrucksystem der Ein- oder Zweirohrbauweise werden in den Vogtland Fahrwerken verbaut welche 10-15 % h\u00e4rter sind als die serienm\u00e4\u00dfig verbauten Sto\u00dfd\u00e4mpfer.<\/p>\n<h2>Vogtland Sportfahrwerk<\/h2>\n<p>Zus\u00e4tzlich besitzen alle Sto\u00dfd\u00e4mpfer die bei Vogtland Fahrwerken verbaut werden die Rebound Technik die ein Herausspringen der Feder verhindert indem die Kolbenstange im Aushub beschr\u00e4nkt wird.<br \/>Bei einigen Fahrzeugmodellen ist es sogar m\u00f6glich das <em>Vogtland Sportfahrwerk<\/em> im eingebauten Zustand in der H\u00e4rte zu verstellen, um so die Fahrdynamik des Wagens besser anzupassen.<br \/>Durch die Verwendung von speziell im Hause <strong>Vogtland<\/strong> entwickelten und produzierten Sportfedern, besitzen die Vogtland Fahrwerke eine tiefe von 30mm \u2013 50mm was den Fahrzeugschwerpunkt senkt uns somit die Stra\u00dfenperformance erheblich verbessert.<\/p>\n\n\n\n<div class=\"col_right\"><\/div>\n\n\n\n\n\n<div class=\"col_footer\">&nbsp;<\/div>\n","protected":false},"excerpt":{"rendered":"<p>Sportfahrwerke von Vogtland durchsuchen \u2794 Das Vogtland Sportfahrwerk, perfekte Harmonie zwischen Komfort und Sport Mit dem Vogtland Sportfahrwerk hat der 100 j\u00e4hrige Traditionsunternehmer ein Fahrwerk auf den Markt gebracht welches durch Komfort und Qualit\u00e4t Zeichen setzt.Die Vogtland Sportfahrwerke bestehen aus &hellip; <a href=\"https:\/\/www.aze-tuning.de\/tuning-shop\/vogtland-sportfahrwerk\/\">Weiterlesen <span class=\"meta-nav\">&rarr;<\/span><\/a><\/p>\n","protected":false},"author":3,"featured_media":0,"parent":0,"menu_order":0,"comment_status":"closed","ping_status":"closed","template":"","meta":{"_monsterinsights_skip_tracking":false,"_monsterinsights_sitenote_active":false,"_monsterinsights_sitenote_note":"","_monsterinsights_sitenote_category":0,"jetpack_post_was_ever_published":false,"footnotes":""},"class_list":["post-129","page","type-page","status-publish","hentry"],"aioseo_notices":[],"jetpack_shortlink":"https:\/\/wp.me\/P4sq84-25","jetpack_sharing_enabled":true,"_links":{"self":[{"href":"https:\/\/www.aze-tuning.de\/tuning-shop\/wp-json\/wp\/v2\/pages\/129","targetHints":{"allow":["GET"]}}],"collection":[{"href":"https:\/\/www.aze-tuning.de\/tuning-shop\/wp-json\/wp\/v2\/pages"}],"about":[{"href":"https:\/\/www.aze-tuning.de\/tuning-shop\/wp-json\/wp\/v2\/types\/page"}],"author":[{"embeddable":true,"href":"https:\/\/www.aze-tuning.de\/tuning-shop\/wp-json\/wp\/v2\/users\/3"}],"replies":[{"embeddable":true,"href":"https:\/\/www.aze-tuning.de\/tuning-shop\/wp-json\/wp\/v2\/comments?post=129"}],"version-history":[{"count":7,"href":"https:\/\/www.aze-tuning.de\/tuning-shop\/wp-json\/wp\/v2\/pages\/129\/revisions"}],"predecessor-version":[{"id":828,"href":"https:\/\/www.aze-tuning.de\/tuning-shop\/wp-json\/wp\/v2\/pages\/129\/revisions\/828"}],"wp:attachment":[{"href":"https:\/\/www.aze-tuning.de\/tuning-shop\/wp-json\/wp\/v2\/media?parent=129"}],"curies":[{"name":"wp","href":"https:\/\/api.w.org\/{rel}","templated":true}]}}