{"id":132,"date":"2012-01-11T12:30:15","date_gmt":"2012-01-11T12:30:15","guid":{"rendered":"http:\/\/www.aze-tuning.de\/tuning-shop\/?page_id=132"},"modified":"2021-02-18T16:32:21","modified_gmt":"2021-02-18T16:32:21","slug":"vogtland-sportstossdaempfer","status":"publish","type":"page","link":"https:\/\/www.aze-tuning.de\/tuning-shop\/vogtland-sportstossdaempfer\/","title":{"rendered":"Vogtland Sportsto\u00dfd\u00e4mpfer"},"content":{"rendered":"\n<div class=\"all_products_header\"><a href=\"..\/..\/Fahrwerkstechnik\/Sportfahrwerke\/?manufacturer=3300de2b341f4384bca901b7ef3f03fa&#038;order=name-asc&#038;p=1\">Sportsto\u00dfd\u00e4mpfer von Vogtland <u>durchsuchen<\/u> \u2794 <\/a><\/div>\n\n\n\n<h2>Die Vogtland Sportsto\u00dfd\u00e4mpfer<\/h2>\n<p>Auch die \u00fcber 100 Jahre alte Traditionsfirma <strong>Vogtland<\/strong> versteht sich als Fahrwerksspezialist der seine <strong>Sportsto\u00dfd\u00e4mpfer<\/strong> nicht im eigenen Haus produzieren l\u00e4sst.<br \/>F\u00fcr die Produktion der&nbsp; Vogtland Sto\u00dfd\u00e4mpfer wurde auf einen Namhaften Zulieferer aus Deutschland zur\u00fcckgegriffen, welcher durch jahrelange Erfahrung ein kompetenter Partner f\u00fcr die Spezialisten der Firma Vogtland ist.<br \/>Dieser Hersteller produziert die Vogtland Sto\u00dfd\u00e4mpfer nach deren Vorgaben und Berechnungen.<br \/>Zum Erhalt der richtigen D\u00e4mpfercharakteristik entwickelten die Vogtland Ingenieure \u00fcber Jahre die richtige Kennlinie welche passgenau auf jeden fahrzeugtyp entsprechend angepasst wurde.<br \/>So sind f\u00fcr etliche Fahrzeugmodelle&nbsp; unterschiedliche Sto\u00dfd\u00e4mpfer und Sto\u00dfd\u00e4mpfercharakteristika im Programm, welches Jahr f\u00fcr Jahr w\u00e4chst um auch die neusten Fahrzeugmodelle mit den passenden <strong>Vogtland Sto\u00dfd\u00e4mpfern<\/strong> auszur\u00fcsten.<\/p>\n<h2>Vogtland Sportfahrwerke<\/h2>\n<p>F\u00fcr die Vogtland Sportfahrwerke wurden spezielle Rebound Sto\u00dfd\u00e4mpfer entwickelt, die auch bei weitem Aushub der Kolbenstange ein Rausfliegen der Feder verhindert.<br \/>F\u00fcr die <a href=\"https:\/\/www.aze-tuning.de\/Fahrwerkstechnik\/Gewindefahrwerk\/?manufacturer=3300de2b341f4384bca901b7ef3f03fa&#038;order=name-asc&#038;p=1\">Vogtland Gewindefahrwerken<\/a> wurden speziell Hochleistungs-zwei-Rohr- Sto\u00dfd\u00e4mpfer entwickelt die eine nicht da gewesene Stra\u00dfenperformance garantieren.<br \/>Um einer Korrosion vorzubeugen entschied sich die Vogtland Entwickler daf\u00fcr ihre Vogtland Sto\u00dfd\u00e4mpfer so zu beschichten das Rost und Steinschlag eine Chance hat.<br \/>Alle <em>Vogtland Sto\u00dfd\u00e4mpfer<\/em> wurden so konzipiert das sie Perfekt zu den von Vogtland im eigenen Haus produzierten Sportfedern passen, und eine Top Stra\u00dfenlage versichern die den Fahrspa\u00df auf die Spitze treiben.<\/p>\n\n\n\n<div class=\"col_right\"><\/div>\n\n\n\n\n\n<div class=\"col_footer\">&nbsp;<\/div>\n","protected":false},"excerpt":{"rendered":"<p>Sportsto\u00dfd\u00e4mpfer von Vogtland durchsuchen \u2794 Die Vogtland Sportsto\u00dfd\u00e4mpfer Auch die \u00fcber 100 Jahre alte Traditionsfirma Vogtland versteht sich als Fahrwerksspezialist der seine Sportsto\u00dfd\u00e4mpfer nicht im eigenen Haus produzieren l\u00e4sst.F\u00fcr die Produktion der&nbsp; Vogtland Sto\u00dfd\u00e4mpfer wurde auf einen Namhaften Zulieferer aus &hellip; <a href=\"https:\/\/www.aze-tuning.de\/tuning-shop\/vogtland-sportstossdaempfer\/\">Weiterlesen <span class=\"meta-nav\">&rarr;<\/span><\/a><\/p>\n","protected":false},"author":3,"featured_media":0,"parent":0,"menu_order":0,"comment_status":"closed","ping_status":"closed","template":"","meta":{"_monsterinsights_skip_tracking":false,"_monsterinsights_sitenote_active":false,"_monsterinsights_sitenote_note":"","_monsterinsights_sitenote_category":0,"jetpack_post_was_ever_published":false,"footnotes":""},"class_list":["post-132","page","type-page","status-publish","hentry"],"aioseo_notices":[],"jetpack_shortlink":"https:\/\/wp.me\/P4sq84-28","jetpack_sharing_enabled":true,"_links":{"self":[{"href":"https:\/\/www.aze-tuning.de\/tuning-shop\/wp-json\/wp\/v2\/pages\/132","targetHints":{"allow":["GET"]}}],"collection":[{"href":"https:\/\/www.aze-tuning.de\/tuning-shop\/wp-json\/wp\/v2\/pages"}],"about":[{"href":"https:\/\/www.aze-tuning.de\/tuning-shop\/wp-json\/wp\/v2\/types\/page"}],"author":[{"embeddable":true,"href":"https:\/\/www.aze-tuning.de\/tuning-shop\/wp-json\/wp\/v2\/users\/3"}],"replies":[{"embeddable":true,"href":"https:\/\/www.aze-tuning.de\/tuning-shop\/wp-json\/wp\/v2\/comments?post=132"}],"version-history":[{"count":10,"href":"https:\/\/www.aze-tuning.de\/tuning-shop\/wp-json\/wp\/v2\/pages\/132\/revisions"}],"predecessor-version":[{"id":830,"href":"https:\/\/www.aze-tuning.de\/tuning-shop\/wp-json\/wp\/v2\/pages\/132\/revisions\/830"}],"wp:attachment":[{"href":"https:\/\/www.aze-tuning.de\/tuning-shop\/wp-json\/wp\/v2\/media?parent=132"}],"curies":[{"name":"wp","href":"https:\/\/api.w.org\/{rel}","templated":true}]}}