{"id":1454,"date":"2025-01-08T13:28:35","date_gmt":"2025-01-08T13:28:35","guid":{"rendered":"https:\/\/www.aze-tuning.de\/tuning-shop\/?page_id=1454"},"modified":"2025-03-12T14:46:16","modified_gmt":"2025-03-12T14:46:16","slug":"marderschutz","status":"publish","type":"page","link":"https:\/\/www.aze-tuning.de\/tuning-shop\/marderschutz\/","title":{"rendered":"Effektiver Marderschutz: Wieso die kleinen Besucher Ihr Auto lieben und was Sie dagegen tun k\u00f6nnen"},"content":{"rendered":"<p>Sie sind klein, flink und der gr\u00f6\u00dfte Feind eines jeden Autofahrers: Marder. Nachts treiben die Nagetiere ihr Unwesen, und das gerne im Motorraum von Fahrzeugen, um sich dort einzunisten \u2013 zum Leidwesen des Besitzers. Denn um zwischen Kabel und Dr\u00e4hte zu gelangen, bei\u00dft sich der Marder in einem Auto ohne Marderschutz einfach durch und hinterl\u00e4sst einen folgenschweren technischen Schaden.<\/p>\n<p>Nach Sch\u00e4tzungen des ADACs kommt es zu circa 200.000 F\u00e4llen im Jahr, bei denen Marder am Werk waren. \u00a0Dabei entstehen Sch\u00e4den in H\u00f6he von rund 128 Millionen Euro, wie der Gesamtverband der deutschen Versicherungswirtschaft mitteilt.<\/p>\n<p>Allerdings k\u00f6nnen Sie pr\u00e4ventive Ma\u00dfnahmen ergreifen, um die Nagetiere von Ihrer Autotechnik fernzuhalten. In diesem Ratgeber erfahren Sie alles, was Sie rund um den Marderschutz wissen m\u00fcssen.<\/p>\n<div id=\"attachment_1460\" style=\"width: 650px\" class=\"wp-caption alignnone\"><a href=\"https:\/\/i0.wp.com\/www.aze-tuning.de\/tuning-shop\/wp-content\/uploads\/2025\/03\/marderschutz.jpg?ssl=1\"><img data-recalc-dims=\"1\" loading=\"lazy\" decoding=\"async\" aria-describedby=\"caption-attachment-1460\" data-attachment-id=\"1460\" data-permalink=\"https:\/\/www.aze-tuning.de\/tuning-shop\/marderschutz\/marderschutz-2\/\" data-orig-file=\"https:\/\/i0.wp.com\/www.aze-tuning.de\/tuning-shop\/wp-content\/uploads\/2025\/03\/marderschutz.jpg?fit=1500%2C1000&amp;ssl=1\" data-orig-size=\"1500,1000\" data-comments-opened=\"0\" data-image-meta=\"{&quot;aperture&quot;:&quot;0&quot;,&quot;credit&quot;:&quot;&quot;,&quot;camera&quot;:&quot;&quot;,&quot;caption&quot;:&quot;&quot;,&quot;created_timestamp&quot;:&quot;0&quot;,&quot;copyright&quot;:&quot;&quot;,&quot;focal_length&quot;:&quot;0&quot;,&quot;iso&quot;:&quot;0&quot;,&quot;shutter_speed&quot;:&quot;0&quot;,&quot;title&quot;:&quot;&quot;,&quot;orientation&quot;:&quot;0&quot;}\" data-image-title=\"marderschutz\" data-image-description=\"\" data-image-caption=\"\" data-medium-file=\"https:\/\/i0.wp.com\/www.aze-tuning.de\/tuning-shop\/wp-content\/uploads\/2025\/03\/marderschutz.jpg?fit=300%2C200&amp;ssl=1\" data-large-file=\"https:\/\/i0.wp.com\/www.aze-tuning.de\/tuning-shop\/wp-content\/uploads\/2025\/03\/marderschutz.jpg?fit=640%2C427&amp;ssl=1\" class=\"wp-image-1460 size-large\" src=\"https:\/\/i0.wp.com\/www.aze-tuning.de\/tuning-shop\/wp-content\/uploads\/2025\/03\/marderschutz.jpg?resize=640%2C427&#038;ssl=1\" alt=\"Marder klettern gern in den Motorraum von Fahrzeugen \u2013 ein Marderschutz kann helfen!\" width=\"640\" height=\"427\" srcset=\"https:\/\/i0.wp.com\/www.aze-tuning.de\/tuning-shop\/wp-content\/uploads\/2025\/03\/marderschutz.jpg?resize=1024%2C683&amp;ssl=1 1024w, https:\/\/i0.wp.com\/www.aze-tuning.de\/tuning-shop\/wp-content\/uploads\/2025\/03\/marderschutz.jpg?resize=300%2C200&amp;ssl=1 300w, https:\/\/i0.wp.com\/www.aze-tuning.de\/tuning-shop\/wp-content\/uploads\/2025\/03\/marderschutz.jpg?resize=768%2C512&amp;ssl=1 768w, https:\/\/i0.wp.com\/www.aze-tuning.de\/tuning-shop\/wp-content\/uploads\/2025\/03\/marderschutz.jpg?w=1500&amp;ssl=1 1500w, https:\/\/i0.wp.com\/www.aze-tuning.de\/tuning-shop\/wp-content\/uploads\/2025\/03\/marderschutz.jpg?w=1280&amp;ssl=1 1280w\" sizes=\"auto, (max-width: 640px) 100vw, 640px\" \/><\/a><p id=\"caption-attachment-1460\" class=\"wp-caption-text\"><a href=\"https:\/\/www.freepik.com\/free-photo\/beautiful-cute-beech-marten_15252982.htm#fromView=search&amp;page=1&amp;position=2&amp;uuid=49b9be61-6f35-4902-a976-bda194b305ef&amp;query=marder\">Image by vladimircech on Freepik<\/a><\/p><\/div>\n<h2>Welche Besch\u00e4digungen k\u00f6nnen ohne Marderschutz entstehen?<\/h2>\n<p>Das erste Anzeichen eines Marderbesuches ist oft das Blinken einer Warnlampe oder ein nicht mehr anspringender Motor. Dabei kann man sich mit einem Marderschutz effektiv gegen einen solchen n\u00e4chtlichen Besuch sch\u00fctzen. Besonders betroffen von Marderangriffen sind alle gummilastigen Bauteile des Fahrzeugs, wie etwa:<\/p>\n<ul>\n<li>Z\u00fcndkabel<\/li>\n<li>Kunststoffschl\u00e4uche<\/li>\n<li>K\u00fchlwasser- und Scheibenwasser-Schl\u00e4uche<\/li>\n<li>Faltenb\u00e4lge an Antriebswellen und Lenkung<\/li>\n<li>Stromleitungen<\/li>\n<li>Isoliermatten<\/li>\n<\/ul>\n<p>Wird das Z\u00fcndkabel angebissen, l\u00e4uft der Motor unrund, falls er \u00fcberhaupt anspringt. Andere Besch\u00e4digungen machen sich erst w\u00e4hrend der Fahrt bemerkbar, etwa durch den Verlust von Fl\u00fcssigkeiten. So kann es zu einer Besch\u00e4digung von Komponenten wie etwa den Antriebs- oder Achsgelenken kommen. Bei durchgebissenen K\u00fchlmittelschl\u00e4uchen droht eine Motor-\u00dcberhitzung. Bleiben diese Besch\u00e4digungen unerkannt, kann es richtig teuer werden.<\/p>\n<p>\u00dcbrigens: Elektrofahrzeuge sind zwar seltener von Sch\u00e4den der Nagetiere betroffen, k\u00f6nnen aber ebenfalls von einem Marderschutz profitieren. Denn gerade die Hochvoltkabel sind bei Mardern beliebt, und dann wird es richtig teuer. Aus Sicherheitsgr\u00fcnden muss dann der gesamte Kabelsatz erneuert werden. F\u00fcr den Marder ist der Biss in das Hochvoltkabel \u00fcbrigens ungef\u00e4hrlich, da dieses bei einem abgestellten Auto keinen Strom f\u00fchrt. Laut ADAC kann auch das Ladekabel interessant sein, hierzu gebe es aber noch nicht genug Daten.<\/p>\n<h2>Marderschutz: Welche M\u00f6glichkeiten gibt es?<\/h2>\n<p>Sie m\u00fcssen sich nicht damit abfinden, dass Ihr Auto, das ungesch\u00fctzt auf der Stra\u00dfe steht, das potenzielle Ziel von Marderz\u00e4hnen sein k\u00f6nnte. Es gibt verschiedene M\u00f6glichkeiten, um Besch\u00e4digungen im Vorfeld zu verhindern. Hier stellen wir Ihnen verschiedene L\u00f6sungen f\u00fcr einen effektiven Marderschutz vor.<\/p>\n<h3>Ultraschallanlagen<\/h3>\n<p>Eine\u00a0<a href=\"https:\/\/www.aze-tuning.de\/Stop-Go-12V-Ultraschall-Marderabwehrgeraet-Marderschutz-Piezo-Frequenzmodulation\/07535-STOPUNDGO\">Ultraschallanlage<\/a>\u00a0wird im Motorraum angebracht und erzeugt unangenehme, f\u00fcr das menschliche Ohr nicht wahrnehmbares Ger\u00e4usche. Diese \u00e4hneln Warnsignalen der Marder und ver\u00e4ndern sich immer wieder geringf\u00fcgig, damit keine Gew\u00f6hnung der Tiere entstehen kann. Die Ultraschallanlage schreckt die meisten Marder ab, da das Ger\u00e4usch f\u00fcr sie unangenehm ist. Der Einbau des Marderschutzes erfolgt relativ einfach innerhalb weniger Minuten, und es ist kaum Werkzeug oder gro\u00dfe Fachkenntnis notwendig.<\/p>\n<p><a href=\"https:\/\/i0.wp.com\/www.aze-tuning.de\/tuning-shop\/wp-content\/uploads\/2025\/03\/marderschutz_2.jpg?ssl=1\"><img data-recalc-dims=\"1\" loading=\"lazy\" decoding=\"async\" data-attachment-id=\"1461\" data-permalink=\"https:\/\/www.aze-tuning.de\/tuning-shop\/marderschutz\/marderschutz_2\/\" data-orig-file=\"https:\/\/i0.wp.com\/www.aze-tuning.de\/tuning-shop\/wp-content\/uploads\/2025\/03\/marderschutz_2.jpg?fit=1181%2C787&amp;ssl=1\" data-orig-size=\"1181,787\" data-comments-opened=\"0\" data-image-meta=\"{&quot;aperture&quot;:&quot;0&quot;,&quot;credit&quot;:&quot;&quot;,&quot;camera&quot;:&quot;&quot;,&quot;caption&quot;:&quot;&quot;,&quot;created_timestamp&quot;:&quot;0&quot;,&quot;copyright&quot;:&quot;&quot;,&quot;focal_length&quot;:&quot;0&quot;,&quot;iso&quot;:&quot;0&quot;,&quot;shutter_speed&quot;:&quot;0&quot;,&quot;title&quot;:&quot;&quot;,&quot;orientation&quot;:&quot;0&quot;}\" data-image-title=\"marderschutz_2\" data-image-description=\"\" data-image-caption=\"\" data-medium-file=\"https:\/\/i0.wp.com\/www.aze-tuning.de\/tuning-shop\/wp-content\/uploads\/2025\/03\/marderschutz_2.jpg?fit=300%2C200&amp;ssl=1\" data-large-file=\"https:\/\/i0.wp.com\/www.aze-tuning.de\/tuning-shop\/wp-content\/uploads\/2025\/03\/marderschutz_2.jpg?fit=640%2C426&amp;ssl=1\" class=\"alignnone wp-image-1461 size-large\" src=\"https:\/\/i0.wp.com\/www.aze-tuning.de\/tuning-shop\/wp-content\/uploads\/2025\/03\/marderschutz_2.jpg?resize=640%2C426&#038;ssl=1\" alt=\"Marderschutz mit Ultraschall \u2013 hochfrequentierte T\u00f6ne halten die Tiere von Ihrem Auto fern.\" width=\"640\" height=\"426\" srcset=\"https:\/\/i0.wp.com\/www.aze-tuning.de\/tuning-shop\/wp-content\/uploads\/2025\/03\/marderschutz_2.jpg?resize=1024%2C682&amp;ssl=1 1024w, https:\/\/i0.wp.com\/www.aze-tuning.de\/tuning-shop\/wp-content\/uploads\/2025\/03\/marderschutz_2.jpg?resize=300%2C200&amp;ssl=1 300w, https:\/\/i0.wp.com\/www.aze-tuning.de\/tuning-shop\/wp-content\/uploads\/2025\/03\/marderschutz_2.jpg?resize=768%2C512&amp;ssl=1 768w, https:\/\/i0.wp.com\/www.aze-tuning.de\/tuning-shop\/wp-content\/uploads\/2025\/03\/marderschutz_2.jpg?w=1181&amp;ssl=1 1181w\" sizes=\"auto, (max-width: 640px) 100vw, 640px\" \/><\/a><\/p>\n<h3>Elektroschockger\u00e4te<\/h3>\n<p>Eine weitere M\u00f6glichkeit eines effektiven Marderschutzes sind\u00a0<a href=\"https:\/\/www.aze-tuning.de\/Stop-Go-Hochspannung-Ultraschall-Marderabwehrgeraet-07553-7-Plus-Minus-Clip\/07553-STOPUNDGO\">Elektroschockger\u00e4te<\/a>\u00a0f\u00fcr den Motorraum. Diese verteilen leichte elektrische Schocks, welche die Tiere allerdings nicht verletzen. Diese Ger\u00e4te haben den Vorteil, dass auch besonders resistente Marder davon abgeschreckt werden und Rei\u00dfaus nehmen. Bei AZE-Tuning bieten wir auch Kombi-Ger\u00e4te an, die Ultraschall und Elektroschocks verbinden. So erhalten Sie einen effektiven Rundum-Marderschutz f\u00fcr Ihr Fahrzeug. Elektroschockger\u00e4te sind im Einbau deutlich komplizierter und sollten nur von qualifiziertem Personal durchgef\u00fchrt werden.<\/p>\n<h3>Duftscheiben<\/h3>\n<p>Ebenfalls eine gute L\u00f6sung f\u00fcr den Marderschutz ist eine\u00a0<a href=\"https:\/\/www.aze-tuning.de\/Stop-Go-07510-Duftscheibe-Marderschutz-Marderabwehr-Anti-Marder-Duftkoerbchen\/07510-STOPUNDGO\">Duftscheibe<\/a>. Diese sondert einen speziellen Geruch ab, der an die nat\u00fcrlichen Feinde des Marders erinnert. So machen die Tierchen einen gro\u00dfen Bogen um das Fahrzeug. Die Duftscheiben lassen sich einfach und schnell anbringen. Im Motorraum halten sie etwa sechs Monate lang und sollten dann ausgetauscht werden. Wir empfehlen besonders die Nutzung im Fr\u00fchling.<\/p>\n<p><a href=\"https:\/\/i0.wp.com\/www.aze-tuning.de\/tuning-shop\/wp-content\/uploads\/2025\/03\/marderschutz_3.jpg?ssl=1\"><img data-recalc-dims=\"1\" loading=\"lazy\" decoding=\"async\" data-attachment-id=\"1462\" data-permalink=\"https:\/\/www.aze-tuning.de\/tuning-shop\/marderschutz\/marderschutz_3\/\" data-orig-file=\"https:\/\/i0.wp.com\/www.aze-tuning.de\/tuning-shop\/wp-content\/uploads\/2025\/03\/marderschutz_3.jpg?fit=992%2C903&amp;ssl=1\" data-orig-size=\"992,903\" data-comments-opened=\"0\" data-image-meta=\"{&quot;aperture&quot;:&quot;0&quot;,&quot;credit&quot;:&quot;&quot;,&quot;camera&quot;:&quot;&quot;,&quot;caption&quot;:&quot;&quot;,&quot;created_timestamp&quot;:&quot;0&quot;,&quot;copyright&quot;:&quot;&quot;,&quot;focal_length&quot;:&quot;0&quot;,&quot;iso&quot;:&quot;0&quot;,&quot;shutter_speed&quot;:&quot;0&quot;,&quot;title&quot;:&quot;&quot;,&quot;orientation&quot;:&quot;0&quot;}\" data-image-title=\"marderschutz_3\" data-image-description=\"\" data-image-caption=\"\" data-medium-file=\"https:\/\/i0.wp.com\/www.aze-tuning.de\/tuning-shop\/wp-content\/uploads\/2025\/03\/marderschutz_3.jpg?fit=300%2C273&amp;ssl=1\" data-large-file=\"https:\/\/i0.wp.com\/www.aze-tuning.de\/tuning-shop\/wp-content\/uploads\/2025\/03\/marderschutz_3.jpg?fit=640%2C583&amp;ssl=1\" class=\"alignnone wp-image-1462 size-medium\" src=\"https:\/\/i0.wp.com\/www.aze-tuning.de\/tuning-shop\/wp-content\/uploads\/2025\/03\/marderschutz_3.jpg?resize=300%2C273&#038;ssl=1\" alt=\"Ein duftender Marderschutz ist ganz einfach im Motorraum installierbar.\" width=\"300\" height=\"273\" srcset=\"https:\/\/i0.wp.com\/www.aze-tuning.de\/tuning-shop\/wp-content\/uploads\/2025\/03\/marderschutz_3.jpg?resize=300%2C273&amp;ssl=1 300w, https:\/\/i0.wp.com\/www.aze-tuning.de\/tuning-shop\/wp-content\/uploads\/2025\/03\/marderschutz_3.jpg?resize=768%2C699&amp;ssl=1 768w, https:\/\/i0.wp.com\/www.aze-tuning.de\/tuning-shop\/wp-content\/uploads\/2025\/03\/marderschutz_3.jpg?w=992&amp;ssl=1 992w\" sizes=\"auto, (max-width: 300px) 100vw, 300px\" \/><\/a><\/p>\n<h3>Schutzschl\u00e4uche<\/h3>\n<p><a href=\"https:\/\/www.aze-tuning.de\/Stop-Go-Marder-Schutzschlauch-geschlitzt-4m-OE30mm-Kabelschutz-Aluflex-07531\/07531-STOPUNDGO\">Schutzschl\u00e4uche<\/a>\u00a0bestehen aus Aluminium oder Hartkunststoff und ummanteln die Z\u00fcndkabel. So werden diese vor Durchbei\u00dfen gesch\u00fctzt, Schl\u00e4uche oder Achs-Manschetten bleiben jedoch weiter angreifbar. Sie sind jedoch trotzdem ein guter Marderschutz, da es bei den Z\u00fcndkabel-Besch\u00e4digungen oft teuer wird.<\/p>\n<p><a href=\"https:\/\/i0.wp.com\/www.aze-tuning.de\/tuning-shop\/wp-content\/uploads\/2025\/03\/marderschutz_4.jpg?ssl=1\"><img data-recalc-dims=\"1\" loading=\"lazy\" decoding=\"async\" data-attachment-id=\"1463\" data-permalink=\"https:\/\/www.aze-tuning.de\/tuning-shop\/marderschutz\/marderschutz_4\/\" data-orig-file=\"https:\/\/i0.wp.com\/www.aze-tuning.de\/tuning-shop\/wp-content\/uploads\/2025\/03\/marderschutz_4.jpg?fit=1134%2C521&amp;ssl=1\" data-orig-size=\"1134,521\" data-comments-opened=\"0\" data-image-meta=\"{&quot;aperture&quot;:&quot;0&quot;,&quot;credit&quot;:&quot;&quot;,&quot;camera&quot;:&quot;&quot;,&quot;caption&quot;:&quot;&quot;,&quot;created_timestamp&quot;:&quot;0&quot;,&quot;copyright&quot;:&quot;&quot;,&quot;focal_length&quot;:&quot;0&quot;,&quot;iso&quot;:&quot;0&quot;,&quot;shutter_speed&quot;:&quot;0&quot;,&quot;title&quot;:&quot;&quot;,&quot;orientation&quot;:&quot;0&quot;}\" data-image-title=\"marderschutz_4\" data-image-description=\"\" data-image-caption=\"\" data-medium-file=\"https:\/\/i0.wp.com\/www.aze-tuning.de\/tuning-shop\/wp-content\/uploads\/2025\/03\/marderschutz_4.jpg?fit=300%2C138&amp;ssl=1\" data-large-file=\"https:\/\/i0.wp.com\/www.aze-tuning.de\/tuning-shop\/wp-content\/uploads\/2025\/03\/marderschutz_4.jpg?fit=640%2C294&amp;ssl=1\" class=\"alignnone size-medium wp-image-1463\" src=\"https:\/\/i0.wp.com\/www.aze-tuning.de\/tuning-shop\/wp-content\/uploads\/2025\/03\/marderschutz_4.jpg?resize=300%2C138&#038;ssl=1\" alt=\"Ein Schlauch aus Aluflex ist ein effektiver Marderschutz f\u00fcr Kabel im Auto.\" width=\"300\" height=\"138\" srcset=\"https:\/\/i0.wp.com\/www.aze-tuning.de\/tuning-shop\/wp-content\/uploads\/2025\/03\/marderschutz_4.jpg?resize=300%2C138&amp;ssl=1 300w, https:\/\/i0.wp.com\/www.aze-tuning.de\/tuning-shop\/wp-content\/uploads\/2025\/03\/marderschutz_4.jpg?resize=1024%2C470&amp;ssl=1 1024w, https:\/\/i0.wp.com\/www.aze-tuning.de\/tuning-shop\/wp-content\/uploads\/2025\/03\/marderschutz_4.jpg?resize=768%2C353&amp;ssl=1 768w, https:\/\/i0.wp.com\/www.aze-tuning.de\/tuning-shop\/wp-content\/uploads\/2025\/03\/marderschutz_4.jpg?w=1134&amp;ssl=1 1134w\" sizes=\"auto, (max-width: 300px) 100vw, 300px\" \/><\/a><\/p>\n<h3>Motorraum-Abschottungen<\/h3>\n<p>Bei Elektrofahrzeugen in fast allen F\u00e4llen schon vorhanden, verhindern Motorraum-Abschottungen das Eindringen der Tiere. Manche Autohersteller bieten Motorwannen als Zusatzausstattung und Marderschutz an, f\u00fcr manche Modelle ist auch eine Nachr\u00fcstung m\u00f6glich.<\/p>\n<h3>Richtiges Verhalten<\/h3>\n<p>Am besten stellen Sie Ihr Automobil immer in der Garage ab. Gerade, wenn Sie mit dem Fahrzeug viel unterwegs sind und nachts an unterschiedlichen Orten parken, empfiehlt sich ein guter Marderschutz. Denn der Geruch eines Rivalen kann zu einer Bissattacke des ans\u00e4ssigen Marders f\u00fchren. Nach einem Marderangriff und vor der Installation eines Marderschutzes empfehlen wir, den Motorraum gr\u00fcndlich zu reinigen und eine Motorw\u00e4sche durchzuf\u00fchren, um die Geruchsmarker zu entfernen. Auch bestimmte\u00a0<a href=\"https:\/\/www.aze-tuning.de\/Stop-Go-Duftmarken-Entferner-Reinigungsschaum-Abwehr-Schutz-Anti-Marder-300ml\/07503-STOPUNDGO\">Geruchssprays<\/a>\u00a0k\u00f6nnen helfen.<\/p>\n<h2>Wann ist ein guter Marderschutz besonders wichtig?<\/h2>\n<p>Gerade wenn es k\u00fchler ist, lieben Marder warme Motorr\u00e4ume. Die meisten Besch\u00e4digungen werden im Fr\u00fchjahr und Herbst gemeldet. Das Fr\u00fchjahr ist die Paarungszeit der Marder, in der sie besonders aggressiv sind und ihr Revier, auch im Motorraum Ihres Fahrzeugs, gegen Konkurrenten verteidigen. Um Ihr Fahrzeug gegen Marder zu verteidigen, ist ein Marderschutz eine gute L\u00f6sung. Welche Art des Marderschutzes f\u00fcr Sie die beste L\u00f6sung ist, h\u00e4ngt von vielen Faktoren ab, zu denen wir Sie gerne <a href=\"https:\/\/www.aze-tuning.de\/widgets\/cms\/7e25e6003ede436880f43ef201f8e7e8\">telefonisch oder per E-Mail<\/a> beraten. Sie finden im Online-Shop von AZE-Tuning nur hochwertige Qualit\u00e4tsprodukte. Wir freuen uns auf Ihre Bestellung!<\/p>\n","protected":false},"excerpt":{"rendered":"<p>Sie sind klein, flink und der gr\u00f6\u00dfte Feind eines jeden Autofahrers: Marder. Nachts treiben die Nagetiere ihr Unwesen, und das gerne im Motorraum von Fahrzeugen, um sich dort einzunisten \u2013 zum Leidwesen des Besitzers. Denn um zwischen Kabel und Dr\u00e4hte &hellip; <a href=\"https:\/\/www.aze-tuning.de\/tuning-shop\/marderschutz\/\">Weiterlesen <span class=\"meta-nav\">&rarr;<\/span><\/a><\/p>\n","protected":false},"author":3,"featured_media":0,"parent":0,"menu_order":0,"comment_status":"closed","ping_status":"closed","template":"","meta":{"_monsterinsights_skip_tracking":false,"_monsterinsights_sitenote_active":false,"_monsterinsights_sitenote_note":"","_monsterinsights_sitenote_category":0,"jetpack_post_was_ever_published":false,"footnotes":""},"class_list":["post-1454","page","type-page","status-publish","hentry"],"aioseo_notices":[],"jetpack_shortlink":"https:\/\/wp.me\/P4sq84-ns","jetpack_sharing_enabled":true,"_links":{"self":[{"href":"https:\/\/www.aze-tuning.de\/tuning-shop\/wp-json\/wp\/v2\/pages\/1454","targetHints":{"allow":["GET"]}}],"collection":[{"href":"https:\/\/www.aze-tuning.de\/tuning-shop\/wp-json\/wp\/v2\/pages"}],"about":[{"href":"https:\/\/www.aze-tuning.de\/tuning-shop\/wp-json\/wp\/v2\/types\/page"}],"author":[{"embeddable":true,"href":"https:\/\/www.aze-tuning.de\/tuning-shop\/wp-json\/wp\/v2\/users\/3"}],"replies":[{"embeddable":true,"href":"https:\/\/www.aze-tuning.de\/tuning-shop\/wp-json\/wp\/v2\/comments?post=1454"}],"version-history":[{"count":4,"href":"https:\/\/www.aze-tuning.de\/tuning-shop\/wp-json\/wp\/v2\/pages\/1454\/revisions"}],"predecessor-version":[{"id":1465,"href":"https:\/\/www.aze-tuning.de\/tuning-shop\/wp-json\/wp\/v2\/pages\/1454\/revisions\/1465"}],"wp:attachment":[{"href":"https:\/\/www.aze-tuning.de\/tuning-shop\/wp-json\/wp\/v2\/media?parent=1454"}],"curies":[{"name":"wp","href":"https:\/\/api.w.org\/{rel}","templated":true}]}}