{"id":159,"date":"2012-01-21T05:24:04","date_gmt":"2012-01-21T05:24:04","guid":{"rendered":"http:\/\/www.aze-tuning.de\/tuning-shop\/?page_id=159"},"modified":"2021-02-18T16:24:24","modified_gmt":"2021-02-18T16:24:24","slug":"weitec-gewindefahrwerke","status":"publish","type":"page","link":"https:\/\/www.aze-tuning.de\/tuning-shop\/weitec-gewindefahrwerke\/","title":{"rendered":"ST Gewindefahrwerke"},"content":{"rendered":"\n<div class=\"all_products_header\"><a href=\"..\/..\/Fahrwerkstechnik\/Gewindefahrwerk\/?manufacturer=ea35785d4b17413d8dd8f299d00f9d29&#038;order=name-asc&#038;p=1\">Gewindefahrwerke von ST suspensions <u>durchsuchen<\/u> \u2794 <\/a><\/div>\n\n\n\n<h2>ST suspensions Gewindefahrwerke in drei Varianten bestellbar<\/h2>\n<p>Das ST Gewindefahrwerk, Durch Drei unterschiedliche Varianten ist f\u00fcr jeden was dabei.<br \/>Durch die Produktion des ST Gewindefahrwerk rundet das Unternehmen seine Palette an Fahrwerkskomponenten ab.<br \/>Das ST suspensions Gewindefahrwerk wird ich Drei unterschiedlichen Varianten angeboten welche sich durch verschiedene Einstellm\u00f6glichkeiten voneinander unterschied.<\/p>\n<h2>Hochwertigen Materialien &#8211; ST suspensions Gewindefahrwerke<\/h2>\n<p>Die Verwendung hochwertigster Materialien und die perfekter Kombination der Fahrwerkskomponenten ergeben ein ST suspensions Gewindefahrwerk was durch seine konsequente Kostenkalkulation zu einem erschwinglichen Preis angeboten werden kann.<br \/>Die Sportfedern des <em>ST suspensions Gewindefahrwerk<\/em> werden im hochwertigen Kaltwickelverfahren hergestellt, durch die anschlie\u00dfende H\u00e4rtung der Sportfedern erreicht ST suspensions Sportfedern f\u00fcr ihre <strong>Gewindefahrwerke<\/strong> welche durch seine progressive und sportliche Abstimmung perfekten Fahrspa\u00df garantieren. Um die Korrosion der Sportfedern vorzubeugen sind alle Sportfedern und Vorspanfedern des <strong>ST suspensions Gewindefahrwerk<\/strong> mit einer hochfesten Epoxid Beschichtung versehen.<\/p>\n<h3>ST suspensions Gewindefahrwerke mit Korrisionsschutz<\/h3>\n<p>Das Gewindefederbein der ST suspensions Gewindefahrwerke wurde aus Korrosionsschutz gleich mehrfach behandelt, so bekam es zus\u00e4tzlich zur Verzinkung noch eine Versiegelung welche dem ST suspensions Gewindefahrwerk einen langj\u00e4hrigen Schutz bietet.<br \/>Das ST suspensions Gewindefahrwerk wird ausschlie\u00dflich in der hochwertigen 2-Rohr D\u00e4mpfertechnik Produziert. Welche in allen Drei Varianten des ST suspensions Gewindefahrwerkes integriert ist (im Hicon GT Gewindefahrwerk, im Hicon GTN Gewindefahrwerk und dem Hicon TX Gewindefahrwerk). Hervorzuheben ist das das ST suspensions Gewindefahrwerk Hicon GTN ein Hybrid Gewindefahrwerk ist, da die H\u00f6henverstellung an der Hinterachse \u00fcber eine Nutenverstellung erfolgt und nicht wie gewohnt bei den ST suspensions Gewindefahrwerken mit einer Gewindeverstellung.<\/p>\n<h3>Unterscheidung von ST suspensions Gewindefahrwerke<\/h3>\n<p>Das Hicon GT Gewindefahrwerk der Marke ST suspensions ist die Basisversion der Gewindefahrwerke von <strong>ST suspensions<\/strong>.<br \/>Das Hicon GTN Gewindefahrwerk unterscheidet sich wie schon oben beschrieben von dem ST suspensions Hicon GT Gewindefahrwerk in der H\u00f6henverstellung der Hinterachse. So wird diese beim ST suspensions Hicon GTN \u00fcber die bekannte Nutenverstellung erzieht welche schon aus den ST suspensions Sportfahrwerken bekannt ist.<br \/>Durch die individuelle Einstellungsm\u00f6glichkeit des <em>ST suspensions<\/em> Hicon TX Gewindefahrwerk entstand ein ST suspensions Gewindefahrwerk was dem Fahrer selbst die Einstellung der Zugstufe erm\u00f6glicht. Durch diese Einstellm\u00f6glichkeit ist das ST suspensions Hicon TX Gewindefahrwerk f\u00fcr alle Lebenslagen gewappnet.<br \/>Alle ST suspensions Gewindefahrwerke haben einen laut Teilegutachten gepr\u00fcften Verstellbereich und besitzen selbstverst\u00e4ndlich fahrzeugspezifische Gutachten.<\/p>\n\n\n\n<div class=\"col_right\"><\/div>\n\n\n\n\n\n<div class=\"col_footer\">&nbsp;<\/div>\n","protected":false},"excerpt":{"rendered":"<p>Gewindefahrwerke von ST suspensions durchsuchen \u2794 ST suspensions Gewindefahrwerke in drei Varianten bestellbar Das ST Gewindefahrwerk, Durch Drei unterschiedliche Varianten ist f\u00fcr jeden was dabei.Durch die Produktion des ST Gewindefahrwerk rundet das Unternehmen seine Palette an Fahrwerkskomponenten ab.Das ST suspensions &hellip; <a href=\"https:\/\/www.aze-tuning.de\/tuning-shop\/weitec-gewindefahrwerke\/\">Weiterlesen <span class=\"meta-nav\">&rarr;<\/span><\/a><\/p>\n","protected":false},"author":3,"featured_media":0,"parent":0,"menu_order":0,"comment_status":"closed","ping_status":"closed","template":"","meta":{"_monsterinsights_skip_tracking":false,"_monsterinsights_sitenote_active":false,"_monsterinsights_sitenote_note":"","_monsterinsights_sitenote_category":0,"jetpack_post_was_ever_published":false,"footnotes":""},"class_list":["post-159","page","type-page","status-publish","hentry"],"aioseo_notices":[],"jetpack_shortlink":"https:\/\/wp.me\/P4sq84-2z","jetpack_sharing_enabled":true,"_links":{"self":[{"href":"https:\/\/www.aze-tuning.de\/tuning-shop\/wp-json\/wp\/v2\/pages\/159","targetHints":{"allow":["GET"]}}],"collection":[{"href":"https:\/\/www.aze-tuning.de\/tuning-shop\/wp-json\/wp\/v2\/pages"}],"about":[{"href":"https:\/\/www.aze-tuning.de\/tuning-shop\/wp-json\/wp\/v2\/types\/page"}],"author":[{"embeddable":true,"href":"https:\/\/www.aze-tuning.de\/tuning-shop\/wp-json\/wp\/v2\/users\/3"}],"replies":[{"embeddable":true,"href":"https:\/\/www.aze-tuning.de\/tuning-shop\/wp-json\/wp\/v2\/comments?post=159"}],"version-history":[{"count":7,"href":"https:\/\/www.aze-tuning.de\/tuning-shop\/wp-json\/wp\/v2\/pages\/159\/revisions"}],"predecessor-version":[{"id":821,"href":"https:\/\/www.aze-tuning.de\/tuning-shop\/wp-json\/wp\/v2\/pages\/159\/revisions\/821"}],"wp:attachment":[{"href":"https:\/\/www.aze-tuning.de\/tuning-shop\/wp-json\/wp\/v2\/media?parent=159"}],"curies":[{"name":"wp","href":"https:\/\/api.w.org\/{rel}","templated":true}]}}