{"id":176,"date":"2012-01-21T06:10:06","date_gmt":"2012-01-21T06:10:06","guid":{"rendered":"http:\/\/www.aze-tuning.de\/tuning-shop\/?page_id=176"},"modified":"2021-02-18T15:28:06","modified_gmt":"2021-02-18T15:28:06","slug":"ap-gewindefahrwerk","status":"publish","type":"page","link":"https:\/\/www.aze-tuning.de\/tuning-shop\/ap-gewindefahrwerk\/","title":{"rendered":"AP Gewindefahrwerk"},"content":{"rendered":"\n<div class=\"all_products_header\"><a href=\"..\/..\/Fahrwerkstechnik\/Gewindefahrwerk\/?manufacturer=3735079054d64d069b2a154b5fb6f762&#038;order=name-asc&#038;p=1\">Gewindefahrwerke von AP <u>durchsuchen<\/u> \u2794 <\/a><\/div>\n\n\n\n\n<h2>AP Gewindefahrwerk zu fairen Preisen<\/h2>\n<p>Das AP Gewindefahrwerk, High Quality zum fairen Preis.<br \/>Mit dem AP Gewindefahrwerk setzt das Unternehmen AP Sportfahrwerke GmbH seinen Erfolgskurs weiter fort. Die Firma AP ist seit ihrer Gr\u00fcndung vor \u00fcber 10 Jahren kontinuierlich besch\u00e4ftigt ihre Fahrwerkskomponente und Sportfahrwerke weiter zu entwickeln.<\/p>\n<h2>Der Nachfolger &#8211; AP Gewindefahrwerk<\/h2>\n<p>Nach dem gro\u00dfen Erfolg mit ihren AP Federn und dem AP Sportfahrwerk erweiterte das Unternehmen sein Spektrum um ein <strong>AP Gewindefahrwerk<\/strong>. Durch die Entwicklung des APX Gewindefahrwerks ist es AP Sportfahrwerke GmbH gelungen ihr AP Gewindefahrwerk noch weiter zu verbessern. Bei dem APX Gewindefahrwerk ist es inzwischen m\u00f6glich sein Fahrzeug neben der individuellen Tieferlegung nun auch den eigenen Fahreigenschaften anzupassen.<br \/>Die AP Gewindefahrwerke bestehen aus AP Sportfedern, welche aus Chrom Silizium im K\u00e4lteformsystem produziert werden. Im AP Gewindefahrwerk und jetzt auch im APX Gewindefahrwerk wird, wie es bei <strong>Gewindefahrwerke<\/strong> \u00fcblich ist, auf Doppelfedern zur\u00fcckgegriffen. So besteht jede Federeinheit bei einem AP Gewindefahrwerk aus einer Hauptfeder und einer Vorspannfeder, welche beide durch ihre blaue Epoxid Pulverbeschichtung der Korrosion vorbeugen.<\/p>\n<h3>Beste Anpassung mit dem AP Gewindefahrwerk<\/h3>\n<p>Die Gewindefederbeine der AP Gewindefahrwerke und der APX Gewindefahrwerke bestehen aus vollverzinktem Stahl, welcher noch zus\u00e4tzlich eine korrosionsvorbeugende Beschichtung besitzt.<br \/>Das <em>AP Gewindefahrwerk<\/em> besitzt ein sportlich agiles Handling, welches trotz der angenehmen H\u00e4rte den gewissen Restkomfort nicht vermissen l\u00e4sst.<br \/>Das <strong>APX<\/strong> Gewindefahrwerk besticht durch seine Einstellm\u00f6glichkeit. So ist es jedem Fahrer selber \u00fcberlassen, wie er die Druck- und Zugstufe seines APX Gewindefahrwerkes manuell einstellt. Diese Fahrwerksanpassungen des <em>APX<\/em> Gewindefahrwerks k\u00f6nnen im eingebauten Zustand vorgenommen werden.<br \/>Selbstverst\u00e4ndlich besitzt jedes AP Gewindefahrwerk und APX Gewindefahrwerk ein entsprechendes Teilegutachten, das die Eintragung in die Fahrzeugpapiere ohne Probleme erm\u00f6glicht.<\/p>\n\n\n\n\n<div class=\"col_right\"><\/div>\n\n\n\n\n\n<div class=\"col_footer\">&nbsp;<\/div>\n","protected":false},"excerpt":{"rendered":"<p>Gewindefahrwerke von AP durchsuchen \u2794 AP Gewindefahrwerk zu fairen Preisen Das AP Gewindefahrwerk, High Quality zum fairen Preis.Mit dem AP Gewindefahrwerk setzt das Unternehmen AP Sportfahrwerke GmbH seinen Erfolgskurs weiter fort. Die Firma AP ist seit ihrer Gr\u00fcndung vor \u00fcber &hellip; <a href=\"https:\/\/www.aze-tuning.de\/tuning-shop\/ap-gewindefahrwerk\/\">Weiterlesen <span class=\"meta-nav\">&rarr;<\/span><\/a><\/p>\n","protected":false},"author":3,"featured_media":0,"parent":0,"menu_order":0,"comment_status":"closed","ping_status":"closed","template":"","meta":{"_monsterinsights_skip_tracking":false,"_monsterinsights_sitenote_active":false,"_monsterinsights_sitenote_note":"","_monsterinsights_sitenote_category":0,"jetpack_post_was_ever_published":false,"footnotes":""},"class_list":["post-176","page","type-page","status-publish","hentry"],"aioseo_notices":[],"jetpack_shortlink":"https:\/\/wp.me\/P4sq84-2Q","jetpack_sharing_enabled":true,"_links":{"self":[{"href":"https:\/\/www.aze-tuning.de\/tuning-shop\/wp-json\/wp\/v2\/pages\/176","targetHints":{"allow":["GET"]}}],"collection":[{"href":"https:\/\/www.aze-tuning.de\/tuning-shop\/wp-json\/wp\/v2\/pages"}],"about":[{"href":"https:\/\/www.aze-tuning.de\/tuning-shop\/wp-json\/wp\/v2\/types\/page"}],"author":[{"embeddable":true,"href":"https:\/\/www.aze-tuning.de\/tuning-shop\/wp-json\/wp\/v2\/users\/3"}],"replies":[{"embeddable":true,"href":"https:\/\/www.aze-tuning.de\/tuning-shop\/wp-json\/wp\/v2\/comments?post=176"}],"version-history":[{"count":8,"href":"https:\/\/www.aze-tuning.de\/tuning-shop\/wp-json\/wp\/v2\/pages\/176\/revisions"}],"predecessor-version":[{"id":747,"href":"https:\/\/www.aze-tuning.de\/tuning-shop\/wp-json\/wp\/v2\/pages\/176\/revisions\/747"}],"wp:attachment":[{"href":"https:\/\/www.aze-tuning.de\/tuning-shop\/wp-json\/wp\/v2\/media?parent=176"}],"curies":[{"name":"wp","href":"https:\/\/api.w.org\/{rel}","templated":true}]}}