{"id":180,"date":"2012-01-21T06:21:39","date_gmt":"2012-01-21T06:21:39","guid":{"rendered":"http:\/\/www.aze-tuning.de\/tuning-shop\/?page_id=180"},"modified":"2021-02-18T17:38:56","modified_gmt":"2021-02-18T17:38:56","slug":"ap-federn","status":"publish","type":"page","link":"https:\/\/www.aze-tuning.de\/tuning-shop\/ap-federn\/","title":{"rendered":"AP Federn"},"content":{"rendered":"\n<div class=\"all_products_header\"><a href=\"..\/..\/Fahrwerkstechnik\/Tieferlegungsfedern\/?manufacturer=3735079054d64d069b2a154b5fb6f762&amp;order=name-asc&amp;p=1\">Sportfedern von AP <u>durchsuchen<\/u> \u2794 <\/a><\/div>\n\n\n\n<h2>AP Federn &#8211; bester Komfort<\/h2>\n<p>Die AP Sportfedern, sportlich stramm bei bleibendem Komfort.<br \/>Das Unternehmen AP Sportfahrwerke GmbH entwickelt und produziert bereits&nbsp;seit \u00fcber 10 Jahren <em>Sportfedern<\/em> und Tieferlegungsfedern aus \u00dcberzeugung.<\/p>\n<p>Alle <strong>AP Federn<\/strong> und Sportfedern werden aus hochwertigem Chrom Silizium Stahl gefertigt und nach der Formgebung durch eine hochfeste Epoxid Beschichtung konserviert.<\/p>\n<h2>H\u00f6chstes Niveau &#8211; AP Sportfedern<\/h2>\n<p>Die <strong>AP Sportfedern<\/strong> werden durch ein aufwendiges Kaltwickelverfahren gerollt, anschlie\u00dfend werden alle <strong>AP<\/strong> Federn durch unterschiedlichste Techniken geh\u00e4rtet.<br \/>Nur durch diese konsequent qualitativ hochwertigen Komponenten und Produktion k\u00f6nnen AP Sportfedern entstehen, die jeder Fahrsituation gerecht werden.<\/p>\n<p>Die AP Tieferlegungsfedern sind AP Sportfedern, die durch ihre besondere Wicklung eine Tieferlegung und somit eine Absenkung des Fahrzeugschwerpunktes erm\u00f6glichen.<br \/>Durch diese Absenkung des Schwerpunktes und die progressive Kennlinie der AP Tieferlegungsfedern entsteht ein agiles Handling, das Serien Federn nicht erreichen.<\/p>\n<h3>AP Federn in verschiedenen Variationen<\/h3>\n<p>Die Tieferlegung der <em>AP Federn<\/em> wird in verschiedenen Tiefen angeboten. So beginnt die Mindesttiefe der AP Tieferlegungsfedern bei 40 mm. Die Firma AP Sportfahrwerke GmbH erkl\u00e4rt, dass bei einer Tieferlegung von 40 mm durch AP Sportfedern die Seriensto\u00dfd\u00e4mpfer weiter verwendet werden k\u00f6nnen.<\/p>\n<p>Bei der angebotenen Tiefe von satten 60 mm empfiehlt die Firma <strong>AP Sportfahrwerke GmbH<\/strong> die Verwendung von entsprechenden Sportsto\u00dfd\u00e4mpfern in Kombination mit AP Tieferlegungsfedern.<\/p>\n<h3>Auch in Keilform &#8211; AP Sportfedern<\/h3>\n<p>Die AP Federn werden auch in der beliebten Keilform Variante vertrieben.<br \/>In dieser Ausf\u00fchrung der <em>AP Sportfedern<\/em> wird durch unterschiedliche Tiefen der AP Sportfedern an Vorder- und Hinterachse eine Keilform erzielt, welche dem Fahrzeug eine aggressive und zugleich sportliche Note verleiht.<\/p>\n<p>Alle <strong>AP Federn<\/strong>, AP Sportfedern und AP Tieferlegungsfedern werden mit einem Teilegutachten ausgeliefert, welches die Eintragung der AP Federn in die Fahrzeugpapiere erm\u00f6glicht.<\/p>\n\n\n\n<div class=\"col_right\">&nbsp;<\/div>\n\n\n\n\n\n<div class=\"col_footer\">&nbsp;<\/div>\n","protected":false},"excerpt":{"rendered":"<p>Sportfedern von AP durchsuchen \u2794 AP Federn &#8211; bester Komfort Die AP Sportfedern, sportlich stramm bei bleibendem Komfort.Das Unternehmen AP Sportfahrwerke GmbH entwickelt und produziert bereits&nbsp;seit \u00fcber 10 Jahren Sportfedern und Tieferlegungsfedern aus \u00dcberzeugung. Alle AP Federn und Sportfedern werden &hellip; <a href=\"https:\/\/www.aze-tuning.de\/tuning-shop\/ap-federn\/\">Weiterlesen <span class=\"meta-nav\">&rarr;<\/span><\/a><\/p>\n","protected":false},"author":3,"featured_media":0,"parent":0,"menu_order":0,"comment_status":"closed","ping_status":"closed","template":"","meta":{"_monsterinsights_skip_tracking":false,"_monsterinsights_sitenote_active":false,"_monsterinsights_sitenote_note":"","_monsterinsights_sitenote_category":0,"jetpack_post_was_ever_published":false,"footnotes":""},"class_list":["post-180","page","type-page","status-publish","hentry"],"aioseo_notices":[],"jetpack_shortlink":"https:\/\/wp.me\/P4sq84-2U","jetpack_sharing_enabled":true,"_links":{"self":[{"href":"https:\/\/www.aze-tuning.de\/tuning-shop\/wp-json\/wp\/v2\/pages\/180","targetHints":{"allow":["GET"]}}],"collection":[{"href":"https:\/\/www.aze-tuning.de\/tuning-shop\/wp-json\/wp\/v2\/pages"}],"about":[{"href":"https:\/\/www.aze-tuning.de\/tuning-shop\/wp-json\/wp\/v2\/types\/page"}],"author":[{"embeddable":true,"href":"https:\/\/www.aze-tuning.de\/tuning-shop\/wp-json\/wp\/v2\/users\/3"}],"replies":[{"embeddable":true,"href":"https:\/\/www.aze-tuning.de\/tuning-shop\/wp-json\/wp\/v2\/comments?post=180"}],"version-history":[{"count":25,"href":"https:\/\/www.aze-tuning.de\/tuning-shop\/wp-json\/wp\/v2\/pages\/180\/revisions"}],"predecessor-version":[{"id":879,"href":"https:\/\/www.aze-tuning.de\/tuning-shop\/wp-json\/wp\/v2\/pages\/180\/revisions\/879"}],"wp:attachment":[{"href":"https:\/\/www.aze-tuning.de\/tuning-shop\/wp-json\/wp\/v2\/media?parent=180"}],"curies":[{"name":"wp","href":"https:\/\/api.w.org\/{rel}","templated":true}]}}