{"id":185,"date":"2012-01-21T06:29:48","date_gmt":"2012-01-21T06:29:48","guid":{"rendered":"http:\/\/www.aze-tuning.de\/tuning-shop\/?page_id=185"},"modified":"2021-02-18T15:52:48","modified_gmt":"2021-02-18T15:52:48","slug":"fox-duplex-auspuff","status":"publish","type":"page","link":"https:\/\/www.aze-tuning.de\/tuning-shop\/fox-duplex-auspuff\/","title":{"rendered":"Fox Duplex Auspuff"},"content":{"rendered":"\n<div class=\"all_products_header\"><a href=\"..\/..\/Sportauspuff\/Duplex-Sportauspuffanlagen\/?manufacturer=87ca8354047f4916bab9b3c8e864a618&#038;order=name-asc&#038;p=1\">Duplex-Auspuff von Fox <u>durchsuchen<\/u> \u2794 <\/a><\/div>\n\n\n\n<p><a class=\"header_shop_link\" title=\"Alle Artikel anzeigen\" href=\"https:\/\/www.aze-tuning.de\/Sportauspuff\/Duplex-Sportauspuffanlagen\/?manufacturer=87ca8354047f4916bab9b3c8e864a618&#038;order=name-asc&#038;p=1\">\u00dcber 500 Fox Duplex Sportauspuffanlagen im Sortiment. <b>Alle Artikel anzeigen<\/b><\/a><\/p>\n<h2>Fox Endschalld\u00e4mpfer &#8211; Duplex und Side Pipe in vielen Designs<\/h2>\n<p>Fox Auspuffanlage, lieferbar auch als Duplex und Side Pipe<br \/>Neben seinem Hauptsortiment an Sportendschalld\u00e4mpfern und Fox Sportauspuffanlagen bietet die Firma Fox Exhaust System seine Endschalld\u00e4mpfer auch als Fox Duplex Sportschalld\u00e4mpfer. Dieses <strong>Duplex<\/strong> System nennt man auch 4 Rohr Auspuffanlage, weil durch einen Duplex Endschalld\u00e4mpfer jedes Fahrzeug einen Sportauspuff bekommen kann, der rechts und links am Fahrzeugheck angebracht wird. Die Fox Duplexendschalld\u00e4mpfer und die Fox Duplexanlagen k\u00f6nnen durch viele Endrohrvarianten individuell jedem Fahrzeugdesign angepasst werden.<\/p>\n<h2>Fox &#8211; einziger Hersteller mit Teilegutachten f\u00fcr Duplex und Side Pipe<\/h2>\n<p>Diese Art von <strong>Fox Duplex<\/strong> Auspuffanlagen mit rechts links Ausgang werden meistens an hochwertigen Oberklasse Fahrzeugen oder an Sportwagen verbaut.<br \/>Zus\u00e4tzlich zu den <strong>Fox Duplexanlagen<\/strong> bietet die Firma <strong>Fox<\/strong> als einer der einzigen Hersteller in Deutschland laut Teilegutachten gepr\u00fcfte <em>Fox<\/em> Side Pipe Auspuffanlagen an.<\/p>\n<h3>Fox Duplex und Side Pipe &#8211; aus Hochwertigem Edelstahl<\/h3>\n<p>Bei diesen <strong>Fox Side Pipe Endschalld\u00e4mpfern<\/strong> handelt es sich um Fox Sportschalld\u00e4mpfer, bei denen das Endrohr nicht wie \u00fcblich am Fahrzeugheck austritt, sondern vor dem Hinterrad auf der Fahrerseite. Diese Fox Sidepipe Auspufanlagen werden ausschlie\u00dflich mit dem Austritt an der Fahrerseite angeboten, da es aufgrund des Fu\u00dfg\u00e4ngerschutzes und der L\u00e4rmbel\u00e4stigung keine Zulassung einer Fox Side Pipe Auspuffanlage mit Austritt auf der Beifahrerseite gibt.<br \/>Wie auch bei allen von Fox vertriebenen Sportauspuffanlagen werden alle Fox Duplex und <em>Fox Side Pipe Endschalld\u00e4mpfer<\/em> aus hochwertig poliertem Edelstahl gefertigt.<\/p>\n<h3>Beste Fox Endschalld\u00e4mpfer &#8211; Dupley und Side Pipe<\/h3>\n<p>Selbstverst\u00e4ndlich werden diese Fox Side Pipe Endschalld\u00e4mpfer mit rechtem Austritt trotzdem in L\u00e4ndern vertrieben, in denen auf auf der anderen Stra\u00dfenseite gefahren wird. Die <strong>Fox Duplex Endschalld\u00e4mpfer<\/strong> und die Fox Side Pipe Auspuffanlagen sind selbstverst\u00e4ndlich gepr\u00fcft und besitzen neben den Teilegutachten zum Teil auch allgemeine Betriebserlaubnisse.<br \/>Die Fox Duplex und Side Pipe Endschalld\u00e4mpfer sind genau das Richtige f\u00fcr Individualisten, denen eine reine Fox Sportauspuffanlage optisch einfach zu langweilig ist.<\/p>\n\n\n\n<div class=\"col_right\"><\/div>\n\n\n\n\n\n<div class=\"col_footer\">&nbsp;<\/div>\n","protected":false},"excerpt":{"rendered":"<p>Duplex-Auspuff von Fox durchsuchen \u2794 \u00dcber 500 Fox Duplex Sportauspuffanlagen im Sortiment. Alle Artikel anzeigen Fox Endschalld\u00e4mpfer &#8211; Duplex und Side Pipe in vielen Designs Fox Auspuffanlage, lieferbar auch als Duplex und Side PipeNeben seinem Hauptsortiment an Sportendschalld\u00e4mpfern und Fox &hellip; <a href=\"https:\/\/www.aze-tuning.de\/tuning-shop\/fox-duplex-auspuff\/\">Weiterlesen <span class=\"meta-nav\">&rarr;<\/span><\/a><\/p>\n","protected":false},"author":3,"featured_media":0,"parent":0,"menu_order":0,"comment_status":"closed","ping_status":"closed","template":"","meta":{"_monsterinsights_skip_tracking":false,"_monsterinsights_sitenote_active":false,"_monsterinsights_sitenote_note":"","_monsterinsights_sitenote_category":0,"jetpack_post_was_ever_published":false,"footnotes":""},"class_list":["post-185","page","type-page","status-publish","hentry"],"aioseo_notices":[],"jetpack_shortlink":"https:\/\/wp.me\/P4sq84-2Z","jetpack_sharing_enabled":true,"_links":{"self":[{"href":"https:\/\/www.aze-tuning.de\/tuning-shop\/wp-json\/wp\/v2\/pages\/185","targetHints":{"allow":["GET"]}}],"collection":[{"href":"https:\/\/www.aze-tuning.de\/tuning-shop\/wp-json\/wp\/v2\/pages"}],"about":[{"href":"https:\/\/www.aze-tuning.de\/tuning-shop\/wp-json\/wp\/v2\/types\/page"}],"author":[{"embeddable":true,"href":"https:\/\/www.aze-tuning.de\/tuning-shop\/wp-json\/wp\/v2\/users\/3"}],"replies":[{"embeddable":true,"href":"https:\/\/www.aze-tuning.de\/tuning-shop\/wp-json\/wp\/v2\/comments?post=185"}],"version-history":[{"count":12,"href":"https:\/\/www.aze-tuning.de\/tuning-shop\/wp-json\/wp\/v2\/pages\/185\/revisions"}],"predecessor-version":[{"id":781,"href":"https:\/\/www.aze-tuning.de\/tuning-shop\/wp-json\/wp\/v2\/pages\/185\/revisions\/781"}],"wp:attachment":[{"href":"https:\/\/www.aze-tuning.de\/tuning-shop\/wp-json\/wp\/v2\/media?parent=185"}],"curies":[{"name":"wp","href":"https:\/\/api.w.org\/{rel}","templated":true}]}}