{"id":187,"date":"2012-01-21T06:38:32","date_gmt":"2012-01-21T06:38:32","guid":{"rendered":"http:\/\/www.aze-tuning.de\/tuning-shop\/?page_id=187"},"modified":"2025-01-08T13:18:56","modified_gmt":"2025-01-08T13:18:56","slug":"fox-auspuff","status":"publish","type":"page","link":"https:\/\/www.aze-tuning.de\/tuning-shop\/fox-auspuff\/","title":{"rendered":"Auspuff von FOX"},"content":{"rendered":"\r\n<div class=\"all_products_header\"><a href=\"..\/..\/Sportauspuff\/?manufacturer=87ca8354047f4916bab9b3c8e864a618&amp;order=name-asc&amp;p=1\">Auspuff von Fox <u>durchsuchen<\/u> \u2794 <\/a><\/div>\r\n\r\n\r\n\r\n<p>FOX Exhaust Systems ist der f\u00fchrende Hersteller von <a href=\"https:\/\/www.aze-tuning.de\/Sportauspuff\/\">Sportauspuffanlagen<\/a>. Seit der Unternehmensgr\u00fcndung im Jahre 1993 wuchs das Unternehmen von damals zwei Mitarbeitern bis heute auf \u00fcber 50 kompetente Expertinnen und Experten f\u00fcr den Bereich Sportauspuffanlagen. Auf rund 3000 m\u00b2 im Erzgebirge fertigt die Firma FOX-Auspuff-Komplettsysteme, Sportendschalld\u00e4mpfer und Schalld\u00e4mpfer.<\/p>\r\n<p>Jeder\u00a0<a href=\"https:\/\/www.aze-tuning.de\/Sportauspuff\/?manufacturer=87ca8354047f4916bab9b3c8e864a618&amp;order=name-asc&amp;p=1\">Auspuff von FOX<\/a>\u00a0wird ausschlie\u00dflich aus bestem polierten Edelstahl gefertigt, um eine lange Lebensdauer zu garantieren. Im Gegensatz zu herk\u00f6mmlichen Sportauspuffanlagen aus Stahl, die anf\u00e4llig f\u00fcr Korrosion sind und ihren Glanz schnell verlieren, bleibt ein FOX-Auspuff aus Edelstahl dauerhaft gl\u00e4nzend und optisch ansprechend.<\/p>\r\n<h2>Auspuff von FOX \u2013 kraftvoll, sportlich, leistungsstark<\/h2>\r\n<p>Mit der Marke FOX sichern sich Tuning-Fans individualisierbare\u00a0<a href=\"https:\/\/www.aze-tuning.de\/Sportauspuff\/\">Sportauspuff<\/a>-L\u00f6sungen in bester Qualit\u00e4t und mit langer Lebensdauer. Seit Jahren ist der Hersteller f\u00fcr seine qualitativ hochwertigen Produkte bekannt. Mit Anlagen f\u00fcr verschiedenste Fahrzeugmodelle und Ausf\u00fchrungen \u00fcberzeugen Auspuffe von FOX mit ihrem einmaligen Klang. Die Technik wird dabei kontinuierlich weiterentwickelt und setzt dabei immer wieder neue Standards. FOX-Auspuffe sind besonders f\u00fcr ihre eigene D\u00e4mpfercharakteristik bekannt: Mit perforierten Reflexrohren, Reflexionskammern, Biosi-D\u00e4mmstoff und den teilweise mit Edelstahlgewebe ummantelten Abgasrohren mit Endschalld\u00e4mpfern sorgen Sie f\u00fcr einen einzigartigen Klang, der das Herz jedes Tuning-Fans h\u00f6herschlagen l\u00e4sst. Ganz ohne Dr\u00f6hnen oder St\u00f6rger\u00e4usche. Jeder Auspuff von FOX wird gefertigt, um eine ideale Anpassung an die Gegebenheiten des jeweiligen Fahrzeugs zu erreichen \u2013 ein perfektes Zusammenspiel.<\/p>\r\n<h2>Mit FOX-Auspuff-Anlagen zu sportlichem Look und Sound<\/h2>\r\n<p>Ein Auspuff von FOX wird meist direkt am Katalysator befestigt und besteht aus einem erweiterten Hosenrohr, Mittelschalld\u00e4mpfer und sportlich abgestimmtem Endschalld\u00e4mpfer. Durch die konsequent sportliche Rohrf\u00fchrung ist es FOX Exhaust Systems gelungen, den Abgasgegendruck seiner Sportauspuffanlagen stark zu senken, was in Verbindung mit dem erweiterten Innenrohrdurchmesser\u00a0im Vergleich zu der serienm\u00e4\u00dfig verbauten Auspuffanlage eine deutlich sp\u00fcrbare Leistungssteigerung bewirkt. Dank der in verschiedenen Gr\u00f6\u00dfen und Formen erh\u00e4ltlichen Endrohre von FOX-Auspuffen k\u00f6nnen Tuning-Fans ihrem Auto einen individuellen, sportlichen Look verleihen, der auff\u00e4llt.<\/p>\r\n<p>FOX stellt nicht nur vollst\u00e4ndige Auspuffe her, sondern auch hochwertige Einzelbestandteile wie Vorschalld\u00e4mpfer, Mittelschalld\u00e4mpfer und Teilsysteme. Jede Komponente ist dabei perfekt auf einen Fahrzeugtyp und Motor abgestimmt, um so die optimale Leistung zu erreichen. Auspuffe von FOX machen aus Ihrem Auto einen echten Hingucker mit einem einzigartigen Sound auf der Stra\u00dfe.<\/p>\r\n<h3>FOX-Auspuff: Variante Doppelauspuff<\/h3>\r\n<p>Wer sein Fahrzeug nicht blo\u00df mit einem Auspuff von FOX aufwerten will, sondern sich eine un\u00fcbersehbare \u2013 und un\u00fcberh\u00f6rbare \u2013 <a href=\"https:\/\/www.aze-tuning.de\/Sportauspuff\/\">Sportauspuffanlage<\/a> w\u00fcnscht, kann auf <a href=\"https:\/\/www.aze-tuning.de\/Sportauspuff\/Duplex-Sportendschalldaempfer\/\">Duplex-Endschalld\u00e4mpfer<\/a> mit einem Doppelauspuff setzen. Er verleiht dem Auto das gewisse Etwas in Verbindung mit dem sportlichen, satten Sound, den die Fahrerinnen und Fahrer von einem FOX-Auspuff erwarten.<\/p>\r\n<p><strong>Vorteile der Auspuff-Systeme von FOX:<\/strong><\/p>\r\n<p>\u2022 Die Produkte werden aus hochwertigem V2A-Edelstahl gefertigt und punkten mit hoher Qualit\u00e4t und Langlebigkeit.<\/p>\r\n<p>\u2022 Der FOX-Auspuff erzeugt einen sportlichen, kernigen Sound f\u00fcr ein einzigartiges Fahrerlebnis.<\/p>\r\n<p>\u2022 Die Bauweise von FOX-Auspuffen entsprechend des Absorptionsprinzips sorgt f\u00fcr weniger Abgasgegendruck und mehr Motorleistung.<\/p>\r\n<p>\u2022 Dank individueller Passformen und einer gro\u00dfen Auswahl an Endrohrvarianten sind Auspuff-Anlagen von FOX f\u00fcr eine Vielzahl von Fahrzeugen geeignet.<\/p>\r\n<p>\u2022 Auspuff-Systeme der Marke verf\u00fcgen \u00fcber ein EG-Gutachten und erm\u00f6glichen somit die eintragungsfreie Montage.<\/p>\r\n<h2>FOX-Auspuff im Onlineshop kaufen<\/h2>\r\n<p>AZE-Tuning f\u00fchrt ein breites Sortiment an Auspuff-Systemen von FOX Exhaust Systems und bietet zudem umfassende und professionelle Beratung. Ob es um die Kompatibilit\u00e4t mit Ihrem Fahrzeug, die Montage oder die Produkteigenschaften geht, das Team von AZE-Tuning steht Ihnen mit fundiertem Fachwissen zur Seite.<\/p>","protected":false},"excerpt":{"rendered":"<p>Auspuff von Fox durchsuchen \u2794 FOX Exhaust Systems ist der f\u00fchrende Hersteller von Sportauspuffanlagen. Seit der Unternehmensgr\u00fcndung im Jahre 1993 wuchs das Unternehmen von damals zwei Mitarbeitern bis heute auf \u00fcber 50 kompetente Expertinnen und Experten f\u00fcr den Bereich Sportauspuffanlagen. &hellip; <a href=\"https:\/\/www.aze-tuning.de\/tuning-shop\/fox-auspuff\/\">Weiterlesen <span class=\"meta-nav\">&rarr;<\/span><\/a><\/p>\n","protected":false},"author":3,"featured_media":0,"parent":0,"menu_order":0,"comment_status":"closed","ping_status":"closed","template":"","meta":{"_monsterinsights_skip_tracking":false,"_monsterinsights_sitenote_active":false,"_monsterinsights_sitenote_note":"","_monsterinsights_sitenote_category":0,"jetpack_post_was_ever_published":false,"footnotes":""},"class_list":["post-187","page","type-page","status-publish","hentry"],"aioseo_notices":[],"jetpack_shortlink":"https:\/\/wp.me\/P4sq84-31","jetpack_sharing_enabled":true,"_links":{"self":[{"href":"https:\/\/www.aze-tuning.de\/tuning-shop\/wp-json\/wp\/v2\/pages\/187","targetHints":{"allow":["GET"]}}],"collection":[{"href":"https:\/\/www.aze-tuning.de\/tuning-shop\/wp-json\/wp\/v2\/pages"}],"about":[{"href":"https:\/\/www.aze-tuning.de\/tuning-shop\/wp-json\/wp\/v2\/types\/page"}],"author":[{"embeddable":true,"href":"https:\/\/www.aze-tuning.de\/tuning-shop\/wp-json\/wp\/v2\/users\/3"}],"replies":[{"embeddable":true,"href":"https:\/\/www.aze-tuning.de\/tuning-shop\/wp-json\/wp\/v2\/comments?post=187"}],"version-history":[{"count":8,"href":"https:\/\/www.aze-tuning.de\/tuning-shop\/wp-json\/wp\/v2\/pages\/187\/revisions"}],"predecessor-version":[{"id":1452,"href":"https:\/\/www.aze-tuning.de\/tuning-shop\/wp-json\/wp\/v2\/pages\/187\/revisions\/1452"}],"wp:attachment":[{"href":"https:\/\/www.aze-tuning.de\/tuning-shop\/wp-json\/wp\/v2\/media?parent=187"}],"curies":[{"name":"wp","href":"https:\/\/api.w.org\/{rel}","templated":true}]}}