{"id":198,"date":"2012-01-21T06:59:00","date_gmt":"2012-01-21T06:59:00","guid":{"rendered":"http:\/\/www.aze-tuning.de\/tuning-shop\/?page_id=198"},"modified":"2021-02-18T15:59:17","modified_gmt":"2021-02-18T15:59:17","slug":"friedrich-motorsport-facherkruemmer","status":"publish","type":"page","link":"https:\/\/www.aze-tuning.de\/tuning-shop\/friedrich-motorsport-facherkruemmer\/","title":{"rendered":"Friedrich Motorsport F\u00e4cherkr\u00fcmmer"},"content":{"rendered":"\n<div class=\"all_products_header\"><a href=\"..\/..\/Sportauspuff\/Faecherkruemmer\/?manufacturer=73018451637a4f868f242fbfd64f26bd&#038;order=name-asc&#038;p=1\">F\u00e4cherkr\u00fcmmer von Friedrich Motorsport <u>durchsuchen<\/u> \u2794 <\/a><\/div>\n\n\n\n<p><a class=\"header_shop_link\" title=\"Alle Artikel anzeigen\" href=\"https:\/\/www.aze-tuning.de\/Sportauspuff\/Faecherkruemmer\/?manufacturer=73018451637a4f868f242fbfd64f26bd&#038;order=name-asc&#038;p=1\">\u00dcber 250 Friedrich Motorsport F\u00e4cherkr\u00fcmmer im Sortiment. <b>Alle Artikel anzeigen<\/b><\/a><\/p>\n<h2>Friedrich Motorsport F\u00e4cherkr\u00fcmmer &#8211; Leistungssteigerung durch optimierte Abgasentsorgung<\/h2>\n<p>1992 gr\u00fcndete Dirk Friedrich sein Unternehmen Friedrich Motorsport.<br \/>In den Anf\u00e4ngen von Friedrich Motorsport lagen die Schwerpunkte nicht wie heute in F\u00e4cherkr\u00fcmmern und Sportauspuffanlagen, sondern im Bereich Motorumbauten, Motorinstandsetzung und unterschiedlichen Leistungssteigerungen, in denen auch damals schon F\u00e4cherkr\u00fcmmer, Tuning- Kolben usw. ihre Verwendung fanden.<br \/>Nach jahrerlanger Entwicklung \u00e4nderte die Firma Friedrich Motorsport ihr T\u00e4tigkeitsfeld und begann hochwertige Auspuffanlagen, Friedrich Motorsport F\u00e4cherkr\u00fcmmer und sportliche Endschalld\u00e4mpfer zu produzieren.<\/p>\n<h2>F\u00e4cherkr\u00fcmmer von Friedrich Motorsport sind hochwertige Tuning Produkte<\/h2>\n<p>In die Produktion von F\u00e4cherkr\u00fcmmern konnte Friedrich Motorsport sein ganzes Knowhow einflie\u00dfen lassen. Denn ein F\u00e4cherkr\u00fcmmer ist nicht gleich ein F\u00e4cherkr\u00fcmmer.<br \/>Bei der Produktion eines <strong>Friedrich Motorsport<\/strong> F\u00e4cherkr\u00fcmmers m\u00fcssen etliche Parameter des Motormanagements berechnet und verarbeitet werden, denn ein Friedrich Motorsport <strong>F\u00e4cherkr\u00fcmmer<\/strong> wird in seiner Rohrl\u00e4nge und im Durchmesser exakt auf das entsprechende Fahrzeug ausgelegt, das einen Friedrich Motorsport F\u00e4cherkr\u00fcmmer verbaut hat.<br \/>Nach der Verbrennung im Zylinderkopf str\u00f6men die Abgase mit bis zu 1200 km\/h in den serienm\u00e4\u00dfig verbauten Kr\u00fcmmer und in die Auspuffanlage. Durch eine penible Berechnung der F\u00e4cherkr\u00fcmmer &#8211; Geometrie erreicht Friedrich Motorsport die \u00dcberschneidung und somit entstehende Verwirbelungen der einzelnen Zylinder und erleichtern dem Kolben bei einer Verwendung eines F\u00e4cherkr\u00fcmmers das Abf\u00fchren der Abgase.<\/p>\n<h3>Friedrich Motorsport &#8211; Leistungsplus laut Teilegutachten (Zulassung)<\/h3>\n<p>Durch diese Modifikationen verspricht Friedrich Motorsport ein sattes Leistungsplus bei der Verwendung eines F\u00e4cherkr\u00fcmmers aus dem Hause Friedrich Motorsport in Verbindung mit der passenden Auspuffanlage.<br \/>Trotz dieses Eingriffs ins Motormanagement durch einen <em>Friedrich Motorsport<\/em> F\u00e4cherkr\u00fcmmer besitzen alle <em>F\u00e4cherkr\u00fcmmer<\/em> ein Teilegutachten, das eine Eintragung in die Fahrzeugpapiere durch Abnahmen nach \u00a7 19.3 m\u00f6glich macht.<\/p>\n\n\n\n<div class=\"col_right\"><\/div>\n\n\n\n\n\n<div class=\"col_footer\">&nbsp;<\/div>\n","protected":false},"excerpt":{"rendered":"<p>F\u00e4cherkr\u00fcmmer von Friedrich Motorsport durchsuchen \u2794 \u00dcber 250 Friedrich Motorsport F\u00e4cherkr\u00fcmmer im Sortiment. Alle Artikel anzeigen Friedrich Motorsport F\u00e4cherkr\u00fcmmer &#8211; Leistungssteigerung durch optimierte Abgasentsorgung 1992 gr\u00fcndete Dirk Friedrich sein Unternehmen Friedrich Motorsport.In den Anf\u00e4ngen von Friedrich Motorsport lagen die Schwerpunkte &hellip; <a href=\"https:\/\/www.aze-tuning.de\/tuning-shop\/friedrich-motorsport-facherkruemmer\/\">Weiterlesen <span class=\"meta-nav\">&rarr;<\/span><\/a><\/p>\n","protected":false},"author":3,"featured_media":0,"parent":0,"menu_order":0,"comment_status":"closed","ping_status":"closed","template":"","meta":{"_monsterinsights_skip_tracking":false,"_monsterinsights_sitenote_active":false,"_monsterinsights_sitenote_note":"","_monsterinsights_sitenote_category":0,"jetpack_post_was_ever_published":false,"footnotes":""},"class_list":["post-198","page","type-page","status-publish","hentry"],"aioseo_notices":[],"jetpack_shortlink":"https:\/\/wp.me\/P4sq84-3c","jetpack_sharing_enabled":true,"_links":{"self":[{"href":"https:\/\/www.aze-tuning.de\/tuning-shop\/wp-json\/wp\/v2\/pages\/198","targetHints":{"allow":["GET"]}}],"collection":[{"href":"https:\/\/www.aze-tuning.de\/tuning-shop\/wp-json\/wp\/v2\/pages"}],"about":[{"href":"https:\/\/www.aze-tuning.de\/tuning-shop\/wp-json\/wp\/v2\/types\/page"}],"author":[{"embeddable":true,"href":"https:\/\/www.aze-tuning.de\/tuning-shop\/wp-json\/wp\/v2\/users\/3"}],"replies":[{"embeddable":true,"href":"https:\/\/www.aze-tuning.de\/tuning-shop\/wp-json\/wp\/v2\/comments?post=198"}],"version-history":[{"count":8,"href":"https:\/\/www.aze-tuning.de\/tuning-shop\/wp-json\/wp\/v2\/pages\/198\/revisions"}],"predecessor-version":[{"id":788,"href":"https:\/\/www.aze-tuning.de\/tuning-shop\/wp-json\/wp\/v2\/pages\/198\/revisions\/788"}],"wp:attachment":[{"href":"https:\/\/www.aze-tuning.de\/tuning-shop\/wp-json\/wp\/v2\/media?parent=198"}],"curies":[{"name":"wp","href":"https:\/\/api.w.org\/{rel}","templated":true}]}}