{"id":268,"date":"2012-04-19T13:15:38","date_gmt":"2012-04-19T13:15:38","guid":{"rendered":"http:\/\/www.aze-tuning.de\/tuning-shop\/?page_id=268"},"modified":"2021-02-18T16:00:34","modified_gmt":"2021-02-18T16:00:34","slug":"friedrich-motorsport-schalldaempfer-attrappe","status":"publish","type":"page","link":"https:\/\/www.aze-tuning.de\/tuning-shop\/friedrich-motorsport-schalldaempfer-attrappe\/","title":{"rendered":"Friedrich Motorsport Schalld\u00e4mpfer Attrappe"},"content":{"rendered":"\n<div class=\"all_products_header\"><a href=\"..\/..\/Sportauspuff\/?manufacturer=73018451637a4f868f242fbfd64f26bd&#038;order=name-asc&#038;p=1\">Schalld\u00e4mpfer Attrappe von Friedrich Motorsport <u>durchsuchen<\/u> \u2794 <\/a><\/div>\n\n\n\n<h2>Die Friedrich Motorsport Schalld\u00e4mpfer Attrappe<\/h2>\n<p>Um den satten Sound der <a href=\"https:\/\/www.aze-tuning.de\/Sportauspuff\/?manufacturer=73018451637a4f868f242fbfd64f26bd&#038;order=name-asc&#038;p=1\">Friedrich Motorsport Sportauspuffanlagen<\/a> noch zu steigern bietet Friedrich Motorsport auch Schalld\u00e4mpfer Attrappen und Schalld\u00e4mpfer Ersatzrohre.<br \/>Diese Attrappen ersetzen meist die Vorschalld\u00e4mpfer und Mittelschalld\u00e4mpfer der <strong>Friedrich Motorsport Auspuffanlagen<\/strong>. Durch die Verwendung einer Schalld\u00e4mpfer Attrappe oder eines Schalld\u00e4mpfer Ersatzrohres erh\u00f6ht sich der Schalldurchsatz und die Friedrich Motorsport Auspuffanlage wird lauter.<br \/>Zus\u00e4tzlich zu der Phonerh\u00f6hung steigt auch die Leistung bei einer Verwendung von Friedrich Motorsport Schalld\u00e4mpfer Attrappen und Ersatzrohren, da die Abgase ungehindert und ungebremst durch die Friedrich Motorsport <strong>Sportauspuffanlage<\/strong> geleitet werden.<\/p>\n<h3>Schalld\u00e4mpfer Attrappe<\/h3>\n<p>Dennoch ist zu bedenken, dass alle <strong>Schalld\u00e4mpfer Attrappen<\/strong> und Mittelschalld\u00e4mpfer Ersatzrohre keine Freigabe laut Teilegutachten besitzen und somit bei einer Verwendung die Betriebserlaubnis erlischt.<br \/>In vereinzelten F\u00e4llen ist die Eintragung der Friedrich Motorsport Schalld\u00e4mpfer Attrappen und Vorschalld\u00e4mpfer Ersatzrohre durch Einzelabnahme m\u00f6glich. Dieses h\u00e4ngt aber stark von der Motorisierung und dem Abgasverhalten des entsprechenden Fahrzeuges ab.<br \/>Im Motorsport finden die Friedrich Motorsport <em>Schalld\u00e4mpfer Attrappen<\/em> und Vorschalld\u00e4mpfer Ersatzrohre schon seit Jahren Verwendung, da sie durch die erleichterte Abgasdurchf\u00fchrung die Leistung des Fahrzeuges stark verbessern.<\/p>\n\n\n\n<div class=\"col_right\"><\/div>\n\n\n\n\n\n<div class=\"col_footer\">&nbsp;<\/div>\n","protected":false},"excerpt":{"rendered":"<p>Schalld\u00e4mpfer Attrappe von Friedrich Motorsport durchsuchen \u2794 Die Friedrich Motorsport Schalld\u00e4mpfer Attrappe Um den satten Sound der Friedrich Motorsport Sportauspuffanlagen noch zu steigern bietet Friedrich Motorsport auch Schalld\u00e4mpfer Attrappen und Schalld\u00e4mpfer Ersatzrohre.Diese Attrappen ersetzen meist die Vorschalld\u00e4mpfer und Mittelschalld\u00e4mpfer der &hellip; <a href=\"https:\/\/www.aze-tuning.de\/tuning-shop\/friedrich-motorsport-schalldaempfer-attrappe\/\">Weiterlesen <span class=\"meta-nav\">&rarr;<\/span><\/a><\/p>\n","protected":false},"author":3,"featured_media":0,"parent":0,"menu_order":0,"comment_status":"closed","ping_status":"closed","template":"","meta":{"_monsterinsights_skip_tracking":false,"_monsterinsights_sitenote_active":false,"_monsterinsights_sitenote_note":"","_monsterinsights_sitenote_category":0,"jetpack_post_was_ever_published":false,"footnotes":""},"class_list":["post-268","page","type-page","status-publish","hentry"],"aioseo_notices":[],"jetpack_shortlink":"https:\/\/wp.me\/P4sq84-4k","jetpack_sharing_enabled":true,"_links":{"self":[{"href":"https:\/\/www.aze-tuning.de\/tuning-shop\/wp-json\/wp\/v2\/pages\/268","targetHints":{"allow":["GET"]}}],"collection":[{"href":"https:\/\/www.aze-tuning.de\/tuning-shop\/wp-json\/wp\/v2\/pages"}],"about":[{"href":"https:\/\/www.aze-tuning.de\/tuning-shop\/wp-json\/wp\/v2\/types\/page"}],"author":[{"embeddable":true,"href":"https:\/\/www.aze-tuning.de\/tuning-shop\/wp-json\/wp\/v2\/users\/3"}],"replies":[{"embeddable":true,"href":"https:\/\/www.aze-tuning.de\/tuning-shop\/wp-json\/wp\/v2\/comments?post=268"}],"version-history":[{"count":10,"href":"https:\/\/www.aze-tuning.de\/tuning-shop\/wp-json\/wp\/v2\/pages\/268\/revisions"}],"predecessor-version":[{"id":789,"href":"https:\/\/www.aze-tuning.de\/tuning-shop\/wp-json\/wp\/v2\/pages\/268\/revisions\/789"}],"wp:attachment":[{"href":"https:\/\/www.aze-tuning.de\/tuning-shop\/wp-json\/wp\/v2\/media?parent=268"}],"curies":[{"name":"wp","href":"https:\/\/api.w.org\/{rel}","templated":true}]}}