{"id":278,"date":"2012-04-19T13:37:33","date_gmt":"2012-04-19T13:37:33","guid":{"rendered":"http:\/\/www.aze-tuning.de\/tuning-shop\/?page_id=278"},"modified":"2021-02-18T16:51:03","modified_gmt":"2021-02-18T16:51:03","slug":"friedrich-motorsport-duplex-sportauspuff","status":"publish","type":"page","link":"https:\/\/www.aze-tuning.de\/tuning-shop\/friedrich-motorsport-duplex-sportauspuff\/","title":{"rendered":"Friedrich Motorsport Duplex Sportauspuff"},"content":{"rendered":"\n<div class=\"all_products_header\"><a href=\"..\/..\/Sportauspuff\/Duplex-Sportendschalldaempfer\/?manufacturer=73018451637a4f868f242fbfd64f26bd&#038;order=name-asc&#038;p=1\">Duplex Sportauspuff von Friedrich Motorsport <u>durchsuchen<\/u> \u2794 <\/a><\/div>\n\n\n\n<p><a class=\"header_shop_link\" title=\"Alle Artikel anzeigen\" href=\"https:\/\/www.aze-tuning.de\/Sportauspuff\/Duplex-Sportauspuffanlagen\/?manufacturer=73018451637a4f868f242fbfd64f26bd&amp;order=name-asc&amp;p=1\">\u00dcber 750 Friedrich Motorsport Duplex Sportauspuffanlagen im Sortiment. <b>Alle Artikel anzeigen<\/b><\/a><\/p>\n<h2>Der Duplex Sportauspuff, Rechts Links Ausgang von Friedrich Motorsport<\/h2>\n<p>Friedrich Motorsport war einer der ersten Hersteller von hochwertigen Duplex \u2013Systemen, Duplex Endschalld\u00e4mpfern und Duplex Sportauspuffanlagen.<br \/>Da die Fahrzeughersteller meist nur bei Oberklassemodellen oder bei Fahrzeugen mit der Spitzenmotorisierung eine <a href=\"https:\/\/www.aze-tuning.de\/Sportauspuff\/Duplex-Sportauspuffanlagen\/?manufacturer=73018451637a4f868f242fbfd64f26bd&#038;order=name-asc&#038;p=1\">Duplex Sportauspuffanlage<\/a> serienm\u00e4\u00dfig verbauen, hatten nur die Besserverdiener die M\u00f6glichkeit ihr Fahrzeugheck mit einer Rechts Links Duplex Sportauspuffanlage auszur\u00fcsten.<br \/>Um diesen Aspekt zu verhindern, entwickelte <strong>Friedrich Motorsport<\/strong> ein Duplex Endschalld\u00e4mpfer System, das nun auch alle anderen Fahrzeuge und Motorisierungen mit einem Friedrich Motorsport Duplex Endschalld\u00e4mpfer und einer Duplex <a href=\"https:\/\/www.aze-tuning.de\/Sportauspuff\/Duplex-Sportendschalldaempfer\/?manufacturer=73018451637a4f868f242fbfd64f26bd&#038;order=name-asc&#038;p=1\">Sportauspuff<\/a> Anlage ausr\u00fcsten l\u00e4sst.<br \/>Hierbei ist jedoch zu bedenken, dass die ge\u00e4nderte Rohrf\u00fchrung manchmal eine Verwendung eines Friedrich Motorsport Duplex Endschalld\u00e4mpfers in Verbindung mit einer Anh\u00e4ngerkupplung verhindert.<br \/>Friedrich Motorsport produziert seine Duplex Sportendschalld\u00e4mpfer und Duplex Sportauspuffanlagen in verschiedenen Ausf\u00fchrungen und Materialien.<\/p>\n<h2>Friedrich Motorsport Duplex \u2013Systeme<\/h2>\n<p>Die Friedrich Motorsport <strong>Duplex Systeme<\/strong> werden aus aluminiertem Stahl, Chromstahl, Edelstahl und sogar aus Titan gefertigt, was jedem Kunden eine Duplex Sportauspuffanlage erm\u00f6glicht, die zu seinem Geldbeutel passt.<br \/>Der Friedrich Motorsport Duplex Endschalld\u00e4mpfer aus aluminiertem Stahl ist die g\u00fcnstigste Variante der Duplex\u2013Systeme. Die aus Chromstahl gefertigten Duplex Sportauspuffanlagen sind durch den erh\u00f6hten Chromanteil im Metall bereits korrosionsbest\u00e4ndiger als die aus aluminiertem Stahl gefertigten Duplex Endschalld\u00e4mpfer.<br \/>Den gr\u00f6\u00dften Korrosionsschutz besitzt die Edelstahl Duplex Sportauspuffanlage, da Edelstahl den gr\u00f6\u00dften Anteil an Chrom besitzt, ist ein Rosten kaum noch m\u00f6glich.<br \/>Die Titan Duplex Sportauspuffanlagen sind die leichtesten Duplex \u2013Systeme von Friedrich Motorsport. Diese Titan Duplex Endschalld\u00e4mpfer sind federleicht und werden meist durch ihren hohen Preis nur bei hochwertigen Fahrzeugen oder im Motorsport verwendet.<br \/>Alle Friedrich Motorsport <strong>Duplex Auspuffanlagen<\/strong> werden mit einer fahrzeugbezogenen EG-Betriebserlaubnis geliefert, wodurch eine Eintragung in die Fahrzeugpapiere \u00fcberfl\u00fcssig ist.<\/p>\n\n\n\n<div class=\"col_right\"><\/div>\n\n\n\n\n\n<div class=\"col_footer\">&nbsp;<\/div>\n","protected":false},"excerpt":{"rendered":"<p>Duplex Sportauspuff von Friedrich Motorsport durchsuchen \u2794 \u00dcber 750 Friedrich Motorsport Duplex Sportauspuffanlagen im Sortiment. Alle Artikel anzeigen Der Duplex Sportauspuff, Rechts Links Ausgang von Friedrich Motorsport Friedrich Motorsport war einer der ersten Hersteller von hochwertigen Duplex \u2013Systemen, Duplex Endschalld\u00e4mpfern &hellip; <a href=\"https:\/\/www.aze-tuning.de\/tuning-shop\/friedrich-motorsport-duplex-sportauspuff\/\">Weiterlesen <span class=\"meta-nav\">&rarr;<\/span><\/a><\/p>\n","protected":false},"author":3,"featured_media":0,"parent":0,"menu_order":0,"comment_status":"closed","ping_status":"closed","template":"","meta":{"_monsterinsights_skip_tracking":false,"_monsterinsights_sitenote_active":false,"_monsterinsights_sitenote_note":"","_monsterinsights_sitenote_category":0,"jetpack_post_was_ever_published":false,"footnotes":""},"class_list":["post-278","page","type-page","status-publish","hentry"],"aioseo_notices":[],"jetpack_shortlink":"https:\/\/wp.me\/P4sq84-4u","jetpack_sharing_enabled":true,"_links":{"self":[{"href":"https:\/\/www.aze-tuning.de\/tuning-shop\/wp-json\/wp\/v2\/pages\/278","targetHints":{"allow":["GET"]}}],"collection":[{"href":"https:\/\/www.aze-tuning.de\/tuning-shop\/wp-json\/wp\/v2\/pages"}],"about":[{"href":"https:\/\/www.aze-tuning.de\/tuning-shop\/wp-json\/wp\/v2\/types\/page"}],"author":[{"embeddable":true,"href":"https:\/\/www.aze-tuning.de\/tuning-shop\/wp-json\/wp\/v2\/users\/3"}],"replies":[{"embeddable":true,"href":"https:\/\/www.aze-tuning.de\/tuning-shop\/wp-json\/wp\/v2\/comments?post=278"}],"version-history":[{"count":14,"href":"https:\/\/www.aze-tuning.de\/tuning-shop\/wp-json\/wp\/v2\/pages\/278\/revisions"}],"predecessor-version":[{"id":841,"href":"https:\/\/www.aze-tuning.de\/tuning-shop\/wp-json\/wp\/v2\/pages\/278\/revisions\/841"}],"wp:attachment":[{"href":"https:\/\/www.aze-tuning.de\/tuning-shop\/wp-json\/wp\/v2\/media?parent=278"}],"curies":[{"name":"wp","href":"https:\/\/api.w.org\/{rel}","templated":true}]}}