{"id":288,"date":"2012-04-19T14:35:24","date_gmt":"2012-04-19T14:35:24","guid":{"rendered":"http:\/\/www.aze-tuning.de\/tuning-shop\/?page_id=288"},"modified":"2021-02-18T16:28:33","modified_gmt":"2021-02-18T16:28:33","slug":"v-maxx-sportbremsanlage","status":"publish","type":"page","link":"https:\/\/www.aze-tuning.de\/tuning-shop\/v-maxx-sportbremsanlage\/","title":{"rendered":"V-Maxx Sportbremsanlage"},"content":{"rendered":"\n<div class=\"all_products_header\"><a href=\"..\/..\/Bremsentuning\/Sportbremsanlage\/?manufacturer=5b15ae5e379f4527a29ba4821626ca76&#038;order=name-asc&#038;p=1\">Bremsanlagen von V-Maxx <u>durchsuchen<\/u> \u2794 <\/a><\/div>\n\n\n\n<h2>V-Maxx Bremsanlage<\/h2>\n<p>Big Brake Kit, die 4 Kolben Bremsanlage aus dem Hause V-Maxx<br \/>Nach langer Entwicklungszeit ist nur auch die Firma <a href=\"https:\/\/www.aze-tuning.de\/Bremsentuning\/Sportbremsanlage\/?manufacturer=5b15ae5e379f4527a29ba4821626ca76&#038;order=name-asc&#038;p=1\">V-Maxx<\/a> einer der Top Hersteller von hochwertigen und leistungsstarken <em>4 Kolben Sportbremsanlagen<\/em>. Mit Ihrem <strong>Big Brake Kit<\/strong> hat das Unternehmen ein <strong>4 Kolben Sportbremsanlagen Kit<\/strong> zusammengestellt was in Sachen Preis- Leistung- Verh\u00e4ltnis seines geleichen sucht.<br \/>Das <a href=\"https:\/\/www.aze-tuning.de\/Bremsentuning\/Sportbremsanlage\/?manufacturer=5b15ae5e379f4527a29ba4821626ca76&#038;order=name-asc&#038;p=1\">V-Maxx Big Brake Kit<\/a> besteht nur aus hochwertigsten Materialen was eine lange Lebensdauer der Sportbremsanlage verspricht.<br \/>Der 4 Kolben Bremssattel ist vollst\u00e4ndig aus gefr\u00e4stem Aluminium gefertigt und mit schwimmenden Kolben best\u00fcckt. Dieses System bewirkt das auch bei starken Kurvenfahrten in denen das Fahrzeug sich zu verwinden droht die Bremskolben der 4 Kolben Bremsanlage jederzeit konstanten Druck auf den Bremsbelag aus\u00fcben kann.<\/p>\n<h3>V-Maxx Bremsbel\u00e4ge<\/h3>\n<p>Die Zweiteiligen geschlitzten Bremsscheiben haben einen Durchmesser von 330mm. Durch die schlitze auf der Bremsscheibe und der Turbinen Luftf\u00fchrung in der Bremsscheibe ist eine ideale K\u00fchlung der zweiteiligen Bremsscheibe des <em>V-Maxx<\/em> Big Brake Kits garantiert. Durch den zweiteiligen Aufbau der V-Maxx Bremsscheibe ist der Thermoausgleich gew\u00e4hrleistet und verhindert so ein Aufheizen der restlichen Fahrwerksbestandteile wie Fahrwerk und Bremsleitungen.<br \/>Die Hochleistungs Bremsbel\u00e4ge des <em>V-Maxx Big Brake Kit<\/em> sind perfekt auf das Zusammenspiel des 4 Kolben Aluminium Bremssattels und der zweiteiligen Sportbremsscheibe abgestimmt. Der Reibwert der V-Maxx Bremsbel\u00e4ge ist ideal auf jedes Fahrzeug abgestimmt und arbeitet harmonisch mit der Serienm\u00e4\u00dfigen Bremsanlage an der Hinterachse zusammen. Optional zu den Standard Bremsbel\u00e4gen der Big Brake Kit Bremsanlage bietet <strong>V-Maxx<\/strong> auch Ferodo Racing Bremsbel\u00e4ge welche durch ihren erh\u00f6hten Reibwert jedoch rein f\u00fcr den Motorsport gedacht sind.<br \/>Das <strong>V-Maxx Big Brake Kit<\/strong> wird in Zwei Ausf\u00fchrungen geliefert. Das eine V-Maxx Big Brake Kit wird ohne Steelflex Edelstahl Bremsschl\u00e4uchen geliefert, was eine Verwendung der serienm\u00e4\u00dfigen Bremsschl\u00e4uche verlangt. Das zweite V-Maxx Big Brake Kit wird mit hochwertigen Edelstahl Steelflex Bremsschl\u00e4uchen geliefert welche ein ausdehnen der Bremsschl\u00e4uche verhindert und somit ein noch pr\u00e4ziseres Bremsverhalten erm\u00f6glicht.<br \/>Die V-Maxx Big Brake Kit 4 Kolben Sportbremsanlage besitzt fahrzeugeigene Teilegutachten und sind vollst\u00e4ndig f\u00fcr den Stra\u00dfenkehrer Freigegeben.<\/p>\n\n\n\n<div class=\"col_right\"><\/div>\n\n\n\n\n\n<div class=\"col_footer\">&nbsp;<\/div>\n","protected":false},"excerpt":{"rendered":"<p>Bremsanlagen von V-Maxx durchsuchen \u2794 V-Maxx Bremsanlage Big Brake Kit, die 4 Kolben Bremsanlage aus dem Hause V-MaxxNach langer Entwicklungszeit ist nur auch die Firma V-Maxx einer der Top Hersteller von hochwertigen und leistungsstarken 4 Kolben Sportbremsanlagen. Mit Ihrem Big &hellip; <a href=\"https:\/\/www.aze-tuning.de\/tuning-shop\/v-maxx-sportbremsanlage\/\">Weiterlesen <span class=\"meta-nav\">&rarr;<\/span><\/a><\/p>\n","protected":false},"author":3,"featured_media":0,"parent":0,"menu_order":0,"comment_status":"closed","ping_status":"closed","template":"","meta":{"_monsterinsights_skip_tracking":false,"_monsterinsights_sitenote_active":false,"_monsterinsights_sitenote_note":"","_monsterinsights_sitenote_category":0,"jetpack_post_was_ever_published":false,"footnotes":""},"class_list":["post-288","page","type-page","status-publish","hentry"],"aioseo_notices":[],"jetpack_shortlink":"https:\/\/wp.me\/P4sq84-4E","jetpack_sharing_enabled":true,"_links":{"self":[{"href":"https:\/\/www.aze-tuning.de\/tuning-shop\/wp-json\/wp\/v2\/pages\/288","targetHints":{"allow":["GET"]}}],"collection":[{"href":"https:\/\/www.aze-tuning.de\/tuning-shop\/wp-json\/wp\/v2\/pages"}],"about":[{"href":"https:\/\/www.aze-tuning.de\/tuning-shop\/wp-json\/wp\/v2\/types\/page"}],"author":[{"embeddable":true,"href":"https:\/\/www.aze-tuning.de\/tuning-shop\/wp-json\/wp\/v2\/users\/3"}],"replies":[{"embeddable":true,"href":"https:\/\/www.aze-tuning.de\/tuning-shop\/wp-json\/wp\/v2\/comments?post=288"}],"version-history":[{"count":9,"href":"https:\/\/www.aze-tuning.de\/tuning-shop\/wp-json\/wp\/v2\/pages\/288\/revisions"}],"predecessor-version":[{"id":826,"href":"https:\/\/www.aze-tuning.de\/tuning-shop\/wp-json\/wp\/v2\/pages\/288\/revisions\/826"}],"wp:attachment":[{"href":"https:\/\/www.aze-tuning.de\/tuning-shop\/wp-json\/wp\/v2\/media?parent=288"}],"curies":[{"name":"wp","href":"https:\/\/api.w.org\/{rel}","templated":true}]}}