{"id":45,"date":"2011-12-22T05:33:22","date_gmt":"2011-12-22T05:33:22","guid":{"rendered":"http:\/\/www.aze-tuning.de\/tuning-shop\/?page_id=45"},"modified":"2021-02-18T16:40:37","modified_gmt":"2021-02-18T16:40:37","slug":"hr-cup-kit-sportfahrwerk","status":"publish","type":"page","link":"https:\/\/www.aze-tuning.de\/tuning-shop\/hr-cup-kit-sportfahrwerk\/","title":{"rendered":"H&#038;R Cup Kit Sportfahrwerk"},"content":{"rendered":"\n<div class=\"all_products_header\"><a href=\"..\/..\/Fahrwerkstechnik\/Sportfahrwerke\/?manufacturer=35536b15bcf04505a9add61fb123008b&amp;order=name-asc&amp;p=1\">Cup Kit Sportfahrwerk von H&amp;R <u>durchsuchen<\/u> \u2794 <\/a><\/div>\n\n\n\n<h2>Das H&amp;R Cup Kit Sportfahrwerk<\/h2>\n<p style=\"text-align: justify;\">Mit dem Cup Kit hat H&amp;R sein Sortiment an sportlichen Fahrwerken um ein Tieferlegungsfahrwerk der Spitzenklasse erweitert.<br \/>Das Komplettfahrwerk wurde speziell entwickelt, um dem Kunden eine satte Tieferlegung seines Fahrzeuges zu erm\u00f6glichen.<br \/>Die Tieferlegung des H&amp;R Cup Kits kann in verschiedenen Tiefen geordert werden. Selbst markante Keilformen, bei denen die Fahrzeugfront tiefer gesetzt wird, als das Heck sind \u00fcber den H&amp;R Fachh\u00e4ndler zu beziehen.<\/p>\n<p><strong>Interessante H&amp;R Cup Kit Angebote:<\/strong><br \/><a href=\"https:\/\/www.aze-tuning.de\/Fahrwerkstechnik\/Sportfahrwerke\/?manufacturer=35536b15bcf04505a9add61fb123008b&#038;order=name-asc&#038;p=1\">H&amp;R Cup Kit Audi A3<\/a> | <a href=\"https:\/\/www.aze-tuning.de\/Fahrwerkstechnik\/Sportfahrwerke\/?manufacturer=35536b15bcf04505a9add61fb123008b&#038;order=name-asc&#038;p=1\">H&amp;R Cup Kit VW Golf III Limo<\/a> | <a title=\"h&amp;r cup kit golf 4\" href=\"https:\/\/www.aze-tuning.de\/Fahrwerkstechnik\/Sportfahrwerke\/?manufacturer=35536b15bcf04505a9add61fb123008b&#038;order=name-asc&#038;p=1\">H&amp;R Cup Kit Golf 4<\/a><\/p>\n<h3>H&amp;R Cup Kit &#8211; Tieferlegung mit individueller Abstimmung<\/h3>\n<p style=\"text-align: justify;\">Zus\u00e4tzlich zu dem <strong>Cup Kit<\/strong> mit starker Tieferlegung und Sportabstimmung bietet H&amp;R auch ein Cup Kit mit Komfortabstimmung mit moderater Absenkung.<br \/>Das <strong>H&amp;R Cup Kit<\/strong> besteht aus eigens f\u00fcr H&amp;R hergestelltem (Rebound) Sportsto\u00dfd\u00e4mpfern, die dank ihrer sportlichen Kennlinie perfekt zu den extra entwickelten progressiven Tieferlegungsfedern passen.<\/p>\n<h2>Rebound Sto\u00dfd\u00e4mpfer<\/h2>\n<p style=\"text-align: justify;\">Unter Rebound Sto\u00dfd\u00e4mpfern versteht man spezielle Sto\u00dfd\u00e4mpfer, bei denen der Aushub der Kolbenstange begrenzt wurde, um zu verhindern, dass die Feder bei zu weitem Aushub der Kolbenstange vom Federteller springt.<\/p>\n<h3>H&amp;R &#8211; Fahrgef\u00fchl erleben mit dem Cup Kit<\/h3>\n<p>F\u00fcr einige Fahrzeuge wurde das <a title=\"H&amp;R Cup Kit Sportfahrwerk\" href=\"https:\/\/www.aze-tuning.de\/Fahrwerkstechnik\/Sportfahrwerke\/?manufacturer=35536b15bcf04505a9add61fb123008b&#038;order=name-asc&#038;p=1\">H&amp;R Cup Kit<\/a> so konzipiert, dass die H\u00e4rte am Sto\u00dfd\u00e4mpfer manuell eingestellt werden kann. Die Sportsto\u00dfd\u00e4mpfer f\u00fcr das H&amp;R Cup Kit werden bei f\u00fchrenden Sto\u00dfd\u00e4mpferherstellern nach eigenen Vorgaben exklusiv f\u00fcr <em>H&amp;R<\/em> produziert. Die Kombination aus sportlichen Sto\u00dfd\u00e4mpfern und passenden Tieferlegungsfedern erm\u00f6glicht ein Fahrgef\u00fchl, das man nur im <em>H&amp;R Cup Kit<\/em> erleben kann.<\/p>\n<h2>AZE Auto Tuning-Shop<\/h2>\n<p style=\"text-align: left;\">Das gute Preis-Leistungs-Verh\u00e4ltnis in Verbindung mit der top Qualit\u00e4t macht aus dem <strong>H&amp;R Cup Kit ein Sportfahrwerk<\/strong> etwas ganz Besonderes, das seines Gleichen sucht.<br \/>Sie finden ein gro\u00dfes Sortiment an H&amp;R Tuning Teilen in unserem <a title=\"Auto-Tuning-Shop\" href=\"https:\/\/www.aze-tuning.de\">Auto-Tuning-Shop<\/a>.<\/p>\n\n\n\n<div class=\"col_right\"><\/div>\n\n\n\n\n\n<div class=\"col_footer\">&nbsp;<\/div>\n","protected":false},"excerpt":{"rendered":"<p>Cup Kit Sportfahrwerk von H&amp;R durchsuchen \u2794 Das H&amp;R Cup Kit Sportfahrwerk Mit dem Cup Kit hat H&amp;R sein Sortiment an sportlichen Fahrwerken um ein Tieferlegungsfahrwerk der Spitzenklasse erweitert.Das Komplettfahrwerk wurde speziell entwickelt, um dem Kunden eine satte Tieferlegung seines &hellip; <a href=\"https:\/\/www.aze-tuning.de\/tuning-shop\/hr-cup-kit-sportfahrwerk\/\">Weiterlesen <span class=\"meta-nav\">&rarr;<\/span><\/a><\/p>\n","protected":false},"author":3,"featured_media":0,"parent":0,"menu_order":0,"comment_status":"closed","ping_status":"closed","template":"","meta":{"_monsterinsights_skip_tracking":false,"_monsterinsights_sitenote_active":false,"_monsterinsights_sitenote_note":"","_monsterinsights_sitenote_category":0,"jetpack_post_was_ever_published":false,"footnotes":""},"class_list":["post-45","page","type-page","status-publish","hentry"],"aioseo_notices":[],"jetpack_shortlink":"https:\/\/wp.me\/P4sq84-J","jetpack_sharing_enabled":true,"_links":{"self":[{"href":"https:\/\/www.aze-tuning.de\/tuning-shop\/wp-json\/wp\/v2\/pages\/45","targetHints":{"allow":["GET"]}}],"collection":[{"href":"https:\/\/www.aze-tuning.de\/tuning-shop\/wp-json\/wp\/v2\/pages"}],"about":[{"href":"https:\/\/www.aze-tuning.de\/tuning-shop\/wp-json\/wp\/v2\/types\/page"}],"author":[{"embeddable":true,"href":"https:\/\/www.aze-tuning.de\/tuning-shop\/wp-json\/wp\/v2\/users\/3"}],"replies":[{"embeddable":true,"href":"https:\/\/www.aze-tuning.de\/tuning-shop\/wp-json\/wp\/v2\/comments?post=45"}],"version-history":[{"count":16,"href":"https:\/\/www.aze-tuning.de\/tuning-shop\/wp-json\/wp\/v2\/pages\/45\/revisions"}],"predecessor-version":[{"id":837,"href":"https:\/\/www.aze-tuning.de\/tuning-shop\/wp-json\/wp\/v2\/pages\/45\/revisions\/837"}],"wp:attachment":[{"href":"https:\/\/www.aze-tuning.de\/tuning-shop\/wp-json\/wp\/v2\/media?parent=45"}],"curies":[{"name":"wp","href":"https:\/\/api.w.org\/{rel}","templated":true}]}}