{"id":52,"date":"2011-12-22T06:09:28","date_gmt":"2011-12-22T06:09:28","guid":{"rendered":"http:\/\/www.aze-tuning.de\/tuning-shop\/?page_id=52"},"modified":"2021-02-18T16:15:28","modified_gmt":"2021-02-18T16:15:28","slug":"hr-tieferlegungsfedern","status":"publish","type":"page","link":"https:\/\/www.aze-tuning.de\/tuning-shop\/hr-tieferlegungsfedern\/","title":{"rendered":"H&#038;R Tieferlegungsfedern"},"content":{"rendered":"\n<div class=\"all_products_header\"><a href=\"..\/..\/Fahrwerkstechnik\/Tieferlegungsfedern\/?manufacturer=35536b15bcf04505a9add61fb123008b&#038;order=name-asc&#038;p=1\">H&amp;R Tieferlegungsfedern <u>durchsuchen<\/u> \u2794 <\/a><\/div>\n\n\n\n<h2>Die H&amp;R Tieferlegungsfedern<\/h2>\n<p style=\"text-align: justify;\">Die Tieferlegungsfedern sind die kosteng\u00fcnstige L\u00f6sung um sein Fahrzeug ein paar Zentimeter Richtung Boden zu bekommen.<br \/>Mit \u00fcber 1300 unterschiedliche Tieferlegungs- und Sportfedern ist H&amp;R in der Lage fast alle Fahrzeughersteller und Modeltypen mit den passenden Tieferlegungsfedern auszur\u00fcsten.<\/p>\n<h3>H&amp;R Tieferlegungsfedern &#8211; Was ist zu beachten?<\/h3>\n<p style=\"text-align: justify;\">Die Sportfeders\u00e4tze sind alle frei kombinierbar, ob Sportsto\u00dfd\u00e4mpfer der Marke H&amp;R, Sto\u00dfd\u00e4mpfer anderer Tuner oder sogar Seriend\u00e4mpfer k\u00f6nnen mit den fahrzeugspezifischen Tieferlegungsfedern passgenau best\u00fcckt werden.<br \/>Dennoch ist bei Verwendung von Seriend\u00e4mpfern eines zu beachten.<br \/>Da die Seriensto\u00dfd\u00e4mpfer auf die Serienfedern angepasst sind haben sie nur eine begrenzte eintauchtiefe und k\u00f6nnen bei zu gro\u00df gew\u00e4hlter Tieferlegung \u201edurchsto\u00dfen\u201c.<\/p>\n<p>Interessante Angebote zu <strong>H&amp;R Tieferlegungsfedern<\/strong>:<br \/><a href=\"https:\/\/www.aze-tuning.de\/Fahrwerkstechnik\/Tieferlegungsfedern\/?manufacturer=35536b15bcf04505a9add61fb123008b&#038;order=name-asc&#038;p=1\">H und R Tieferlegungsfedern<\/a><\/p>\n<h2>H&amp;R Tieferlegungsfedern &#8211; Empfehlungen<\/h2>\n<p style=\"text-align: justify;\">Deshalb empfehlen <strong>H&amp;R als namenhaften Hersteller von Tieferlegungsfedern<\/strong> eine maximale Tieferlegung bei Verwendung von Seriend\u00e4mpfern von 35 mm.<br \/>Bei einer Montage von <em>H&amp;R Tieferlegungsfedern<\/em> ab einer Tiefe von 35 mm empfiehlt H&amp;R die Verwendung von speziell gek\u00fcrzten Sto\u00dfd\u00e4mpfer oder passgenaue Sportsto\u00dfd\u00e4mpfer.<\/p>\n<p>Trotz kosteng\u00fcnstigen Anschaffungspreises ist ein sportlich strammes Fahrverhalten garantiert, welches den Fahrkomfort nicht beeinflusst.<br \/>Die Firma H&amp;R bietet als einer der wenigen Hersteller von Sportfahrwerken eine gro\u00dfen Auswahl an ABE\u00b4s (Allgemeine Betriebserlaubnis) dadurch entf\u00e4llt sogar f\u00fcr die g\u00e4ngigsten Fahrzeugmodelle die kostenintensive und zeitaufwendige&nbsp;Abnahme.<\/p>\n\n\n\n<div class=\"col_right\"><\/div>\n\n\n\n\n\n<div class=\"col_footer\">&nbsp;<\/div>\n","protected":false},"excerpt":{"rendered":"<p>H&amp;R Tieferlegungsfedern durchsuchen \u2794 Die H&amp;R Tieferlegungsfedern Die Tieferlegungsfedern sind die kosteng\u00fcnstige L\u00f6sung um sein Fahrzeug ein paar Zentimeter Richtung Boden zu bekommen.Mit \u00fcber 1300 unterschiedliche Tieferlegungs- und Sportfedern ist H&amp;R in der Lage fast alle Fahrzeughersteller und Modeltypen mit &hellip; <a href=\"https:\/\/www.aze-tuning.de\/tuning-shop\/hr-tieferlegungsfedern\/\">Weiterlesen <span class=\"meta-nav\">&rarr;<\/span><\/a><\/p>\n","protected":false},"author":3,"featured_media":0,"parent":0,"menu_order":0,"comment_status":"closed","ping_status":"closed","template":"","meta":{"_monsterinsights_skip_tracking":false,"_monsterinsights_sitenote_active":false,"_monsterinsights_sitenote_note":"","_monsterinsights_sitenote_category":0,"jetpack_post_was_ever_published":false,"footnotes":""},"class_list":["post-52","page","type-page","status-publish","hentry"],"aioseo_notices":[],"jetpack_shortlink":"https:\/\/wp.me\/P4sq84-Q","jetpack_sharing_enabled":true,"_links":{"self":[{"href":"https:\/\/www.aze-tuning.de\/tuning-shop\/wp-json\/wp\/v2\/pages\/52","targetHints":{"allow":["GET"]}}],"collection":[{"href":"https:\/\/www.aze-tuning.de\/tuning-shop\/wp-json\/wp\/v2\/pages"}],"about":[{"href":"https:\/\/www.aze-tuning.de\/tuning-shop\/wp-json\/wp\/v2\/types\/page"}],"author":[{"embeddable":true,"href":"https:\/\/www.aze-tuning.de\/tuning-shop\/wp-json\/wp\/v2\/users\/3"}],"replies":[{"embeddable":true,"href":"https:\/\/www.aze-tuning.de\/tuning-shop\/wp-json\/wp\/v2\/comments?post=52"}],"version-history":[{"count":8,"href":"https:\/\/www.aze-tuning.de\/tuning-shop\/wp-json\/wp\/v2\/pages\/52\/revisions"}],"predecessor-version":[{"id":811,"href":"https:\/\/www.aze-tuning.de\/tuning-shop\/wp-json\/wp\/v2\/pages\/52\/revisions\/811"}],"wp:attachment":[{"href":"https:\/\/www.aze-tuning.de\/tuning-shop\/wp-json\/wp\/v2\/media?parent=52"}],"curies":[{"name":"wp","href":"https:\/\/api.w.org\/{rel}","templated":true}]}}