{"id":73,"date":"2012-01-10T13:20:46","date_gmt":"2012-01-10T13:20:46","guid":{"rendered":"http:\/\/www.aze-tuning.de\/tuning-shop\/?page_id=73"},"modified":"2021-02-18T15:43:06","modified_gmt":"2021-02-18T15:43:06","slug":"eibach-sport-fahrwerke","status":"publish","type":"page","link":"https:\/\/www.aze-tuning.de\/tuning-shop\/eibach-sport-fahrwerke\/","title":{"rendered":"Eibach Sport-Fahrwerke"},"content":{"rendered":"\n<div class=\"all_products_header\"><a href=\"..\/..\/Fahrwerkstechnik\/Sportfahrwerke\/?manufacturer=0dc48d67aac04b168c9ebb4b573d07e1&#038;order=name-asc&#038;p=1\">Sportfahrwerke von Eibach <u>durchsuchen<\/u> \u2794 <\/a><\/div>\n\n\n\n<h2>Eibach Fahrwerke<br \/>= 100% Performance<\/h2>\n<p>Die Eibach Fahrwerke sind nicht nur Sportfahrwerke. Mit dem Pro-System und dem Sport-System deckt Eibach den kompletten Markt f\u00fcr Performance Komplettfahrwerke ab.<\/p>\n<p>Durch jahrelange Erfahrung aus dem Rennsport ist es dem Traditionshersteller Eibach gelungen seinen Fahrwerken und Sportfahrwerken eine nie dagewesene Performance zu verpassen.<br \/>Mit dem Eibach Pro-System und Eibach Sport-System hat der Platzhirsch zwei Varianten auf den Markt gebracht, die trotz atemberaubender Stra\u00dfenperformance keinerlei Einschr\u00e4nkungen in Sachen Fahrqualit\u00e4t und Komfort mit sich bringen.<br \/>Das Eibach Pro-System wurde von den <em>Eibach Fahrwerk<\/em> Ingenieuren auf maximale Performance hin entwickelt, ohne dass die Fahrqualit\u00e4t negativ beeinflusst wurde.<\/p>\n<h2>Eibach Sportfahrwerke sorgen f\u00fcr mehr Fahrvergn\u00fcgen<\/h2>\n<p>Durch das <strong>Eibach Pro-System Sportfahrwerk<\/strong> verbessert sich beim Einlenken das Ansprechverhalten, wodurch die gesamte Lenkung direkter wird und man ein genaueres Feedback zur\u00fcckbekommt. Das Pro-System Fahrwerk verringert die Neige- und Roll-Bewegung des Fahrzeugs erheblich und verbessert so die Fahrsicherheit im Grenzbereich. Auch hier wurde der Fahrkomfort nicht aus den Augen gelassen.<br \/>Das Pro-System <strong>Eibach Sportfahrwerk<\/strong> wurde bis ins letzte Detail aufeinander abgestimmt.<br \/>Die Kombination aus speziell auf das Fahrzeug abgestimmten Performance-D\u00e4mpfern und entsprechenden Sportfedern sowie Anschlagspuffer (Cellasto-Puffer) machen aus dem Eibach Pro-System Sportfahrwerk einen exzellenten Partner f\u00fcr sportliche Fahrer.<br \/>Die Tieferlegung beim <em>Eibach Pro-System Fahrwerk<\/em> liegt bei maximal 40mm, die sich bei den unterschiedlichen Fahrzeugvarianten und Modelreihen unterscheiden lassen.<br \/>Wenn die 40 mm des Eibach Pro-System Sportfahrwerkes nicht tief genug sein sollten, bietet Eibach dennoch das passende Sportfahrwerk an.<\/p>\n<h3>Tieferlegung mit den Eibach Fahrwerken<\/h3>\n<p>Das <strong>Eibach Sport-System Fahrwerk<\/strong> wurde f\u00fcr eine Tieferlegung von 50 mm entwickelt.<br \/>Das Sportfahrwerk sollte trotz der starken Tieferlegung eine bestm\u00f6gliche Stra\u00dfenlage bieten. Zu der aggressiven Optik, die durch die Tieferlegung erzielt wurde, verbessert sich das Ansprechverhalten so stark, dass ein Vergleich mit einem Tourenwagen nicht weit hergeholt ist.<br \/>Durch die Verringerung der Rollbewegung k\u00f6nnen Kurvengeschwindigkeiten erreicht werden, die mit einem Serien Fahrwerk nicht ansatzweise realisierbar sind.<br \/>Beide Fahrwerke sind eine Klasse f\u00fcr sich.<\/p>\n<h3>Das Eibach Pro-System Sportfahrwerk<\/h3>\n<p>Das <strong>Eibach Sportfahrwerk<\/strong> Pro-System und das Eibach Sport-System Fahrwerk sind ein Muss f\u00fcr Fahrzeugbesitzer, die nicht nur ein <em>Sportfahrwerk<\/em> suchen um Ihr Auto tiefer zu legen, sondern auch die Stra\u00dfenperformance stark verbessern wollen.<\/p>\n\n\n\n<div class=\"col_right\"><\/div>\n\n\n\n\n\n<div class=\"col_footer\">&nbsp;<\/div>\n","protected":false},"excerpt":{"rendered":"<p>Sportfahrwerke von Eibach durchsuchen \u2794 Eibach Fahrwerke= 100% Performance Die Eibach Fahrwerke sind nicht nur Sportfahrwerke. Mit dem Pro-System und dem Sport-System deckt Eibach den kompletten Markt f\u00fcr Performance Komplettfahrwerke ab. Durch jahrelange Erfahrung aus dem Rennsport ist es dem &hellip; <a href=\"https:\/\/www.aze-tuning.de\/tuning-shop\/eibach-sport-fahrwerke\/\">Weiterlesen <span class=\"meta-nav\">&rarr;<\/span><\/a><\/p>\n","protected":false},"author":3,"featured_media":0,"parent":0,"menu_order":0,"comment_status":"closed","ping_status":"closed","template":"","meta":{"_monsterinsights_skip_tracking":false,"_monsterinsights_sitenote_active":false,"_monsterinsights_sitenote_note":"","_monsterinsights_sitenote_category":0,"jetpack_post_was_ever_published":false,"footnotes":""},"class_list":["post-73","page","type-page","status-publish","hentry"],"aioseo_notices":[],"jetpack_shortlink":"https:\/\/wp.me\/P4sq84-1b","jetpack_sharing_enabled":true,"_links":{"self":[{"href":"https:\/\/www.aze-tuning.de\/tuning-shop\/wp-json\/wp\/v2\/pages\/73","targetHints":{"allow":["GET"]}}],"collection":[{"href":"https:\/\/www.aze-tuning.de\/tuning-shop\/wp-json\/wp\/v2\/pages"}],"about":[{"href":"https:\/\/www.aze-tuning.de\/tuning-shop\/wp-json\/wp\/v2\/types\/page"}],"author":[{"embeddable":true,"href":"https:\/\/www.aze-tuning.de\/tuning-shop\/wp-json\/wp\/v2\/users\/3"}],"replies":[{"embeddable":true,"href":"https:\/\/www.aze-tuning.de\/tuning-shop\/wp-json\/wp\/v2\/comments?post=73"}],"version-history":[{"count":21,"href":"https:\/\/www.aze-tuning.de\/tuning-shop\/wp-json\/wp\/v2\/pages\/73\/revisions"}],"predecessor-version":[{"id":767,"href":"https:\/\/www.aze-tuning.de\/tuning-shop\/wp-json\/wp\/v2\/pages\/73\/revisions\/767"}],"wp:attachment":[{"href":"https:\/\/www.aze-tuning.de\/tuning-shop\/wp-json\/wp\/v2\/media?parent=73"}],"curies":[{"name":"wp","href":"https:\/\/api.w.org\/{rel}","templated":true}]}}