{"id":76,"date":"2012-01-10T13:27:42","date_gmt":"2012-01-10T13:27:42","guid":{"rendered":"http:\/\/www.aze-tuning.de\/tuning-shop\/?page_id=76"},"modified":"2021-02-18T16:14:11","modified_gmt":"2021-02-18T16:14:11","slug":"hr-stossdaempfer","status":"publish","type":"page","link":"https:\/\/www.aze-tuning.de\/tuning-shop\/hr-stossdaempfer\/","title":{"rendered":"H&#038;R Sto\u00dfd\u00e4mpfer"},"content":{"rendered":"\n<div class=\"all_products_header\"><a href=\"..\/..\/Fahrwerkstechnik\/?manufacturer=35536b15bcf04505a9add61fb123008b&#038;order=name-asc&#038;p=1\">Sto\u00dfd\u00e4mpfer von H&amp;R <u>durchsuchen<\/u> \u2794 <\/a><\/div>\n\n\n\n<h2>Die H&amp;R Sto\u00dfd\u00e4mpfer werden eigens f\u00fcr H&amp;R produziert.<\/h2>\n<p>Die Firma H&amp;R ist Garant f\u00fcr qualitativ hochwertige Sport- und Gewindefahrwerke.<br \/>Ihre Geschichte reicht bis in die 80er Jahre und ist gepflastert mit Motor- und Rennsport erfolgen. Selbst f\u00fcr nicht Tuningbegeisterte Autofahrer sind H&amp;R Federn, Fahrwerke und Sto\u00dfd\u00e4mpfer ein Begriff f\u00fcr sportliches Autozubeh\u00f6r.<br \/>Die Entwicklung der Sto\u00dfd\u00e4mpfer und deren Abstimmung und Kennlinienanpassung findet im Hause H&amp;R statt wo alle Erfahrungen und Renn erfolge stets in die neue Serie von H&amp;R Sto\u00dfd\u00e4mpfern einflie\u00dft.<br \/>Dennoch werden die <strong>H&amp;R Sto\u00dfd\u00e4mpfer<\/strong> nicht direkt im Unternehmen produziert.<\/p>\n<h2>H&amp;R Sto\u00dfd\u00e4mpfer Produktion<\/h2>\n<p>F\u00fcr die Produktion der H&amp;R Sto\u00dfd\u00e4mpfer wurde ein namhafter deutscher Hersteller mit ins Boot geholt der nach den genauen Vorgaben von den H&amp;R Ingenieuren alle Sto\u00dfd\u00e4mpfer herstellt.<br \/>Die <em>H&amp;R Sto\u00dfd\u00e4mpfer<\/em> sind dank ihrer Rebound Technik bestens f\u00fcr Sportfahrwerke und Tieferlegungsfedern geeignet, da das Rebound System den Aushub der Kolbenstange reduziert und somit auch bei verk\u00fcrzter Kolbenstange ein rausspringen der Feder vom H&amp;R Sto\u00dfd\u00e4mpfer verhindert.<\/p>\n<h3>Weitere H&amp;R Sto\u00dfd\u00e4mpfer Varianten<\/h3>\n<p>Zus\u00e4tzlich zu den Standard H&amp;R Sto\u00dfd\u00e4mpfern werden auch die passenden Sto\u00dfd\u00e4mpfereinheiten f\u00fcr die H&amp;R Gewindefahrwerke hergestellt welche als Monotube und Twin-Tube Variante verbaut werden.<br \/>Bei der Monotube Variante besitzt der H&amp;R Sto\u00dfd\u00e4mpfer eine Einrohr-D\u00e4mpfungstechnik und Upside-Down Achsbeine welche eine besonders gute Querkraftabst\u00fctzung besitzen.<br \/>Die <strong>H&amp;R Sto\u00dfd\u00e4mpfer mit der Twin-Tube Technik<\/strong> bestehen aus einem Zweirohrgasdruckd\u00e4mpfer welche teilweise sogar mit D\u00e4mpferkraftverstellung ausgeliefert wird.<\/p>\n\n\n\n<div class=\"col_right\"><\/div>\n\n\n\n\n\n<div class=\"col_footer\">&nbsp;<\/div>\n","protected":false},"excerpt":{"rendered":"<p>Sto\u00dfd\u00e4mpfer von H&amp;R durchsuchen \u2794 Die H&amp;R Sto\u00dfd\u00e4mpfer werden eigens f\u00fcr H&amp;R produziert. Die Firma H&amp;R ist Garant f\u00fcr qualitativ hochwertige Sport- und Gewindefahrwerke.Ihre Geschichte reicht bis in die 80er Jahre und ist gepflastert mit Motor- und Rennsport erfolgen. Selbst &hellip; <a href=\"https:\/\/www.aze-tuning.de\/tuning-shop\/hr-stossdaempfer\/\">Weiterlesen <span class=\"meta-nav\">&rarr;<\/span><\/a><\/p>\n","protected":false},"author":3,"featured_media":0,"parent":0,"menu_order":0,"comment_status":"closed","ping_status":"closed","template":"","meta":{"_monsterinsights_skip_tracking":false,"_monsterinsights_sitenote_active":false,"_monsterinsights_sitenote_note":"","_monsterinsights_sitenote_category":0,"jetpack_post_was_ever_published":false,"footnotes":""},"class_list":["post-76","page","type-page","status-publish","hentry"],"aioseo_notices":[],"jetpack_shortlink":"https:\/\/wp.me\/P4sq84-1e","jetpack_sharing_enabled":true,"_links":{"self":[{"href":"https:\/\/www.aze-tuning.de\/tuning-shop\/wp-json\/wp\/v2\/pages\/76","targetHints":{"allow":["GET"]}}],"collection":[{"href":"https:\/\/www.aze-tuning.de\/tuning-shop\/wp-json\/wp\/v2\/pages"}],"about":[{"href":"https:\/\/www.aze-tuning.de\/tuning-shop\/wp-json\/wp\/v2\/types\/page"}],"author":[{"embeddable":true,"href":"https:\/\/www.aze-tuning.de\/tuning-shop\/wp-json\/wp\/v2\/users\/3"}],"replies":[{"embeddable":true,"href":"https:\/\/www.aze-tuning.de\/tuning-shop\/wp-json\/wp\/v2\/comments?post=76"}],"version-history":[{"count":7,"href":"https:\/\/www.aze-tuning.de\/tuning-shop\/wp-json\/wp\/v2\/pages\/76\/revisions"}],"predecessor-version":[{"id":809,"href":"https:\/\/www.aze-tuning.de\/tuning-shop\/wp-json\/wp\/v2\/pages\/76\/revisions\/809"}],"wp:attachment":[{"href":"https:\/\/www.aze-tuning.de\/tuning-shop\/wp-json\/wp\/v2\/media?parent=76"}],"curies":[{"name":"wp","href":"https:\/\/api.w.org\/{rel}","templated":true}]}}