{"id":84,"date":"2012-01-10T13:41:58","date_gmt":"2012-01-10T13:41:58","guid":{"rendered":"http:\/\/www.aze-tuning.de\/tuning-shop\/?page_id=84"},"modified":"2021-02-18T16:08:53","modified_gmt":"2021-02-18T16:08:53","slug":"hr-monotube-gewindefahrwerk","status":"publish","type":"page","link":"https:\/\/www.aze-tuning.de\/tuning-shop\/hr-monotube-gewindefahrwerk\/","title":{"rendered":"H&#038;R Monotube"},"content":{"rendered":"\n<div class=\"all_products_header\"><a href=\"..\/..\/Fahrwerkstechnik\/Gewindefahrwerk\/?manufacturer=35536b15bcf04505a9add61fb123008b&#038;order=name-asc&#038;p=1\">Monotube Gewindefahrwerke von H&amp;R <u>durchsuchen<\/u> \u2794 <\/a><\/div>\n\n\n\n<h2>Die H&amp;R Monotube Gewindefahrwerk Variante<\/h2>\n<p>H&amp;R produziert meine Gewindefahrwerke in vielen verschiedenen Varianten, diese unterscheiden sich in der H\u00e4rte, <strong>Verstellbarkeit und Performance<\/strong>.<br \/>Die zwei Gr\u00f6\u00dften Unterschiede liegen allerdings bei den Sto\u00dfd\u00e4mpfern, welche sich in Monotube und Twin Tube unterschieden.<br \/>Unter <em>H&amp;R Monotube<\/em> bezeichnet man Hochwertige Einrohr-Gasdruckd\u00e4mpfer die ein pr\u00e4zises Fahr- und Ansprechverhalten Garantieren.<br \/>Durch das Upside-Down Achsbein erreicht die Modelvariante Monotube eine besonders gute Querkraftabst\u00fctzung.<br \/>Die <em>H&amp;R Twin-Tube<\/em> unterscheidet sich vom der Monotube Technik durch die Verwendung von einer Zweirohrgasdruckd\u00e4mpfern, welche grade bei Renn \u00e4hnlichen Fahrverhalten f\u00fcr mehr Stabilit\u00e4t im Grenzbereich bietet.<br \/>Ein weiterer Unterschied zwischen H&amp;R Monotube und H&amp;R Twin.-Tube ist die Eigenschaft dass die D\u00e4mpfercharakteristik und H\u00e4rte bei der Twin-Tube Variante selbstst\u00e4ndig eingestellt werden kann.<\/p>\n<h3>Fertigung der H&amp;R Monotube und H&amp;R Twin-Tube<\/h3>\n<p>Beiden Varianten (H&amp;R Monotube und <strong>H&amp;R Twin-Tube<\/strong>) werden aus hochwertigem Edelstahl gefertigt, welches zum Korrosionsschutz und zur optischen Verbesserung auch noch poliert wurde. Die robusten Trapezgewinde k\u00f6nnen dank diesem System auch nach langer Anwendung im Fahrbetrieb noch verstellt werden.<br \/>Jeder Fahrer kann somit selber entscheiden welche Fahreigenschaften sein Fahrzeug bekommen soll. Ein Sportlich, Strammes und trotzdem komfortables Fahrverhalten mit den <strong>H&amp;R Monotube<\/strong> D\u00e4mpfern oder ein frei einstellbares Sportliches Gewindefahrwerk mit H&amp;R Twin-Tube D\u00e4mpfern, welches nicht n\u00e4her am Rennsport seien k\u00f6nnte.<br \/>Mit der H&amp;R Monotube und <strong>H&amp;R Twin-Tube D\u00e4mpfertechnik<\/strong> hat H&amp;R wiedermal bewiesen das durch die jahrelange Entwicklung und Weiterentwicklung auch bestehende D\u00e4mpfungssysteme noch verbessert und optimiert werden k\u00f6nnen.<\/p>\n\n\n\n<div class=\"col_right\"><\/div>\n\n\n\n\n\n<div class=\"col_footer\">&nbsp;<\/div>\n","protected":false},"excerpt":{"rendered":"<p>Monotube Gewindefahrwerke von H&amp;R durchsuchen \u2794 Die H&amp;R Monotube Gewindefahrwerk Variante H&amp;R produziert meine Gewindefahrwerke in vielen verschiedenen Varianten, diese unterscheiden sich in der H\u00e4rte, Verstellbarkeit und Performance.Die zwei Gr\u00f6\u00dften Unterschiede liegen allerdings bei den Sto\u00dfd\u00e4mpfern, welche sich in Monotube &hellip; <a href=\"https:\/\/www.aze-tuning.de\/tuning-shop\/hr-monotube-gewindefahrwerk\/\">Weiterlesen <span class=\"meta-nav\">&rarr;<\/span><\/a><\/p>\n","protected":false},"author":3,"featured_media":0,"parent":0,"menu_order":0,"comment_status":"closed","ping_status":"closed","template":"","meta":{"_monsterinsights_skip_tracking":false,"_monsterinsights_sitenote_active":false,"_monsterinsights_sitenote_note":"","_monsterinsights_sitenote_category":0,"jetpack_post_was_ever_published":false,"footnotes":""},"class_list":["post-84","page","type-page","status-publish","hentry"],"aioseo_notices":[],"jetpack_shortlink":"https:\/\/wp.me\/P4sq84-1m","jetpack_sharing_enabled":true,"_links":{"self":[{"href":"https:\/\/www.aze-tuning.de\/tuning-shop\/wp-json\/wp\/v2\/pages\/84","targetHints":{"allow":["GET"]}}],"collection":[{"href":"https:\/\/www.aze-tuning.de\/tuning-shop\/wp-json\/wp\/v2\/pages"}],"about":[{"href":"https:\/\/www.aze-tuning.de\/tuning-shop\/wp-json\/wp\/v2\/types\/page"}],"author":[{"embeddable":true,"href":"https:\/\/www.aze-tuning.de\/tuning-shop\/wp-json\/wp\/v2\/users\/3"}],"replies":[{"embeddable":true,"href":"https:\/\/www.aze-tuning.de\/tuning-shop\/wp-json\/wp\/v2\/comments?post=84"}],"version-history":[{"count":6,"href":"https:\/\/www.aze-tuning.de\/tuning-shop\/wp-json\/wp\/v2\/pages\/84\/revisions"}],"predecessor-version":[{"id":802,"href":"https:\/\/www.aze-tuning.de\/tuning-shop\/wp-json\/wp\/v2\/pages\/84\/revisions\/802"}],"wp:attachment":[{"href":"https:\/\/www.aze-tuning.de\/tuning-shop\/wp-json\/wp\/v2\/media?parent=84"}],"curies":[{"name":"wp","href":"https:\/\/api.w.org\/{rel}","templated":true}]}}