{"id":88,"date":"2012-01-10T13:45:11","date_gmt":"2012-01-10T13:45:11","guid":{"rendered":"http:\/\/www.aze-tuning.de\/tuning-shop\/?page_id=88"},"modified":"2021-02-18T16:13:27","modified_gmt":"2021-02-18T16:13:27","slug":"hr-sportfahrwerk","status":"publish","type":"page","link":"https:\/\/www.aze-tuning.de\/tuning-shop\/hr-sportfahrwerk\/","title":{"rendered":"H&#038;R Sportfahrwerk"},"content":{"rendered":"\n<div class=\"all_products_header\"><a href=\"..\/..\/Fahrwerkstechnik\/Sportfahrwerke\/?manufacturer=35536b15bcf04505a9add61fb123008b&#038;order=name-asc&#038;p=1\">Sportfahrwerke von H&amp;R <u>durchsuchen<\/u> \u2794 <\/a><\/div>\n\n\n\n<h2>Das H&amp;R Sportfahrwerk ist mehr als nur ein Fahrwerk<\/h2>\n<p>Mit dem <a href=\"https:\/\/www.aze-tuning.de\/Fahrwerkstechnik\/Sportfahrwerke\/?manufacturer=35536b15bcf04505a9add61fb123008b&#038;order=name-asc&#038;p=1\">H&amp;R Cup-Kit Sportfahrwerk<\/a> ist es dem Unternehmen gelungen den Markt geh\u00f6rig aufzumischen. Das Fahrwerk schaffte es im ersten Jahr seine angestrebten Verkaufszahlen fast zu verdoppeln.<br \/>Das <strong>Sportfahrwerk<\/strong> schaffte das was viele Fahrwerkshersteller in diesem Preissegment nie erreichten.<br \/>Das souver\u00e4nes fahrverhalten bei bleibendem Restromfort&nbsp; verschaffte dem H&amp;R Fahrwerk schnell den Ruf eines spitzen Sportfahrwerks was dank des <strong>H&amp;R<\/strong> Ingenieurteams speziell an jedes Fahrzeug und Modell angepasst und berechnet wurde.<br \/>Das <strong>H&amp;R Sportfahrwerk<\/strong> besteht aus verk\u00fcrzten Sportsto\u00dfd\u00e4mpfern mit Rebound Technologie welche dank ihrer speziell von H&amp;R errechneten Kennlinie ein sportlich strammes Fahrgef\u00fchl vermittelt.<\/p>\n<h3>H&amp;R Fahrwerke &#8211; Qualit\u00e4t hat einen Namen<\/h3>\n<p>Die H&amp;R Fahrwerke werden stets mit den firmeneigenen H&amp;R Fahrwerksfedern in progressiver Abstimmung best\u00fcckt, welche dem <em>H&amp;R Sportfahrwerken<\/em> die Performance verschaffen die die Kunden sich von H&amp;R Fahrwerken w\u00fcnschen.<br \/>Das Fahrwerk wird in verschieden Tiefen und Varianten hergestellt, so k\u00f6nnen von einfachen Tieferlegungen auch die H&amp;R typischen Keilformen bestellt werden, die stets in verschiedenen tiefen angeboten werden.<br \/>Zus\u00e4tzlich zu dem H&amp;R Sportfahrwerk bietet das Unternehmen auch <strong>H&amp;R Fahrwerke<\/strong> die dank ihrer dezenten Absenkung eine komfortable Abstimmung zulie\u00df, was dem H&amp;R Fahrwerk eine sportlich aber dennoch Komfortable Note verleiht.<br \/>Dank der Erfahrung der Firma H&amp;R im Motorsport ist es dem Unternehmen gelungen Ihre Sportfahrwerke und Fahrwerke zu dem spitzen Fahrwerk zu entwickeln was es heute ist.<\/p>\n\n\n\n<div class=\"col_right\"><\/div>\n\n\n\n\n\n<div class=\"col_footer\">&nbsp;<\/div>\n","protected":false},"excerpt":{"rendered":"<p>Sportfahrwerke von H&amp;R durchsuchen \u2794 Das H&amp;R Sportfahrwerk ist mehr als nur ein Fahrwerk Mit dem H&amp;R Cup-Kit Sportfahrwerk ist es dem Unternehmen gelungen den Markt geh\u00f6rig aufzumischen. Das Fahrwerk schaffte es im ersten Jahr seine angestrebten Verkaufszahlen fast zu &hellip; <a href=\"https:\/\/www.aze-tuning.de\/tuning-shop\/hr-sportfahrwerk\/\">Weiterlesen <span class=\"meta-nav\">&rarr;<\/span><\/a><\/p>\n","protected":false},"author":3,"featured_media":0,"parent":0,"menu_order":0,"comment_status":"closed","ping_status":"closed","template":"","meta":{"_monsterinsights_skip_tracking":false,"_monsterinsights_sitenote_active":false,"_monsterinsights_sitenote_note":"","_monsterinsights_sitenote_category":0,"jetpack_post_was_ever_published":false,"footnotes":""},"class_list":["post-88","page","type-page","status-publish","hentry"],"aioseo_notices":[],"jetpack_shortlink":"https:\/\/wp.me\/P4sq84-1q","jetpack_sharing_enabled":true,"_links":{"self":[{"href":"https:\/\/www.aze-tuning.de\/tuning-shop\/wp-json\/wp\/v2\/pages\/88","targetHints":{"allow":["GET"]}}],"collection":[{"href":"https:\/\/www.aze-tuning.de\/tuning-shop\/wp-json\/wp\/v2\/pages"}],"about":[{"href":"https:\/\/www.aze-tuning.de\/tuning-shop\/wp-json\/wp\/v2\/types\/page"}],"author":[{"embeddable":true,"href":"https:\/\/www.aze-tuning.de\/tuning-shop\/wp-json\/wp\/v2\/users\/3"}],"replies":[{"embeddable":true,"href":"https:\/\/www.aze-tuning.de\/tuning-shop\/wp-json\/wp\/v2\/comments?post=88"}],"version-history":[{"count":10,"href":"https:\/\/www.aze-tuning.de\/tuning-shop\/wp-json\/wp\/v2\/pages\/88\/revisions"}],"predecessor-version":[{"id":808,"href":"https:\/\/www.aze-tuning.de\/tuning-shop\/wp-json\/wp\/v2\/pages\/88\/revisions\/808"}],"wp:attachment":[{"href":"https:\/\/www.aze-tuning.de\/tuning-shop\/wp-json\/wp\/v2\/media?parent=88"}],"curies":[{"name":"wp","href":"https:\/\/api.w.org\/{rel}","templated":true}]}}