{"id":9,"date":"2011-12-14T14:10:30","date_gmt":"2011-12-14T14:10:30","guid":{"rendered":"http:\/\/www.aze-tuning.de\/tuning-shop\/?page_id=9"},"modified":"2024-01-24T15:53:39","modified_gmt":"2024-01-24T15:53:39","slug":"hr-federn-sporfedern","status":"publish","type":"page","link":"https:\/\/www.aze-tuning.de\/tuning-shop\/hr-federn-sporfedern\/","title":{"rendered":"H&#038;R Federn"},"content":{"rendered":"\r\n<div class=\"all_products_header\"><a href=\"..\/..\/Fahrwerkstechnik\/Tieferlegungsfedern\/?manufacturer=35536b15bcf04505a9add61fb123008b&#038;order=name-asc&#038;p=1\">Federn von H&amp;R <u>durchsuchen<\/u> \u2794 <\/a><\/div>\r\n\r\n\r\n\r\n\r\n\r\n\r\n<a href=\"https:\/\/www.aze-tuning.de\/Fahrwerkstechnik\/Gewindefahrwerk\/?manufacturer=35536b15bcf04505a9add61fb123008b&#038;order=name-asc&#038;p=1\">H&amp;R Gewindefahrwerke <i>\u2192 Artikel anzeigen<\/i><\/a><br \/><br \/>\r\n<a href=\"https:\/\/www.aze-tuning.de\/Fahrwerkstechnik\/Sportfahrwerke\/?manufacturer=35536b15bcf04505a9add61fb123008b&#038;order=name-asc&#038;p=1\">H&amp;R Sportfahrwerke <i>\u2192 Artikel anzeigen<\/i><\/a>\r\n<br \/><br \/><a href=\"https:\/\/www.aze-tuning.de\/Fahrwerkstechnik\/Tieferlegungsfedern\/?manufacturer=35536b15bcf04505a9add61fb123008b&#038;order=name-asc&#038;p=1\">H&amp;R Tieferlegungsfedern <i>\u2192 Artikel anzeigen<\/i><\/a><br \/><br \/><hr \/><br \/>\r\n<h2>H&amp;R ist ein Feder und Sportfeder Hersteller mit Tradition<\/h2>\r\n<p>Seit der Firmengr\u00fcndung in den 80er Jahren ist die Firma H&amp;R eine der f\u00fchrenden Hersteller von Fahrwerks- und Sportfedern.<br \/>Nach dem einstig in den Motorsport wurden die <strong>H und R Federn<\/strong> immer weiter entwickelt und bieten heute eine Performance und Fahrwerkssicherheit wie nie zuvor.<br \/>\u00dcber die Jahre entwickelten die Ingenieure der Firma H&amp;R ihre Federn und Federns\u00e4tze st\u00e4tig weiter so dass selbst Hersteller von Sportwagen heute auf die Federn und Sportfedern der Firma H und R zur\u00fcckgreifen.<br \/>So hat es das Unternehmen aus Lennestadt vom Kleinen Feder und Fahrwerkhersteller zu einem Weltf\u00fchrendem Unternehmen entwickelt was heute mehr als 100 top ausgebildete Spezialisten besch\u00e4ftigt.<br \/>Obwohl die Firma H&amp;R mit der Aufgabe zur Produktion von Serienfedern f\u00fcr Supersportwagen weiter w\u00e4chst, hat H und R die Entwicklung und Produktion von Nachr\u00fcst- und Sportfedern nie aus den Augen verloren.<\/p>\r\n<h2>Das H und R Federn Sortiment im Tuning-Shop von AZE<\/h2>\r\n<p>So hat sich mit der Zeit das Sortiment von Federn und <em>Sportfedern bei H&amp;R<\/em> auf mehr als 1300 verschiedene Fahrzeugmodelle entwickelt, und erm\u00f6glicht heute fast jedes Fahrzeugmodel mit <strong>H&amp;R Federn<\/strong> auszur\u00fcsten.<br \/>Die Federn und Sportfedern werden in mehreren Varianten angeboten um das ganze Spektrum der Fahrzeug- und Tuning- Industrie abzudecken.<br \/>So werden die <strong>Federn<\/strong> und Sportfedern in verschiedenen H\u00e4rten angeboten und auch in unterschiedlichen Tieferlegungen unterteilt.<br \/>Die g\u00e4ngigste Tiefe betr\u00e4gt 35mm welche zu dem optischen Aspekt auch den Fahrzeug Schwerpunkt senkt und so zus\u00e4tzlich zur h\u00e4rteren Abstimmung dem Fahrzeug eine zus\u00e4tzliche Performance verleiht.<br \/>Alle Feder, Sportfedern und Federns\u00e4tze von H&amp;R sind mit den schon verbauten Seren D\u00e4mpfern als auch mit speziell entwickelten Sport Sto\u00dfd\u00e4mpfern kombinierbar und erm\u00f6glichen so auch f\u00fcr kleines Geld sein Auto dank H&amp;R ein gewisse Sportlichkeit zu geben.<\/p>\r\n<h3>H&amp;R Sportfedern &#8211; Hochwertigkeit durch beste Materialien<\/h3>\r\n<p>H&amp;R verwendet nur die <strong>besten Materialien<\/strong> um seine Federn zu produzieren, um dem Kunden das premium Produkt zu bieten was er beim Kauf von <em>H&amp;R Federn<\/em> und Sportfedern erwartet.<br \/>Durch die durchgehende Weiterentwicklung ihrer Federn und <strong>Sportfedern<\/strong> ist es H&amp;R gelungen bereits zum Verkaufsstart vieler Fahrzeuge bereits die passenden Sportfeldern zu liefern.<br \/>Zus\u00e4tzlich zu den angemessenen Preisen bietet H und R sogar f\u00fcr die meisten Fahrzeugmodelle eine passende <strong>ABE<\/strong>, die eine Eintragung laut Teilegutachten unn\u00f6tig macht.<\/p>\r\n\r\n\r\n\r\n<div class=\"col_right\"><\/div>\r\n\r\n\r\n\r\n\r\n\r\n<div class=\"col_footer\">&nbsp;<\/div>\r\n","protected":false},"excerpt":{"rendered":"<p>Federn von H&amp;R durchsuchen \u2794 H&amp;R Gewindefahrwerke \u2192 Artikel anzeigen H&amp;R Sportfahrwerke \u2192 Artikel anzeigen H&amp;R Tieferlegungsfedern \u2192 Artikel anzeigen H&amp;R ist ein Feder und Sportfeder Hersteller mit Tradition Seit der Firmengr\u00fcndung in den 80er Jahren ist die Firma H&amp;R &hellip; <a href=\"https:\/\/www.aze-tuning.de\/tuning-shop\/hr-federn-sporfedern\/\">Weiterlesen <span class=\"meta-nav\">&rarr;<\/span><\/a><\/p>\n","protected":false},"author":3,"featured_media":0,"parent":0,"menu_order":0,"comment_status":"closed","ping_status":"open","template":"","meta":{"_monsterinsights_skip_tracking":false,"_monsterinsights_sitenote_active":false,"_monsterinsights_sitenote_note":"","_monsterinsights_sitenote_category":0,"jetpack_post_was_ever_published":false,"footnotes":""},"class_list":["post-9","page","type-page","status-publish","hentry"],"aioseo_notices":[],"jetpack_shortlink":"https:\/\/wp.me\/P4sq84-9","jetpack_sharing_enabled":true,"_links":{"self":[{"href":"https:\/\/www.aze-tuning.de\/tuning-shop\/wp-json\/wp\/v2\/pages\/9","targetHints":{"allow":["GET"]}}],"collection":[{"href":"https:\/\/www.aze-tuning.de\/tuning-shop\/wp-json\/wp\/v2\/pages"}],"about":[{"href":"https:\/\/www.aze-tuning.de\/tuning-shop\/wp-json\/wp\/v2\/types\/page"}],"author":[{"embeddable":true,"href":"https:\/\/www.aze-tuning.de\/tuning-shop\/wp-json\/wp\/v2\/users\/3"}],"replies":[{"embeddable":true,"href":"https:\/\/www.aze-tuning.de\/tuning-shop\/wp-json\/wp\/v2\/comments?post=9"}],"version-history":[{"count":46,"href":"https:\/\/www.aze-tuning.de\/tuning-shop\/wp-json\/wp\/v2\/pages\/9\/revisions"}],"predecessor-version":[{"id":943,"href":"https:\/\/www.aze-tuning.de\/tuning-shop\/wp-json\/wp\/v2\/pages\/9\/revisions\/943"}],"wp:attachment":[{"href":"https:\/\/www.aze-tuning.de\/tuning-shop\/wp-json\/wp\/v2\/media?parent=9"}],"curies":[{"name":"wp","href":"https:\/\/api.w.org\/{rel}","templated":true}]}}