{"id":91,"date":"2012-01-10T13:49:21","date_gmt":"2012-01-10T13:49:21","guid":{"rendered":"http:\/\/www.aze-tuning.de\/tuning-shop\/?page_id=91"},"modified":"2021-02-18T15:42:07","modified_gmt":"2021-02-18T15:42:07","slug":"eibach-gewindefahrwerk","status":"publish","type":"page","link":"https:\/\/www.aze-tuning.de\/tuning-shop\/eibach-gewindefahrwerk\/","title":{"rendered":"Eibach Gewindefahrwerk"},"content":{"rendered":"\n<div class=\"all_products_header\"><a href=\"..\/..\/Fahrwerkstechnik\/Gewindefahrwerk\/?manufacturer=0dc48d67aac04b168c9ebb4b573d07e1&#038;order=name-asc&#038;p=1\">alle Gewindefahrwerke von Eibach <u>anzeigen<\/u> \u2794 <\/a><\/div>\n\n\n\n<h2>Eibach Gewindefahrwerk Online bestellen bei AZE Hammelburg<\/h2>\n<p>Das <strong>Eibach Gewindefahrwerk<\/strong> wird unter dem Namen Pro-Street-S vertrieben.<br \/>Die Firma Eibach aus Finnentrop produziert schon seit 55 Jahren Sportfahrwerke, Federn und Gewindefahrwerke. Mit \u00fcber 400 Mitarbeitern in \u00fcber 80 L\u00e4ndern z\u00e4hlt <strong>Eibach zu einem der gr\u00f6\u00dften Fahrwerkshersteller der Welt<\/strong>. Auch im Motorsport ist Eibach einer der Top Ausr\u00fcster.<\/p>\n<h2>Eibach Gewindefahrwerke im Motorsport<\/h2>\n<p>Besonders im Motorsport konnte Eibach die Erfahrung&nbsp; sammeln, die sich jetzt in den Sportfedern, Tieferlegungsfedern, Sportfahrwerken, <strong>Gewindefahrwerken<\/strong> und jetzt im <a href=\"https:\/\/www.aze-tuning.de\/Eibach-Gewindefahrwerk-Pro-Street-S-BMW-1er-F20-114i-116i-118i-120i-125i-114d\/PSS65-20-031-01-22\">Gewindefahrwerk Pro-Street-S<\/a> wiederfinden lassen.<br \/>Die Gradwanderung zwischen sportlicher Performance und Komfort wurde \u00fcber Jahre verfeinert und erreicht jetzt im <strong>Eibach Pro-Street-S Gewindefahrwerk<\/strong> seinen H\u00f6hepunkt.<br \/>Die <em>Eibach Gewindefahrwerke<\/em> werden nur aus hochwertigem Edelstahl gefertigt.<\/p>\n<h3>Qualit\u00e4t \u00fcberzeugt &#8211; Das Eibach Gewindefahrwerk<\/h3>\n<p>Durch die Verwendung von Edelstahl bei den D\u00e4mpfern und Polyamidverbundstoffen an den Federtellern ist die stufenlose H\u00f6henverstellung auch nach Jahren noch gew\u00e4hrleistet. Dadurch ist es immer m\u00f6glich die Fahrzeugh\u00f6he auch witterungsabh\u00e4ngig anzupassen. Es liegt eine Korrosionsbest\u00e4ndigkeit vor, die fast nicht zu \u00fcbertreffen ist.<br \/>Durch die <strong>H\u00f6henverstellung des Eibach Pro-Street-S Gewindefahrwerks<\/strong> k\u00f6nnen Sie die Fahrzeugh\u00f6he individuell und stufenlos ihrem Fahrzeug und der verwendeten Rad- und Reifen-Kombination anpassen. Der laut Teilegutachten gepr\u00fcfte Verstellbereich des Pro-Street-S Gewindefahrwerkes betr\u00e4gt mindestens 20 mm und maximal 70 mm.<\/p>\n<h3>Hochwertigkeit: Das Eibach Gewindefahrwerk<\/h3>\n<p>Nur beste Materialien, hochwertige Sportfedern, die an dem ERS-Programm angelehnt sind und korrosionsbest\u00e4ndige Hochleistungsd\u00e4mpfer wurden im perfekt abgestimmten <strong>Eibach Gewindefahrwerk<\/strong> vereint.<br \/>Das Eibach Pro-Street-S Gewindefahrwerk ist bei normaler Fahrweise sportlich und komfortabel zugleich, aber im Grenzbereich zeigt es sich stramm, kompromisslos und stets kontrollierbar.<br \/>Als Schlusswort ist nur noch zu sagen, dass das <em>Eibach Pro-Street-S Gewindefahrwerk<\/em>&nbsp; eines der am meist ausgewogenen Gewindefahrwerke ist, das dem Fahrzeug eine nie dagewesene Performance bietet.<\/p>\n\n\n\n<div class=\"col_right\"><\/div>\n\n\n\n\n\n<div class=\"col_footer\">&nbsp;<\/div>\n","protected":false},"excerpt":{"rendered":"<p>alle Gewindefahrwerke von Eibach anzeigen \u2794 Eibach Gewindefahrwerk Online bestellen bei AZE Hammelburg Das Eibach Gewindefahrwerk wird unter dem Namen Pro-Street-S vertrieben.Die Firma Eibach aus Finnentrop produziert schon seit 55 Jahren Sportfahrwerke, Federn und Gewindefahrwerke. Mit \u00fcber 400 Mitarbeitern in &hellip; <a href=\"https:\/\/www.aze-tuning.de\/tuning-shop\/eibach-gewindefahrwerk\/\">Weiterlesen <span class=\"meta-nav\">&rarr;<\/span><\/a><\/p>\n","protected":false},"author":3,"featured_media":0,"parent":0,"menu_order":0,"comment_status":"closed","ping_status":"closed","template":"","meta":{"_monsterinsights_skip_tracking":false,"_monsterinsights_sitenote_active":false,"_monsterinsights_sitenote_note":"","_monsterinsights_sitenote_category":0,"jetpack_post_was_ever_published":false,"footnotes":""},"class_list":["post-91","page","type-page","status-publish","hentry"],"aioseo_notices":[],"jetpack_shortlink":"https:\/\/wp.me\/P4sq84-1t","jetpack_sharing_enabled":true,"_links":{"self":[{"href":"https:\/\/www.aze-tuning.de\/tuning-shop\/wp-json\/wp\/v2\/pages\/91","targetHints":{"allow":["GET"]}}],"collection":[{"href":"https:\/\/www.aze-tuning.de\/tuning-shop\/wp-json\/wp\/v2\/pages"}],"about":[{"href":"https:\/\/www.aze-tuning.de\/tuning-shop\/wp-json\/wp\/v2\/types\/page"}],"author":[{"embeddable":true,"href":"https:\/\/www.aze-tuning.de\/tuning-shop\/wp-json\/wp\/v2\/users\/3"}],"replies":[{"embeddable":true,"href":"https:\/\/www.aze-tuning.de\/tuning-shop\/wp-json\/wp\/v2\/comments?post=91"}],"version-history":[{"count":20,"href":"https:\/\/www.aze-tuning.de\/tuning-shop\/wp-json\/wp\/v2\/pages\/91\/revisions"}],"predecessor-version":[{"id":766,"href":"https:\/\/www.aze-tuning.de\/tuning-shop\/wp-json\/wp\/v2\/pages\/91\/revisions\/766"}],"wp:attachment":[{"href":"https:\/\/www.aze-tuning.de\/tuning-shop\/wp-json\/wp\/v2\/media?parent=91"}],"curies":[{"name":"wp","href":"https:\/\/api.w.org\/{rel}","templated":true}]}}