{"id":918,"date":"2023-10-27T10:58:44","date_gmt":"2023-10-27T10:58:44","guid":{"rendered":"https:\/\/www.aze-tuning.de\/tuning-shop\/?page_id=918"},"modified":"2025-07-10T07:37:51","modified_gmt":"2025-07-10T07:37:51","slug":"auspuff-edelstahl","status":"publish","type":"page","link":"https:\/\/www.aze-tuning.de\/tuning-shop\/auspuff-edelstahl\/","title":{"rendered":"Auspuff aus Edelstahl"},"content":{"rendered":"<p>Ein Auto ist viel mehr als nur blo\u00dfes Mittel zur Fortbewegung: Es bringt den eigenen Lebensstil und die Pers\u00f6nlichkeit zum Ausdruck. F\u00fcr echte Autoenthusiasten endet das Tuning nicht beim Fahrwerk oder den Felgen \u2013 auch der Auspuff steuert eine Menge zum Gesamtbild hinzu. Ein hochwertiger Edelstahl-Auspuff verleiht Ihrem Fahrzeug einen sportlichen Look, mehr Leistung und einen kraftvollen Klang.<\/p>\n<p>In unserem Onlineshop finden Sie Auspuffanlagen aus besonders robustem <strong>V2A-Edelstahl<\/strong> mit hochwertigen <strong>Legierungen aus Chrom oder Nickel<\/strong>. Das sorgt f\u00fcr maximale Korrosionsbest\u00e4ndigkeit und eine hohe Langlebigkeit. Der V2A-Edelstahl ist <strong>temperaturbest\u00e4ndig bis zu 600 \u00b0C, l\u00e4sst sich<\/strong> <strong>ideal schwei\u00dfen<\/strong> und ist <strong>hoch resistent<\/strong><strong> gegen Wasser und Wasserdampf<\/strong>. So sind die Edelstahl-Auspuffe perfekt geeignet, um allen Belastungen zu trotzen.<\/p>\n<h2>Edelstahl-Auspuff f\u00fcr Tuner, die mehr wollen<\/h2>\n<p>Ein erstklassiger Edelstahl-Auspuff, der fachgerecht eingebaut wird, kann das Fahrerlebnis erheblich verbessern. Er bietet nicht nur mehr Drehmoment und Leistung, sondern steigert auch den Fahrspa\u00df. Durch die Reduzierung des Staudrucks ist er darauf ausgelegt, die Abgasstr\u00f6mung zu optimieren und die Zylinderf\u00fcllung zu verbessern. Dadurch erhalten Sie ein <strong>direktes Ansprechverhalten<\/strong> und <strong>sp\u00fcrbar mehr Power<\/strong>.<\/p>\n<p>Auch das akustische Erlebnis beim Beschleunigen mit einem Auspuff aus Edelstahl ist einzigartig: ein tiefes, sportliches Brummen, das individuell an den Geschmack des Fahrers angepasst werden kann. Dieser Sound wird erm\u00f6glicht durch die Auswahl verschiedener Endrohrvarianten, Schalld\u00e4mpferformen und Klappensteuerungen, die von dezent bis hin zu sehr markant reichen k\u00f6nnen. Mit einem Edelstahl-Auspuff f\u00fchlt sich das Fahren um einiges agiler und dynamischer an \u2013 und sorgt so f\u00fcr einen hohen Spa\u00dffaktor auf der Stra\u00dfe.<\/p>\n<p><a href=\"https:\/\/i0.wp.com\/www.aze-tuning.de\/tuning-shop\/wp-content\/uploads\/2025\/07\/edelstahl-auspuff_1.jpg?ssl=1\"><img data-recalc-dims=\"1\" loading=\"lazy\" decoding=\"async\" data-attachment-id=\"1472\" data-permalink=\"https:\/\/www.aze-tuning.de\/tuning-shop\/auspuff-edelstahl\/edelstahl-auspuff_1\/\" data-orig-file=\"https:\/\/i0.wp.com\/www.aze-tuning.de\/tuning-shop\/wp-content\/uploads\/2025\/07\/edelstahl-auspuff_1.jpg?fit=1320%2C880&amp;ssl=1\" data-orig-size=\"1320,880\" data-comments-opened=\"0\" data-image-meta=\"{&quot;aperture&quot;:&quot;0&quot;,&quot;credit&quot;:&quot;&quot;,&quot;camera&quot;:&quot;&quot;,&quot;caption&quot;:&quot;&quot;,&quot;created_timestamp&quot;:&quot;0&quot;,&quot;copyright&quot;:&quot;&quot;,&quot;focal_length&quot;:&quot;0&quot;,&quot;iso&quot;:&quot;0&quot;,&quot;shutter_speed&quot;:&quot;0&quot;,&quot;title&quot;:&quot;&quot;,&quot;orientation&quot;:&quot;0&quot;}\" data-image-title=\"edelstahl auspuff_1\" data-image-description=\"\" data-image-caption=\"\" data-medium-file=\"https:\/\/i0.wp.com\/www.aze-tuning.de\/tuning-shop\/wp-content\/uploads\/2025\/07\/edelstahl-auspuff_1.jpg?fit=300%2C200&amp;ssl=1\" data-large-file=\"https:\/\/i0.wp.com\/www.aze-tuning.de\/tuning-shop\/wp-content\/uploads\/2025\/07\/edelstahl-auspuff_1.jpg?fit=640%2C427&amp;ssl=1\" class=\"alignleft wp-image-1472 size-large\" src=\"https:\/\/i0.wp.com\/www.aze-tuning.de\/tuning-shop\/wp-content\/uploads\/2025\/07\/edelstahl-auspuff_1.jpg?resize=640%2C427&#038;ssl=1\" alt=\"Wir haben f\u00fcr verschiedene Automodelle den passenden Auspuff aus Edelstahl.\" width=\"640\" height=\"427\" srcset=\"https:\/\/i0.wp.com\/www.aze-tuning.de\/tuning-shop\/wp-content\/uploads\/2025\/07\/edelstahl-auspuff_1.jpg?resize=1024%2C683&amp;ssl=1 1024w, https:\/\/i0.wp.com\/www.aze-tuning.de\/tuning-shop\/wp-content\/uploads\/2025\/07\/edelstahl-auspuff_1.jpg?resize=300%2C200&amp;ssl=1 300w, https:\/\/i0.wp.com\/www.aze-tuning.de\/tuning-shop\/wp-content\/uploads\/2025\/07\/edelstahl-auspuff_1.jpg?resize=768%2C512&amp;ssl=1 768w, https:\/\/i0.wp.com\/www.aze-tuning.de\/tuning-shop\/wp-content\/uploads\/2025\/07\/edelstahl-auspuff_1.jpg?w=1320&amp;ssl=1 1320w\" sizes=\"auto, (max-width: 640px) 100vw, 640px\" \/><\/a><\/p>\n<h2>Vorteile eines Edelstahl-Auspuffs<\/h2>\n<p>Im Gegensatz zu werkseitig verbauten Auspuffsystemen aus Stahl oder Aluminium \u00fcberzeugt ein <a href=\"https:\/\/www.aze-tuning.de\/Sportauspuff\/\">Sportauspuffsystem<\/a> aus Edelstahl mit folgenden Pluspunkten:<\/p>\n<p>&#8226; <strong>Langlebigkeit und Haltbarkeit<\/strong>: Der Edelstahl-Auspuff kann h\u00f6here Laufleistungen zur\u00fccklegen und bleibt lange intakt.<\/p>\n<p>&#8226; <strong>Optik<\/strong>: Der gl\u00e4nzende Edelstahl ist ein wahrer Hingucker und sieht besonders schick und sportlich aus.<\/p>\n<p>&#8226; <strong>Besserer Sound<\/strong>: Ein kraftvoller Klang verleiht dem Fahrzeug mehr Charakter und steigert den Spa\u00dffaktor.<\/p>\n<p>&#8226; <strong>Widerstandsf\u00e4higkeit gegen Korrosion, Hitze und mechanische Beanspruchung<\/strong>: Durch hochwertige Politur bleibt ein Edelstahl-Auspuff auch nach Jahren optisch ansprechend.<\/p>\n<p>&#8226; <strong>Formstabilit\u00e4t und langfristiger Glanz<\/strong>: Obwohl gro\u00dfe Hitze auf ihn ausgewirkt wird, bleibt der Edelstahl in seiner Form und erblindet nicht.<\/p>\n<p>&#8226; <strong>Werterh\u00f6hung des Fahrzeugs<\/strong>: Ein Auspuff aus Edelstahl steigert den Wert des Autos, insbesondere, wenn er \u00fcber eine ABE oder ein Teilegutachten verf\u00fcgt.<\/p>\n<p>&#8226; <strong>Geringes Gewicht<\/strong>: Trotz ihrer Robustheit sind Edelstahl-Auspuffe verh\u00e4ltnism\u00e4\u00dfig leicht.<\/p>\n<p>&#8226; <strong>Leichte Reinigung<\/strong>: Der Auspuff ist wenig anf\u00e4llig f\u00fcr Schmutz und Rost. Zur S\u00e4uberung gen\u00fcgt in der Regel ein feuchtes, weiches Tuch.<\/p>\n<p>Der Einbau eines Auspuffs aus Edelstahl senkt auch das Gesamtgewicht des Fahrzeuges. Dies f\u00fchrt zu einer h\u00f6heren Leistung und einem niedrigeren Verbrauch. Das neue Auspuffsystem verbessert au\u00dferdem den Abgasstrom und den Staudruck. Damit kann der Motor mehr Luft ansaugen und mehr Leistung erbringen. In Kombination mit einem Sportkatalysator kann ein Edelstahl-Auspuff den Abgasgegendruck weiter senken und den Sound Ihres Fahrzeugs wahrlich einzigartig machen.<\/p>\n<h3>Investition in Fahrspa\u00df und Fahrzeugwert<\/h3>\n<p>Ein Edelstahl-Auspuff ist nicht nur ein optisches Upgrade \u2013 er verleiht Ihrem Fahrzeug mehr Leistung, einen erh\u00f6hten Fahrspa\u00df und einen kraftvollen Sound. F\u00fcr Autoliebhaber und Tuning-Enthusiasten also ein absolutes Muss. Ein Edelstahl-Auspuff bleibt \u00fcber Jahre hinweg leistungsf\u00e4hig und optisch ansprechend. Zudem bietet er eine verbesserte Abgasf\u00fchrung, was sich positiv auf die Motorleistung auswirkt. Und Ihr Auto erh\u00e4lt somit einen individuellen Look, der auff\u00e4llt.<\/p>\n<p><strong>Jetzt im <\/strong><a href=\"https:\/\/www.aze-tuning.de\/Sportauspuff\/Sportauspuffanlagen\/\"><strong>Onlineshop<\/strong><\/a><strong> von AZE-Tuning entdecken:<\/strong> Hier finden Sie eine breite Auswahl an Edelstahl-Auspuffsystemen f\u00fcr zahlreiche Fahrzeugmodelle. Die intuitive Suchmaske erleichtert die Auswahl, sodass jeder schnell und unkompliziert das passende Modell f\u00fcr sein Fahrzeug findet. W\u00e4hlen Sie die gew\u00fcnschte Auspuffanlage aus, legen Sie sie in den Warenkorb und gehen Sie zur Kasse. Bei uns stehen zahlreiche Bezahlmittel zur Verf\u00fcgung, um Ihnen das Einkaufserlebnis so angenehm wie m\u00f6glich zu gestalten. Sobald Sie Ihre Bestellung abgeschickt haben, senden wir die Ware so schnell wie m\u00f6glich los. In nur wenigen Tagen erhalten Sie Ihren Auspuff aus Edelstahl.<\/p>\n<p>Bei AZE-Tuning steht Qualit\u00e4t an oberster Stelle: Alle Auspuffanlagen sind hochwertig verarbeitet und erf\u00fcllen h\u00f6chste Anspr\u00fcche an Performance und Haltbarkeit \u2013 sie sind in jedem Fall eine Investition, die sich lohnt!<\/p>\n","protected":false},"excerpt":{"rendered":"<p>Ein Auto ist viel mehr als nur blo\u00dfes Mittel zur Fortbewegung: Es bringt den eigenen Lebensstil und die Pers\u00f6nlichkeit zum Ausdruck. F\u00fcr echte Autoenthusiasten endet das Tuning nicht beim Fahrwerk oder den Felgen \u2013 auch der Auspuff steuert eine Menge &hellip; <a href=\"https:\/\/www.aze-tuning.de\/tuning-shop\/auspuff-edelstahl\/\">Weiterlesen <span class=\"meta-nav\">&rarr;<\/span><\/a><\/p>\n","protected":false},"author":3,"featured_media":0,"parent":0,"menu_order":0,"comment_status":"closed","ping_status":"closed","template":"","meta":{"_monsterinsights_skip_tracking":false,"_monsterinsights_sitenote_active":false,"_monsterinsights_sitenote_note":"","_monsterinsights_sitenote_category":0,"jetpack_post_was_ever_published":false,"footnotes":""},"class_list":["post-918","page","type-page","status-publish","hentry"],"aioseo_notices":[],"jetpack_shortlink":"https:\/\/wp.me\/P4sq84-eO","jetpack_sharing_enabled":true,"_links":{"self":[{"href":"https:\/\/www.aze-tuning.de\/tuning-shop\/wp-json\/wp\/v2\/pages\/918","targetHints":{"allow":["GET"]}}],"collection":[{"href":"https:\/\/www.aze-tuning.de\/tuning-shop\/wp-json\/wp\/v2\/pages"}],"about":[{"href":"https:\/\/www.aze-tuning.de\/tuning-shop\/wp-json\/wp\/v2\/types\/page"}],"author":[{"embeddable":true,"href":"https:\/\/www.aze-tuning.de\/tuning-shop\/wp-json\/wp\/v2\/users\/3"}],"replies":[{"embeddable":true,"href":"https:\/\/www.aze-tuning.de\/tuning-shop\/wp-json\/wp\/v2\/comments?post=918"}],"version-history":[{"count":12,"href":"https:\/\/www.aze-tuning.de\/tuning-shop\/wp-json\/wp\/v2\/pages\/918\/revisions"}],"predecessor-version":[{"id":1474,"href":"https:\/\/www.aze-tuning.de\/tuning-shop\/wp-json\/wp\/v2\/pages\/918\/revisions\/1474"}],"wp:attachment":[{"href":"https:\/\/www.aze-tuning.de\/tuning-shop\/wp-json\/wp\/v2\/media?parent=918"}],"curies":[{"name":"wp","href":"https:\/\/api.w.org\/{rel}","templated":true}]}}