{"id":98,"date":"2012-01-10T13:54:28","date_gmt":"2012-01-10T13:54:28","guid":{"rendered":"http:\/\/www.aze-tuning.de\/tuning-shop\/?page_id=98"},"modified":"2021-02-18T15:45:16","modified_gmt":"2021-02-18T15:45:16","slug":"eibach-stabilisatoren","status":"publish","type":"page","link":"https:\/\/www.aze-tuning.de\/tuning-shop\/eibach-stabilisatoren\/","title":{"rendered":"Eibach Stabilisatoren"},"content":{"rendered":"\n<div class=\"all_products_header\"><a href=\"..\/..\/Fahrwerkstechnik\/Stabilisatoren\/?manufacturer=0dc48d67aac04b168c9ebb4b573d07e1&#038;order=name-asc&#038;p=1\">Stabilisatoren von Eibach <u>durchsuchen<\/u> \u2794 <\/a><\/div>\n\n\n\n<h2>Eibach Stabilisatoren<\/h2>\n<p>Das <strong>Eibach Anti-Roll-Kit<\/strong> ist weitaus mehr als nur ein <strong>Stabilisator<\/strong>.<br \/>Um nach der Verwendung von hochwertigen Eibach Fahrwerken die Performance noch zus\u00e4tzlich zu verbessern, ben\u00f6tigt man neben Felgen und passenden Niederquerschnittreifen noch speziell auf das Fahrzeug angepasste <a href=\"https:\/\/www.aze-tuning.de\/Fahrwerkstechnik\/Stabilisatoren\/?manufacturer=0dc48d67aac04b168c9ebb4b573d07e1&#038;order=name-asc&#038;p=1\">Eibach Stabilisatoren<\/a>.<br \/>Die <strong>Eibach Stabilisatoren<\/strong> werden \u00fcber die Fachh\u00e4ndler unter dem Namen Anti-Roll-Kit vertrieben. Diese k\u00f6nnen f\u00fcr die g\u00e4ngigsten Fahrzeuge geordert werden und steigern die Performance enorm.<br \/>H\u00e4ufig wird untersch\u00e4tzt, dass die serienm\u00e4\u00dfigen <em>Stabilisatoren<\/em> mit dem ge\u00e4nderten Fahrverhalten nach der Umr\u00fcstung auf ein Sportfahrwerk \u00fcberfordert sind, da der Stabilisator nicht f\u00fcr derartige Kurvengeschwindigkeiten und Lastwechsel ausgelegt ist.<br \/>Um diesem Problem entgegen zu wirken, entwickelte die Firma <strong>Eibach<\/strong> Spezial Stabilisatoren und brachte diese Performance Stabilisatoren umgehend auf den Markt.<br \/>Der Eibach Stabilisator reduziert die Seitenneigung des Fahrzeuges bei schnellen Kurvenfahrten und h\u00e4lt auch sonst bei jedem Richtungswechsel ihr Fahrzeug in der Spur. Zus\u00e4tzlich verringern die Eibach Stabilisatoren die Lastunterschiede zwischen den R\u00e4dern, was zus\u00e4tzlich die Sportlichkeit und Stra\u00dfenlage unterstreicht.<br \/>Des Weiteren wirkt sich ein <em>Eibach Stabilisator<\/em> positiv auf das Unter- und \u00dcbersteuern ihres Fahrzeuges aus, da Serien Stabilisatoren dort oft versagen.<\/p>\n<h2>Eibach Anti-Roll-Kit<\/h2>\n<p>Das <strong>Anti-Roll-Kit<\/strong> wird aus kaltgeformtem Heavy Duty Flugzeugstahl produziert, der eine Steifheit besitzt, die andere Materialien nicht erreichen. Der <em>Eibach Stabilisator<\/em> ist dank der hochfesten Pulverbeschichtung auch gegen Korrosion gesch\u00fctzt und h\u00e4lt zudem leichtem Steinschlag stand.<br \/>Wer seine Stra\u00dfenperformance weiter verbessern will, erreicht dies mit einem Eibach Stabilisator (Anti-Roll-Kit).<br \/>Das verbesserte Handling und die erh\u00f6hte Bodenhaftung kann somit ganz klar auf die Eibach Stabilisatoren, also dem <em>Anti-Roll-Kit,<\/em> zur\u00fcckgef\u00fchrt werden.<\/p>\n\n\n\n<div class=\"col_right\"><\/div>\n\n\n\n\n\n<div class=\"col_footer\">&nbsp;<\/div>\n","protected":false},"excerpt":{"rendered":"<p>Stabilisatoren von Eibach durchsuchen \u2794 Eibach Stabilisatoren Das Eibach Anti-Roll-Kit ist weitaus mehr als nur ein Stabilisator.Um nach der Verwendung von hochwertigen Eibach Fahrwerken die Performance noch zus\u00e4tzlich zu verbessern, ben\u00f6tigt man neben Felgen und passenden Niederquerschnittreifen noch speziell auf &hellip; <a href=\"https:\/\/www.aze-tuning.de\/tuning-shop\/eibach-stabilisatoren\/\">Weiterlesen <span class=\"meta-nav\">&rarr;<\/span><\/a><\/p>\n","protected":false},"author":3,"featured_media":0,"parent":0,"menu_order":0,"comment_status":"closed","ping_status":"closed","template":"","meta":{"_monsterinsights_skip_tracking":false,"_monsterinsights_sitenote_active":false,"_monsterinsights_sitenote_note":"","_monsterinsights_sitenote_category":0,"jetpack_post_was_ever_published":false,"footnotes":""},"class_list":["post-98","page","type-page","status-publish","hentry"],"aioseo_notices":[],"jetpack_shortlink":"https:\/\/wp.me\/P4sq84-1A","jetpack_sharing_enabled":true,"_links":{"self":[{"href":"https:\/\/www.aze-tuning.de\/tuning-shop\/wp-json\/wp\/v2\/pages\/98","targetHints":{"allow":["GET"]}}],"collection":[{"href":"https:\/\/www.aze-tuning.de\/tuning-shop\/wp-json\/wp\/v2\/pages"}],"about":[{"href":"https:\/\/www.aze-tuning.de\/tuning-shop\/wp-json\/wp\/v2\/types\/page"}],"author":[{"embeddable":true,"href":"https:\/\/www.aze-tuning.de\/tuning-shop\/wp-json\/wp\/v2\/users\/3"}],"replies":[{"embeddable":true,"href":"https:\/\/www.aze-tuning.de\/tuning-shop\/wp-json\/wp\/v2\/comments?post=98"}],"version-history":[{"count":10,"href":"https:\/\/www.aze-tuning.de\/tuning-shop\/wp-json\/wp\/v2\/pages\/98\/revisions"}],"predecessor-version":[{"id":770,"href":"https:\/\/www.aze-tuning.de\/tuning-shop\/wp-json\/wp\/v2\/pages\/98\/revisions\/770"}],"wp:attachment":[{"href":"https:\/\/www.aze-tuning.de\/tuning-shop\/wp-json\/wp\/v2\/media?parent=98"}],"curies":[{"name":"wp","href":"https:\/\/api.w.org\/{rel}","templated":true}]}}